{"id":752,"date":"2017-03-15T11:01:17","date_gmt":"2017-03-15T10:01:17","guid":{"rendered":"http:\/\/aveyronamont.fr\/?page_id=752"},"modified":"2020-11-17T15:29:25","modified_gmt":"2020-11-17T14:29:25","slug":"appels-a-projets-pdrr","status":"publish","type":"page","link":"https:\/\/aveyronamont.fr\/index.php\/appels-a-projets-pdrr\/","title":{"rendered":"Bassin de l&#8217;Olip"},"content":{"rendered":"<p><strong><em>Bassin de l\u2019Olip&nbsp;: un projet de reconqu\u00eate des milieux aquatiques<\/em><\/strong><\/p>\n<p>L\u2019Olip est un affluent en rive gauche de la rivi\u00e8re Aveyron, localis\u00e9 sur la commune de S\u00e9v\u00e9rac d\u2019Aveyron. Le cours d\u2019eau principal est lui-m\u00eame rejoint par plusieurs petits affluents&nbsp;: les ruisseaux de Lavernhe, des Apidous, de Caissac, ou encore de Pr\u00e9vinqui\u00e8res pour ne citer que les plus importants.<\/p>\n<p>Sur ce territoire \u00e0 dominante rurale, les milieux aquatiques sont soumis \u00e0 plusieurs pressions (assainissement, agricoles, hydromorphologiques&#8230;) qui font que la masse d\u2019eau concern\u00e9e n\u2019atteint pas l\u2019objectif de bon \u00e9tat \u00e9cologique fix\u00e9 par la r\u00e9glementation. La qualit\u00e9 de l\u2019Olip s\u2019am\u00e9liore certes timidement depuis le milieu des ann\u00e9es 2010. N\u00e9anmoins, nous sommes encore loin de pouvoir retrouver le cours d\u2019eau poissonneux en truites fario qu\u2019il \u00e9tait autrefois.<\/p>\n<p>C\u2019est dans ce contexte, et \u00e0 l\u2019initiative du syndicat mixte du bassin versant Aveyron Amont (SMBV2A) dans son r\u00f4le d\u2019animateur du contrat de rivi\u00e8re Aveyron Amont 2020-2024, qu\u2019un 1<sup>er<\/sup> comit\u00e9 de pilotage Oilp (COPIL) s\u2019est tenu r\u00e9cemment en visioconf\u00e9rence (contexte sanitaire oblige). A l\u2019image des dynamiques en cours sur les bassins des Ser\u00e8nes et plus r\u00e9cemment de la Briane, l\u2019enjeu de la d\u00e9marche est de pouvoir construire collectivement, avec tous les acteurs concern\u00e9s (\u00e9lus, repr\u00e9sentant agricoles, du monde de la p\u00eache, administrations\u2026) un projet de reconqu\u00eate de l\u2019\u00e9tat du cours d\u2019eau et de ses affluents.<\/p>\n<p>Comme \u00e9voqu\u00e9 lors de la r\u00e9union, ce projet a vocation \u00e0 se d\u00e9rouler dans une dynamique de \u00ab&nbsp;gagnant \u2013 gagnant&nbsp;\u00bb. En effet, les actions qui seront mises en \u0153uvre devront contribuer \u00e0 pr\u00e9server les milieux aquatiques tout en maintenant des activit\u00e9s \u00e9conomiques compatibles. Le projet s\u2019inscrit bien dans les r\u00e9glementations actuelles sans en cr\u00e9er de nouvelles. A titre d\u2019exemple, il a \u00e9t\u00e9 \u00e9voqu\u00e9 la possibilit\u00e9 d\u2019accompagner les exploitants agricoles sur les probl\u00e9matiques d\u2019\u00e9rosion des sols avec tout un panel d\u2019actions&nbsp;: diagnostics \u00e9rosion-bocage, appuis \u00e0 l\u2019implantation de haies, organisation de formations \u00e0 l\u2019agro-\u00e9cologie, aides financi\u00e8res \u00e0 l\u2019investissement de mat\u00e9riel alternatif au travail du sol (semoirs directs, herses \u00e9trilles&#8230;), etc&#8230;<\/p>\n<p>Comme sur le bassin de la Briane, le projet ne fait \u00e0 ce jour que d\u00e9buter, ce qui n\u00e9cessite en premier lieu d\u2019am\u00e9liorer les connaissances sur le fonctionnement du bassin versant, des activit\u00e9s pr\u00e9sentes, des probl\u00e9matiques recens\u00e9es et des motivations des acteurs concern\u00e9s. En ce sens, une \u00e9tude typologique agricole est en cours de finalisation tandis que des diagnostics agro-environnementaux seront propos\u00e9s dans les prochaines semaines \u00e0 plusieurs exploitants agricoles dont les syst\u00e8mes sont repr\u00e9sentatifs du territoire. Ces \u00e9tudes sont men\u00e9es par la chambre d\u2019agriculture de l\u2019Aveyron et l\u2019Adasea d\u2019Oc, avec des financements des collectivit\u00e9s et de l\u2019Agence de l\u2019Eau Adour Garonne.<\/p>\n<p>Pour tout renseignement compl\u00e9mentaire sur ce projet, n\u2019h\u00e9sitez pas \u00e0 contacter M. Vincent Lavergne, animateur espace rural au SMBV2A&nbsp;: 06.88.30.74.69 \u2013 <a href=\"mailto:vincent.lavergne@aveyronamont.fr\">vincent.lavergne@aveyronamont.fr<\/a><\/p>\n<p>Le <a href=\"http:\/\/aveyronamont.fr\/wp-content\/uploads\/2020\/11\/CR_COPIL_Olip_06.11.2020_vd.pdf\" target=\"_blank\" rel=\"noopener noreferrer\">compte rendu de la r\u00e9union<\/a><\/p>\n<p>&nbsp;<\/p>\n<p>&nbsp;<\/p>\n","protected":false},"excerpt":{"rendered":"<p>Bassin de l\u2019Olip&nbsp;: un projet de reconqu\u00eate des milieux aquatiques L\u2019Olip est un affluent en rive gauche de la rivi\u00e8re Aveyron, localis\u00e9 sur la commune de S\u00e9v\u00e9rac d\u2019Aveyron. Le cours d\u2019eau principal est lui-m\u00eame rejoint par plusieurs petits affluents&nbsp;: les ruisseaux de Lavernhe, des Apidous, de Caissac, ou encore de Pr\u00e9vinqui\u00e8res pour ne citer que [&hellip;]<\/p>\n","protected":false},"author":1,"featured_media":0,"parent":0,"menu_order":0,"comment_status":"closed","ping_status":"closed","template":"","meta":{"ngg_post_thumbnail":0,"footnotes":""},"class_list":["post-752","page","type-page","status-publish","hentry"],"yoast_head":"<!-- This site is optimized with the Yoast SEO plugin v27.4 - https:\/\/yoast.com\/product\/yoast-seo-wordpress\/ -->\n<title>Bassin de l&#039;Olip - SMBV2A<\/title>\n<meta name=\"robots\" content=\"index, follow, max-snippet:-1, max-image-preview:large, max-video-preview:-1\" \/>\n<link rel=\"canonical\" href=\"https:\/\/aveyronamont.fr\/index.php\/appels-a-projets-pdrr\/\" class=\"yoast-seo-meta-tag\" \/>\n<meta property=\"og:locale\" content=\"en_US\" class=\"yoast-seo-meta-tag\" \/>\n<meta property=\"og:type\" content=\"article\" class=\"yoast-seo-meta-tag\" \/>\n<meta property=\"og:title\" content=\"Bassin de l&#039;Olip - SMBV2A\" class=\"yoast-seo-meta-tag\" \/>\n<meta property=\"og:description\" content=\"Bassin de l\u2019Olip&nbsp;: un projet de reconqu\u00eate des milieux aquatiques L\u2019Olip est un affluent en rive gauche de la rivi\u00e8re Aveyron, localis\u00e9 sur la commune de S\u00e9v\u00e9rac d\u2019Aveyron. Le cours d\u2019eau principal est lui-m\u00eame rejoint par plusieurs petits affluents&nbsp;: les ruisseaux de Lavernhe, des Apidous, de Caissac, ou encore de Pr\u00e9vinqui\u00e8res pour ne citer que [&hellip;]\" class=\"yoast-seo-meta-tag\" \/>\n<meta property=\"og:url\" content=\"https:\/\/aveyronamont.fr\/index.php\/appels-a-projets-pdrr\/\" class=\"yoast-seo-meta-tag\" \/>\n<meta property=\"og:site_name\" content=\"SMBV2A\" class=\"yoast-seo-meta-tag\" \/>\n<meta property=\"article:modified_time\" content=\"2020-11-17T14:29:25+00:00\" class=\"yoast-seo-meta-tag\" \/>\n<meta name=\"twitter:card\" content=\"summary_large_image\" class=\"yoast-seo-meta-tag\" \/>\n<meta name=\"twitter:label1\" content=\"Est. reading time\" class=\"yoast-seo-meta-tag\" \/>\n\t<meta name=\"twitter:data1\" content=\"3 minutes\" class=\"yoast-seo-meta-tag\" \/>\n<script type=\"application\/ld+json\" class=\"yoast-schema-graph\">{\"@context\":\"https:\\\/\\\/schema.org\",\"@graph\":[{\"@type\":\"WebPage\",\"@id\":\"https:\\\/\\\/aveyronamont.fr\\\/index.php\\\/appels-a-projets-pdrr\\\/\",\"url\":\"https:\\\/\\\/aveyronamont.fr\\\/index.php\\\/appels-a-projets-pdrr\\\/\",\"name\":\"Bassin de l'Olip - SMBV2A\",\"isPartOf\":{\"@id\":\"https:\\\/\\\/aveyronamont.fr\\\/#website\"},\"datePublished\":\"2017-03-15T10:01:17+00:00\",\"dateModified\":\"2020-11-17T14:29:25+00:00\",\"breadcrumb\":{\"@id\":\"https:\\\/\\\/aveyronamont.fr\\\/index.php\\\/appels-a-projets-pdrr\\\/#breadcrumb\"},\"inLanguage\":\"en-US\",\"potentialAction\":[{\"@type\":\"ReadAction\",\"target\":[\"https:\\\/\\\/aveyronamont.fr\\\/index.php\\\/appels-a-projets-pdrr\\\/\"]}]},{\"@type\":\"BreadcrumbList\",\"@id\":\"https:\\\/\\\/aveyronamont.fr\\\/index.php\\\/appels-a-projets-pdrr\\\/#breadcrumb\",\"itemListElement\":[{\"@type\":\"ListItem\",\"position\":1,\"name\":\"Accueil\",\"item\":\"https:\\\/\\\/aveyronamont.fr\\\/\"},{\"@type\":\"ListItem\",\"position\":2,\"name\":\"Bassin de l&#8217;Olip\"}]},{\"@type\":\"WebSite\",\"@id\":\"https:\\\/\\\/aveyronamont.fr\\\/#website\",\"url\":\"https:\\\/\\\/aveyronamont.fr\\\/\",\"name\":\"SMBV2A\",\"description\":\"BASSIN VERSANT AVEYRON AMONT\",\"potentialAction\":[{\"@type\":\"SearchAction\",\"target\":{\"@type\":\"EntryPoint\",\"urlTemplate\":\"https:\\\/\\\/aveyronamont.fr\\\/?s={search_term_string}\"},\"query-input\":{\"@type\":\"PropertyValueSpecification\",\"valueRequired\":true,\"valueName\":\"search_term_string\"}}],\"inLanguage\":\"en-US\"}]}<\/script>\n<!-- \/ Yoast SEO plugin. -->","yoast_head_json":{"title":"Bassin de l'Olip - SMBV2A","robots":{"index":"index","follow":"follow","max-snippet":"max-snippet:-1","max-image-preview":"max-image-preview:large","max-video-preview":"max-video-preview:-1"},"canonical":"https:\/\/aveyronamont.fr\/index.php\/appels-a-projets-pdrr\/","og_locale":"en_US","og_type":"article","og_title":"Bassin de l'Olip - SMBV2A","og_description":"Bassin de l\u2019Olip&nbsp;: un projet de reconqu\u00eate des milieux aquatiques L\u2019Olip est un affluent en rive gauche de la rivi\u00e8re Aveyron, localis\u00e9 sur la commune de S\u00e9v\u00e9rac d\u2019Aveyron. Le cours d\u2019eau principal est lui-m\u00eame rejoint par plusieurs petits affluents&nbsp;: les ruisseaux de Lavernhe, des Apidous, de Caissac, ou encore de Pr\u00e9vinqui\u00e8res pour ne citer que [&hellip;]","og_url":"https:\/\/aveyronamont.fr\/index.php\/appels-a-projets-pdrr\/","og_site_name":"SMBV2A","article_modified_time":"2020-11-17T14:29:25+00:00","twitter_card":"summary_large_image","twitter_misc":{"Est. reading time":"3 minutes"},"schema":{"@context":"https:\/\/schema.org","@graph":[{"@type":"WebPage","@id":"https:\/\/aveyronamont.fr\/index.php\/appels-a-projets-pdrr\/","url":"https:\/\/aveyronamont.fr\/index.php\/appels-a-projets-pdrr\/","name":"Bassin de l'Olip - SMBV2A","isPartOf":{"@id":"https:\/\/aveyronamont.fr\/#website"},"datePublished":"2017-03-15T10:01:17+00:00","dateModified":"2020-11-17T14:29:25+00:00","breadcrumb":{"@id":"https:\/\/aveyronamont.fr\/index.php\/appels-a-projets-pdrr\/#breadcrumb"},"inLanguage":"en-US","potentialAction":[{"@type":"ReadAction","target":["https:\/\/aveyronamont.fr\/index.php\/appels-a-projets-pdrr\/"]}]},{"@type":"BreadcrumbList","@id":"https:\/\/aveyronamont.fr\/index.php\/appels-a-projets-pdrr\/#breadcrumb","itemListElement":[{"@type":"ListItem","position":1,"name":"Accueil","item":"https:\/\/aveyronamont.fr\/"},{"@type":"ListItem","position":2,"name":"Bassin de l&#8217;Olip"}]},{"@type":"WebSite","@id":"https:\/\/aveyronamont.fr\/#website","url":"https:\/\/aveyronamont.fr\/","name":"SMBV2A","description":"BASSIN VERSANT AVEYRON AMONT","potentialAction":[{"@type":"SearchAction","target":{"@type":"EntryPoint","urlTemplate":"https:\/\/aveyronamont.fr\/?s={search_term_string}"},"query-input":{"@type":"PropertyValueSpecification","valueRequired":true,"valueName":"search_term_string"}}],"inLanguage":"en-US"}]}},"_links":{"self":[{"href":"https:\/\/aveyronamont.fr\/index.php\/wp-json\/wp\/v2\/pages\/752","targetHints":{"allow":["GET"]}}],"collection":[{"href":"https:\/\/aveyronamont.fr\/index.php\/wp-json\/wp\/v2\/pages"}],"about":[{"href":"https:\/\/aveyronamont.fr\/index.php\/wp-json\/wp\/v2\/types\/page"}],"author":[{"embeddable":true,"href":"https:\/\/aveyronamont.fr\/index.php\/wp-json\/wp\/v2\/users\/1"}],"replies":[{"embeddable":true,"href":"https:\/\/aveyronamont.fr\/index.php\/wp-json\/wp\/v2\/comments?post=752"}],"version-history":[{"count":8,"href":"https:\/\/aveyronamont.fr\/index.php\/wp-json\/wp\/v2\/pages\/752\/revisions"}],"predecessor-version":[{"id":2416,"href":"https:\/\/aveyronamont.fr\/index.php\/wp-json\/wp\/v2\/pages\/752\/revisions\/2416"}],"wp:attachment":[{"href":"https:\/\/aveyronamont.fr\/index.php\/wp-json\/wp\/v2\/media?parent=752"}],"curies":[{"name":"wp","href":"https:\/\/api.w.org\/{rel}","templated":true}]}}