{"id":668,"date":"2017-01-04T13:43:56","date_gmt":"2017-01-04T12:43:56","guid":{"rendered":"http:\/\/aveyronamont.fr\/?page_id=668"},"modified":"2025-08-13T09:28:45","modified_gmt":"2025-08-13T07:28:45","slug":"vos-referents-techniques","status":"publish","type":"page","link":"https:\/\/aveyronamont.fr\/index.php\/vos-referents-techniques\/","title":{"rendered":"L&#8217;\u00e9quipe du SMBV2A"},"content":{"rendered":"\n<figure class=\"wp-block-image size-full\"><img loading=\"lazy\" decoding=\"async\" width=\"985\" height=\"684\" src=\"https:\/\/aveyronamont.fr\/wp-content\/uploads\/2025\/08\/ORGANIGRAMME-2024.jpg\" alt=\"\" class=\"wp-image-3094\" srcset=\"https:\/\/aveyronamont.fr\/wp-content\/uploads\/2025\/08\/ORGANIGRAMME-2024.jpg 985w, https:\/\/aveyronamont.fr\/wp-content\/uploads\/2025\/08\/ORGANIGRAMME-2024-300x208.jpg 300w, https:\/\/aveyronamont.fr\/wp-content\/uploads\/2025\/08\/ORGANIGRAMME-2024-768x533.jpg 768w\" sizes=\"auto, (max-width: 985px) 100vw, 985px\" \/><\/figure>\n\n\n\n<p><strong>Pour nous contacter:<\/strong> contact@aveyronamont.fr \/ 05 65 63 58 21<\/p>\n\n\n\n<p><strong>ou, pour des informations plus pr\u00e9cises:<\/strong><\/p>\n\n\n\n<p>Contrat de rivi\u00e8re: marion.sudres@aveyronamont.fr \/ 06 81 31 45 90<\/p>\n\n\n\n<p>Charg\u00e9e de mission appui au contrat de rivi\u00e8re : lola.douzou@aveyronamont.fr \/ 06 84 61 73 04<\/p>\n\n\n\n<p>Charg\u00e9e de mission inondations: claire.blondel@aveyronamont.fr \/ 06 88 30 74 69<\/p>\n\n\n\n<p>Technicien rivi\u00e8re:&nbsp; paulin.senelacombe@aveyronamont.fr \/ 07 85 45 81 94<\/p>\n\n\n\n<p>Technicien rivi\u00e8re m\u00e9dian (Rodez Agglom\u00e9ration): vincent.miquel@rodezagglo.fr \/&nbsp; 06 88 94 60 23<\/p>\n\n\n\n<p>Technicien rivi\u00e8re Tarn-et-Garonne Joachim Mosser : environnement@cc-qrga.fr \/ 06 22 74 14 13<\/p>\n\n\n\n<p>Charg\u00e9e de mission Espace Rural: chloe.fournel@aveyronamont.fr \/ 06 07 63 07 40<\/p>\n\n\n\n<p>Agent administratif Pauline Gombert : secretariat@aveyronamont.fr \/ 06 76 30 85 70<\/p>\n","protected":false},"excerpt":{"rendered":"<p>Pour nous contacter: contact@aveyronamont.fr \/ 05 65 63 58 21 ou, pour des informations plus pr\u00e9cises: Contrat de rivi\u00e8re: marion.sudres@aveyronamont.fr \/ 06 81 31 45 90 Charg\u00e9e de mission appui au contrat de rivi\u00e8re : lola.douzou@aveyronamont.fr \/ 06 84 61 73 04 Charg\u00e9e de mission inondations: claire.blondel@aveyronamont.fr \/ 06 88 30 74 69 Technicien rivi\u00e8re:&nbsp; [&hellip;]<\/p>\n","protected":false},"author":1,"featured_media":0,"parent":0,"menu_order":0,"comment_status":"closed","ping_status":"closed","template":"","meta":{"ngg_post_thumbnail":0,"footnotes":""},"class_list":["post-668","page","type-page","status-publish","hentry"],"yoast_head":"<!-- This site is optimized with the Yoast SEO plugin v27.4 - https:\/\/yoast.com\/product\/yoast-seo-wordpress\/ -->\n<title>L&#039;\u00e9quipe du SMBV2A - SMBV2A<\/title>\n<meta name=\"robots\" content=\"index, follow, max-snippet:-1, max-image-preview:large, max-video-preview:-1\" \/>\n<link rel=\"canonical\" href=\"https:\/\/aveyronamont.fr\/index.php\/vos-referents-techniques\/\" class=\"yoast-seo-meta-tag\" \/>\n<meta property=\"og:locale\" content=\"en_US\" class=\"yoast-seo-meta-tag\" \/>\n<meta property=\"og:type\" content=\"article\" class=\"yoast-seo-meta-tag\" \/>\n<meta property=\"og:title\" content=\"L&#039;\u00e9quipe du SMBV2A - SMBV2A\" class=\"yoast-seo-meta-tag\" \/>\n<meta property=\"og:description\" content=\"Pour nous contacter: contact@aveyronamont.fr \/ 05 65 63 58 21 ou, pour des informations plus pr\u00e9cises: Contrat de rivi\u00e8re: marion.sudres@aveyronamont.fr \/ 06 81 31 45 90 Charg\u00e9e de mission appui au contrat de rivi\u00e8re : lola.douzou@aveyronamont.fr \/ 06 84 61 73 04 Charg\u00e9e de mission inondations: claire.blondel@aveyronamont.fr \/ 06 88 30 74 69 Technicien rivi\u00e8re:&nbsp; [&hellip;]\" class=\"yoast-seo-meta-tag\" \/>\n<meta property=\"og:url\" content=\"https:\/\/aveyronamont.fr\/index.php\/vos-referents-techniques\/\" class=\"yoast-seo-meta-tag\" \/>\n<meta property=\"og:site_name\" content=\"SMBV2A\" class=\"yoast-seo-meta-tag\" \/>\n<meta property=\"article:modified_time\" content=\"2025-08-13T07:28:45+00:00\" class=\"yoast-seo-meta-tag\" \/>\n<meta property=\"og:image\" content=\"https:\/\/aveyronamont.fr\/wp-content\/uploads\/2025\/08\/ORGANIGRAMME-2024.jpg\" class=\"yoast-seo-meta-tag\" \/>\n<meta name=\"twitter:card\" content=\"summary_large_image\" class=\"yoast-seo-meta-tag\" \/>\n<meta name=\"twitter:label1\" content=\"Est. reading time\" class=\"yoast-seo-meta-tag\" \/>\n\t<meta name=\"twitter:data1\" content=\"1 minute\" class=\"yoast-seo-meta-tag\" \/>\n<script type=\"application\/ld+json\" class=\"yoast-schema-graph\">{\"@context\":\"https:\\\/\\\/schema.org\",\"@graph\":[{\"@type\":\"WebPage\",\"@id\":\"https:\\\/\\\/aveyronamont.fr\\\/index.php\\\/vos-referents-techniques\\\/\",\"url\":\"https:\\\/\\\/aveyronamont.fr\\\/index.php\\\/vos-referents-techniques\\\/\",\"name\":\"L'\u00e9quipe du SMBV2A - SMBV2A\",\"isPartOf\":{\"@id\":\"https:\\\/\\\/aveyronamont.fr\\\/#website\"},\"primaryImageOfPage\":{\"@id\":\"https:\\\/\\\/aveyronamont.fr\\\/index.php\\\/vos-referents-techniques\\\/#primaryimage\"},\"image\":{\"@id\":\"https:\\\/\\\/aveyronamont.fr\\\/index.php\\\/vos-referents-techniques\\\/#primaryimage\"},\"thumbnailUrl\":\"https:\\\/\\\/aveyronamont.fr\\\/wp-content\\\/uploads\\\/2025\\\/08\\\/ORGANIGRAMME-2024.jpg\",\"datePublished\":\"2017-01-04T12:43:56+00:00\",\"dateModified\":\"2025-08-13T07:28:45+00:00\",\"breadcrumb\":{\"@id\":\"https:\\\/\\\/aveyronamont.fr\\\/index.php\\\/vos-referents-techniques\\\/#breadcrumb\"},\"inLanguage\":\"en-US\",\"potentialAction\":[{\"@type\":\"ReadAction\",\"target\":[\"https:\\\/\\\/aveyronamont.fr\\\/index.php\\\/vos-referents-techniques\\\/\"]}]},{\"@type\":\"ImageObject\",\"inLanguage\":\"en-US\",\"@id\":\"https:\\\/\\\/aveyronamont.fr\\\/index.php\\\/vos-referents-techniques\\\/#primaryimage\",\"url\":\"https:\\\/\\\/aveyronamont.fr\\\/wp-content\\\/uploads\\\/2025\\\/08\\\/ORGANIGRAMME-2024.jpg\",\"contentUrl\":\"https:\\\/\\\/aveyronamont.fr\\\/wp-content\\\/uploads\\\/2025\\\/08\\\/ORGANIGRAMME-2024.jpg\",\"width\":985,\"height\":684},{\"@type\":\"BreadcrumbList\",\"@id\":\"https:\\\/\\\/aveyronamont.fr\\\/index.php\\\/vos-referents-techniques\\\/#breadcrumb\",\"itemListElement\":[{\"@type\":\"ListItem\",\"position\":1,\"name\":\"Accueil\",\"item\":\"https:\\\/\\\/aveyronamont.fr\\\/\"},{\"@type\":\"ListItem\",\"position\":2,\"name\":\"L&#8217;\u00e9quipe du SMBV2A\"}]},{\"@type\":\"WebSite\",\"@id\":\"https:\\\/\\\/aveyronamont.fr\\\/#website\",\"url\":\"https:\\\/\\\/aveyronamont.fr\\\/\",\"name\":\"SMBV2A\",\"description\":\"BASSIN VERSANT AVEYRON AMONT\",\"potentialAction\":[{\"@type\":\"SearchAction\",\"target\":{\"@type\":\"EntryPoint\",\"urlTemplate\":\"https:\\\/\\\/aveyronamont.fr\\\/?s={search_term_string}\"},\"query-input\":{\"@type\":\"PropertyValueSpecification\",\"valueRequired\":true,\"valueName\":\"search_term_string\"}}],\"inLanguage\":\"en-US\"}]}<\/script>\n<!-- \/ Yoast SEO plugin. -->","yoast_head_json":{"title":"L'\u00e9quipe du SMBV2A - SMBV2A","robots":{"index":"index","follow":"follow","max-snippet":"max-snippet:-1","max-image-preview":"max-image-preview:large","max-video-preview":"max-video-preview:-1"},"canonical":"https:\/\/aveyronamont.fr\/index.php\/vos-referents-techniques\/","og_locale":"en_US","og_type":"article","og_title":"L'\u00e9quipe du SMBV2A - SMBV2A","og_description":"Pour nous contacter: contact@aveyronamont.fr \/ 05 65 63 58 21 ou, pour des informations plus pr\u00e9cises: Contrat de rivi\u00e8re: marion.sudres@aveyronamont.fr \/ 06 81 31 45 90 Charg\u00e9e de mission appui au contrat de rivi\u00e8re : lola.douzou@aveyronamont.fr \/ 06 84 61 73 04 Charg\u00e9e de mission inondations: claire.blondel@aveyronamont.fr \/ 06 88 30 74 69 Technicien rivi\u00e8re:&nbsp; [&hellip;]","og_url":"https:\/\/aveyronamont.fr\/index.php\/vos-referents-techniques\/","og_site_name":"SMBV2A","article_modified_time":"2025-08-13T07:28:45+00:00","og_image":[{"url":"https:\/\/aveyronamont.fr\/wp-content\/uploads\/2025\/08\/ORGANIGRAMME-2024.jpg","type":"","width":"","height":""}],"twitter_card":"summary_large_image","twitter_misc":{"Est. reading time":"1 minute"},"schema":{"@context":"https:\/\/schema.org","@graph":[{"@type":"WebPage","@id":"https:\/\/aveyronamont.fr\/index.php\/vos-referents-techniques\/","url":"https:\/\/aveyronamont.fr\/index.php\/vos-referents-techniques\/","name":"L'\u00e9quipe du SMBV2A - SMBV2A","isPartOf":{"@id":"https:\/\/aveyronamont.fr\/#website"},"primaryImageOfPage":{"@id":"https:\/\/aveyronamont.fr\/index.php\/vos-referents-techniques\/#primaryimage"},"image":{"@id":"https:\/\/aveyronamont.fr\/index.php\/vos-referents-techniques\/#primaryimage"},"thumbnailUrl":"https:\/\/aveyronamont.fr\/wp-content\/uploads\/2025\/08\/ORGANIGRAMME-2024.jpg","datePublished":"2017-01-04T12:43:56+00:00","dateModified":"2025-08-13T07:28:45+00:00","breadcrumb":{"@id":"https:\/\/aveyronamont.fr\/index.php\/vos-referents-techniques\/#breadcrumb"},"inLanguage":"en-US","potentialAction":[{"@type":"ReadAction","target":["https:\/\/aveyronamont.fr\/index.php\/vos-referents-techniques\/"]}]},{"@type":"ImageObject","inLanguage":"en-US","@id":"https:\/\/aveyronamont.fr\/index.php\/vos-referents-techniques\/#primaryimage","url":"https:\/\/aveyronamont.fr\/wp-content\/uploads\/2025\/08\/ORGANIGRAMME-2024.jpg","contentUrl":"https:\/\/aveyronamont.fr\/wp-content\/uploads\/2025\/08\/ORGANIGRAMME-2024.jpg","width":985,"height":684},{"@type":"BreadcrumbList","@id":"https:\/\/aveyronamont.fr\/index.php\/vos-referents-techniques\/#breadcrumb","itemListElement":[{"@type":"ListItem","position":1,"name":"Accueil","item":"https:\/\/aveyronamont.fr\/"},{"@type":"ListItem","position":2,"name":"L&#8217;\u00e9quipe du SMBV2A"}]},{"@type":"WebSite","@id":"https:\/\/aveyronamont.fr\/#website","url":"https:\/\/aveyronamont.fr\/","name":"SMBV2A","description":"BASSIN VERSANT AVEYRON AMONT","potentialAction":[{"@type":"SearchAction","target":{"@type":"EntryPoint","urlTemplate":"https:\/\/aveyronamont.fr\/?s={search_term_string}"},"query-input":{"@type":"PropertyValueSpecification","valueRequired":true,"valueName":"search_term_string"}}],"inLanguage":"en-US"}]}},"_links":{"self":[{"href":"https:\/\/aveyronamont.fr\/index.php\/wp-json\/wp\/v2\/pages\/668","targetHints":{"allow":["GET"]}}],"collection":[{"href":"https:\/\/aveyronamont.fr\/index.php\/wp-json\/wp\/v2\/pages"}],"about":[{"href":"https:\/\/aveyronamont.fr\/index.php\/wp-json\/wp\/v2\/types\/page"}],"author":[{"embeddable":true,"href":"https:\/\/aveyronamont.fr\/index.php\/wp-json\/wp\/v2\/users\/1"}],"replies":[{"embeddable":true,"href":"https:\/\/aveyronamont.fr\/index.php\/wp-json\/wp\/v2\/comments?post=668"}],"version-history":[{"count":26,"href":"https:\/\/aveyronamont.fr\/index.php\/wp-json\/wp\/v2\/pages\/668\/revisions"}],"predecessor-version":[{"id":3095,"href":"https:\/\/aveyronamont.fr\/index.php\/wp-json\/wp\/v2\/pages\/668\/revisions\/3095"}],"wp:attachment":[{"href":"https:\/\/aveyronamont.fr\/index.php\/wp-json\/wp\/v2\/media?parent=668"}],"curies":[{"name":"wp","href":"https:\/\/api.w.org\/{rel}","templated":true}]}}