{"id":61,"date":"2016-10-05T13:50:24","date_gmt":"2016-10-05T11:50:24","guid":{"rendered":"http:\/\/aveyronamont.fr\/?page_id=61"},"modified":"2019-02-19T10:01:31","modified_gmt":"2019-02-19T09:01:31","slug":"serene","status":"publish","type":"page","link":"https:\/\/aveyronamont.fr\/index.php\/serene\/","title":{"rendered":"Ser\u00e8ne"},"content":{"rendered":"<div class=\"pb-wrap\">\r\n    <div class=\"wcp-loader\"><\/div>\r\n    <div><img decoding=\"async\" class=\"wcp-size-image\" style=\"display:none;\" src=\"http:\/\/aveyronamont.fr\/wp-content\/uploads\/2019\/02\/p1-1.jpg\"><\/div>\r\n    <div class=\"flipbook\" id=\"1852\">\r\n    <div><img decoding=\"async\" src=\"http:\/\/aveyronamont.fr\/wp-content\/uploads\/2019\/02\/p1-1.jpg\"><\/div><div><img decoding=\"async\" src=\"http:\/\/aveyronamont.fr\/wp-content\/uploads\/2019\/02\/p2-1.jpg\"><\/div><div><img decoding=\"async\" src=\"http:\/\/aveyronamont.fr\/wp-content\/uploads\/2019\/02\/p3-1.jpg\"><\/div><div><img decoding=\"async\" src=\"http:\/\/aveyronamont.fr\/wp-content\/uploads\/2019\/02\/p4-1.jpg\"><\/div>    <\/div>\r\n<\/div>\n<p><a href=\"http:\/\/aveyronamont.fr\/wp-content\/uploads\/2016\/10\/CTSn\u00b08.pdf\" target=\"_blank\" rel=\"noopener noreferrer\">Bulletin de liaison N\u00b08<\/a><\/p>\n<div class=\"pb-wrap\">\r\n    <div class=\"wcp-loader\"><\/div>\r\n    <div><img decoding=\"async\" class=\"wcp-size-image\" style=\"display:none;\" src=\"http:\/\/aveyronamont.fr\/wp-content\/uploads\/2019\/02\/p1-2.jpg\"><\/div>\r\n    <div class=\"flipbook\" id=\"1843\">\r\n    <div><img decoding=\"async\" src=\"http:\/\/aveyronamont.fr\/wp-content\/uploads\/2019\/02\/p1-2.jpg\"><\/div><div><img decoding=\"async\" src=\"http:\/\/aveyronamont.fr\/wp-content\/uploads\/2019\/02\/p2-2.jpg\"><\/div><div><img decoding=\"async\" src=\"http:\/\/aveyronamont.fr\/wp-content\/uploads\/2019\/02\/p3-2.jpg\"><\/div><div><img decoding=\"async\" src=\"http:\/\/aveyronamont.fr\/wp-content\/uploads\/2019\/02\/p4-2.jpg\"><\/div>    <\/div>\r\n<\/div>\n<p><a href=\"http:\/\/aveyronamont.fr\/wp-content\/uploads\/2016\/10\/CTSn\u00b07.pdf\" target=\"_blank\" rel=\"noopener noreferrer\">Bulletin de liaison N\u00b07<\/a><\/p>\n<div class=\"pb-wrap\">\r\n    <div class=\"wcp-loader\"><\/div>\r\n    \r\n    <div class=\"flipbook\" id=\"784\">\r\n        <\/div>\r\n<\/div>\n<p><a href=\"http:\/\/aveyronamont.fr\/wp-content\/uploads\/2017\/03\/CTS_n\u00b06_nonHD.pdf\" target=\"_blank\" rel=\"noopener noreferrer\">Bulletin de liaison N\u00b06<\/a><\/p>\n<div class=\"pb-wrap\">\r\n    <div class=\"wcp-loader\"><\/div>\r\n    \r\n    <div class=\"flipbook\" id=\"658\">\r\n        <\/div>\r\n<\/div>\n<p><a href=\"http:\/\/aveyronamont.fr\/wp-content\/uploads\/2016\/10\/BL_CTSn\u00b05_diffus.pdf\" target=\"_blank\" rel=\"noopener noreferrer\">Bulletin de liaison N\u00b05<\/a><\/p>\n<div class=\"pb-wrap\">\r\n    <div class=\"wcp-loader\"><\/div>\r\n    \r\n    <div class=\"flipbook\" id=\"650\">\r\n        <\/div>\r\n<\/div>\n<p><a href=\"http:\/\/aveyronamont.fr\/wp-content\/uploads\/2016\/10\/CTSn\u00b04-vd-Non-HD.pdf\" target=\"_blank\" rel=\"noopener noreferrer\">Bulletin de liaison N\u00b04<\/a><\/p>\n<p>&nbsp;<\/p>\n<div class=\"pb-wrap\">\r\n    <div class=\"wcp-loader\"><\/div>\r\n    \r\n    <div class=\"flipbook\" id=\"633\">\r\n        <\/div>\r\n<\/div>\n<p><a href=\"http:\/\/aveyronamont.fr\/wp-content\/uploads\/2017\/01\/Bulletin-de-liaison-N\u00b03-Serene@.pdf\" target=\"_blank\" rel=\"noopener noreferrer\">Bulletin de liaison N\u00b03<\/a><\/p>\n<p>&nbsp;<\/p>\n<div class=\"pb-wrap\">\r\n    <div class=\"wcp-loader\"><\/div>\r\n    \r\n    <div class=\"flipbook\" id=\"80\">\r\n        <\/div>\r\n<\/div>\n<p>T\u00e9l\u00e9charger la <a href=\"https:\/\/aveyronamont.fr\/?media_dl=88\">Lettre d'information Ser\u00e8ne n\u00b02<\/a><\/p>\n<p>&nbsp;<\/p>\n<div class=\"pb-wrap\">\r\n    <div class=\"wcp-loader\"><\/div>\r\n    \r\n    <div class=\"flipbook\" id=\"64\">\r\n        <\/div>\r\n<\/div>\n<p>T\u00e9l\u00e9charger la <a href=\"https:\/\/aveyronamont.fr\/?media_dl=77\">Lettre d'information Ser\u00e8ne n\u00b01<\/a><\/p>\n<p>&nbsp;<\/p>\n","protected":false},"excerpt":{"rendered":"<p>Bulletin de liaison N\u00b08 Bulletin de liaison N\u00b07 Bulletin de liaison N\u00b06 Bulletin de liaison N\u00b05 Bulletin de liaison N\u00b04 &nbsp; Bulletin de liaison N\u00b03 &nbsp; T\u00e9l\u00e9charger la &nbsp; T\u00e9l\u00e9charger la &nbsp;<\/p>\n","protected":false},"author":1,"featured_media":0,"parent":0,"menu_order":0,"comment_status":"closed","ping_status":"closed","template":"","meta":{"ngg_post_thumbnail":0,"footnotes":""},"class_list":["post-61","page","type-page","status-publish","hentry"],"yoast_head":"<!-- This site is optimized with the Yoast SEO plugin v24.7 - https:\/\/yoast.com\/wordpress\/plugins\/seo\/ -->\n<title>Ser\u00e8ne - SMBV2A<\/title>\n<meta name=\"robots\" content=\"index, follow, max-snippet:-1, max-image-preview:large, max-video-preview:-1\" \/>\n<link rel=\"canonical\" href=\"https:\/\/aveyronamont.fr\/index.php\/serene\/\" class=\"yoast-seo-meta-tag\" \/>\n<meta property=\"og:locale\" content=\"en_US\" class=\"yoast-seo-meta-tag\" \/>\n<meta property=\"og:type\" content=\"article\" class=\"yoast-seo-meta-tag\" \/>\n<meta property=\"og:title\" content=\"Ser\u00e8ne - SMBV2A\" class=\"yoast-seo-meta-tag\" \/>\n<meta property=\"og:description\" content=\"Bulletin de liaison N\u00b08 Bulletin de liaison N\u00b07 Bulletin de liaison N\u00b06 Bulletin de liaison N\u00b05 Bulletin de liaison N\u00b04 &nbsp; Bulletin de liaison N\u00b03 &nbsp; T\u00e9l\u00e9charger la &nbsp; T\u00e9l\u00e9charger la &nbsp;\" class=\"yoast-seo-meta-tag\" \/>\n<meta property=\"og:url\" content=\"https:\/\/aveyronamont.fr\/index.php\/serene\/\" class=\"yoast-seo-meta-tag\" \/>\n<meta property=\"og:site_name\" content=\"SMBV2A\" class=\"yoast-seo-meta-tag\" \/>\n<meta property=\"article:modified_time\" content=\"2019-02-19T09:01:31+00:00\" class=\"yoast-seo-meta-tag\" \/>\n<meta name=\"twitter:card\" content=\"summary_large_image\" class=\"yoast-seo-meta-tag\" \/>\n<script type=\"application\/ld+json\" class=\"yoast-schema-graph\">{\"@context\":\"https:\/\/schema.org\",\"@graph\":[{\"@type\":\"WebPage\",\"@id\":\"https:\/\/aveyronamont.fr\/index.php\/serene\/\",\"url\":\"https:\/\/aveyronamont.fr\/index.php\/serene\/\",\"name\":\"Ser\u00e8ne - SMBV2A\",\"isPartOf\":{\"@id\":\"https:\/\/aveyronamont.fr\/#website\"},\"datePublished\":\"2016-10-05T11:50:24+00:00\",\"dateModified\":\"2019-02-19T09:01:31+00:00\",\"breadcrumb\":{\"@id\":\"https:\/\/aveyronamont.fr\/index.php\/serene\/#breadcrumb\"},\"inLanguage\":\"en-US\",\"potentialAction\":[{\"@type\":\"ReadAction\",\"target\":[\"https:\/\/aveyronamont.fr\/index.php\/serene\/\"]}]},{\"@type\":\"BreadcrumbList\",\"@id\":\"https:\/\/aveyronamont.fr\/index.php\/serene\/#breadcrumb\",\"itemListElement\":[{\"@type\":\"ListItem\",\"position\":1,\"name\":\"Accueil\",\"item\":\"https:\/\/aveyronamont.fr\/\"},{\"@type\":\"ListItem\",\"position\":2,\"name\":\"Ser\u00e8ne\"}]},{\"@type\":\"WebSite\",\"@id\":\"https:\/\/aveyronamont.fr\/#website\",\"url\":\"https:\/\/aveyronamont.fr\/\",\"name\":\"SMBV2A\",\"description\":\"BASSIN VERSANT AVEYRON AMONT\",\"potentialAction\":[{\"@type\":\"SearchAction\",\"target\":{\"@type\":\"EntryPoint\",\"urlTemplate\":\"https:\/\/aveyronamont.fr\/?s={search_term_string}\"},\"query-input\":{\"@type\":\"PropertyValueSpecification\",\"valueRequired\":true,\"valueName\":\"search_term_string\"}}],\"inLanguage\":\"en-US\"}]}<\/script>\n<!-- \/ Yoast SEO plugin. -->","yoast_head_json":{"title":"Ser\u00e8ne - SMBV2A","robots":{"index":"index","follow":"follow","max-snippet":"max-snippet:-1","max-image-preview":"max-image-preview:large","max-video-preview":"max-video-preview:-1"},"canonical":"https:\/\/aveyronamont.fr\/index.php\/serene\/","og_locale":"en_US","og_type":"article","og_title":"Ser\u00e8ne - SMBV2A","og_description":"Bulletin de liaison N\u00b08 Bulletin de liaison N\u00b07 Bulletin de liaison N\u00b06 Bulletin de liaison N\u00b05 Bulletin de liaison N\u00b04 &nbsp; Bulletin de liaison N\u00b03 &nbsp; T\u00e9l\u00e9charger la &nbsp; T\u00e9l\u00e9charger la &nbsp;","og_url":"https:\/\/aveyronamont.fr\/index.php\/serene\/","og_site_name":"SMBV2A","article_modified_time":"2019-02-19T09:01:31+00:00","twitter_card":"summary_large_image","schema":{"@context":"https:\/\/schema.org","@graph":[{"@type":"WebPage","@id":"https:\/\/aveyronamont.fr\/index.php\/serene\/","url":"https:\/\/aveyronamont.fr\/index.php\/serene\/","name":"Ser\u00e8ne - SMBV2A","isPartOf":{"@id":"https:\/\/aveyronamont.fr\/#website"},"datePublished":"2016-10-05T11:50:24+00:00","dateModified":"2019-02-19T09:01:31+00:00","breadcrumb":{"@id":"https:\/\/aveyronamont.fr\/index.php\/serene\/#breadcrumb"},"inLanguage":"en-US","potentialAction":[{"@type":"ReadAction","target":["https:\/\/aveyronamont.fr\/index.php\/serene\/"]}]},{"@type":"BreadcrumbList","@id":"https:\/\/aveyronamont.fr\/index.php\/serene\/#breadcrumb","itemListElement":[{"@type":"ListItem","position":1,"name":"Accueil","item":"https:\/\/aveyronamont.fr\/"},{"@type":"ListItem","position":2,"name":"Ser\u00e8ne"}]},{"@type":"WebSite","@id":"https:\/\/aveyronamont.fr\/#website","url":"https:\/\/aveyronamont.fr\/","name":"SMBV2A","description":"BASSIN VERSANT AVEYRON AMONT","potentialAction":[{"@type":"SearchAction","target":{"@type":"EntryPoint","urlTemplate":"https:\/\/aveyronamont.fr\/?s={search_term_string}"},"query-input":{"@type":"PropertyValueSpecification","valueRequired":true,"valueName":"search_term_string"}}],"inLanguage":"en-US"}]}},"_links":{"self":[{"href":"https:\/\/aveyronamont.fr\/index.php\/wp-json\/wp\/v2\/pages\/61","targetHints":{"allow":["GET"]}}],"collection":[{"href":"https:\/\/aveyronamont.fr\/index.php\/wp-json\/wp\/v2\/pages"}],"about":[{"href":"https:\/\/aveyronamont.fr\/index.php\/wp-json\/wp\/v2\/types\/page"}],"author":[{"embeddable":true,"href":"https:\/\/aveyronamont.fr\/index.php\/wp-json\/wp\/v2\/users\/1"}],"replies":[{"embeddable":true,"href":"https:\/\/aveyronamont.fr\/index.php\/wp-json\/wp\/v2\/comments?post=61"}],"version-history":[{"count":27,"href":"https:\/\/aveyronamont.fr\/index.php\/wp-json\/wp\/v2\/pages\/61\/revisions"}],"predecessor-version":[{"id":1858,"href":"https:\/\/aveyronamont.fr\/index.php\/wp-json\/wp\/v2\/pages\/61\/revisions\/1858"}],"wp:attachment":[{"href":"https:\/\/aveyronamont.fr\/index.php\/wp-json\/wp\/v2\/media?parent=61"}],"curies":[{"name":"wp","href":"https:\/\/api.w.org\/{rel}","templated":true}]}}