{"id":41,"date":"2016-10-05T12:07:41","date_gmt":"2016-10-05T10:07:41","guid":{"rendered":"http:\/\/aveyronamont.fr\/?page_id=41"},"modified":"2025-07-16T15:55:35","modified_gmt":"2025-07-16T13:55:35","slug":"le-syndicat","status":"publish","type":"page","link":"https:\/\/aveyronamont.fr\/","title":{"rendered":"Le Syndicat"},"content":{"rendered":"<h4 style=\"text-align: justify;\">L&#8217;EPAGE Aveyron Amont (anciennement SMBV2A) est une structure gestionnaire des milieux aquatiques et de pr\u00e9vention des inondations sur le bassin versant Aveyron Amont.<\/h4>\n<p>Avec le concours technique et financier de:&nbsp;<\/p>\n<p style=\"text-align: center;\"><img loading=\"lazy\" decoding=\"async\" class=\"wp-image-3085 aligncenter\" src=\"http:\/\/aveyronamont.fr\/wp-content\/uploads\/2025\/07\/logo-Union-Europeenne-2025-1024x237.jpg\" alt=\"\" width=\"647\" height=\"150\" srcset=\"https:\/\/aveyronamont.fr\/wp-content\/uploads\/2025\/07\/logo-Union-Europeenne-2025-1024x237.jpg 1024w, https:\/\/aveyronamont.fr\/wp-content\/uploads\/2025\/07\/logo-Union-Europeenne-2025-300x69.jpg 300w, https:\/\/aveyronamont.fr\/wp-content\/uploads\/2025\/07\/logo-Union-Europeenne-2025-768x178.jpg 768w, https:\/\/aveyronamont.fr\/wp-content\/uploads\/2025\/07\/logo-Union-Europeenne-2025-1536x355.jpg 1536w, https:\/\/aveyronamont.fr\/wp-content\/uploads\/2025\/07\/logo-Union-Europeenne-2025.jpg 2018w\" sizes=\"auto, (max-width: 647px) 100vw, 647px\" \/>L<i>\u2019animation territoriale des site Natura 2000 des \u00e9tangs du S\u00e9gala et vall\u00e9e de l&#8217;Aveyron, port\u00e9e par l&#8217;EPAGE Aveyron Amont, est accompagn\u00e9e par l\u2019union Europ\u00e9enne dans le cadre du FEADER<\/i><\/p>\n<p><img loading=\"lazy\" decoding=\"async\" class=\"aligncenter size-large wp-image-2967\" src=\"http:\/\/aveyronamont.fr\/wp-content\/uploads\/2024\/04\/oc-1810-ComarquageFE-UE-REG_FederVect-1024x286.jpg\" alt=\"\" width=\"750\" height=\"209\" srcset=\"https:\/\/aveyronamont.fr\/wp-content\/uploads\/2024\/04\/oc-1810-ComarquageFE-UE-REG_FederVect-1024x286.jpg 1024w, https:\/\/aveyronamont.fr\/wp-content\/uploads\/2024\/04\/oc-1810-ComarquageFE-UE-REG_FederVect-300x84.jpg 300w, https:\/\/aveyronamont.fr\/wp-content\/uploads\/2024\/04\/oc-1810-ComarquageFE-UE-REG_FederVect-768x214.jpg 768w, https:\/\/aveyronamont.fr\/wp-content\/uploads\/2024\/04\/oc-1810-ComarquageFE-UE-REG_FederVect-1536x428.jpg 1536w, https:\/\/aveyronamont.fr\/wp-content\/uploads\/2024\/04\/oc-1810-ComarquageFE-UE-REG_FederVect-2048x571.jpg 2048w\" sizes=\"auto, (max-width: 750px) 100vw, 750px\" \/><\/p>\n<p style=\"text-align: center;\"><em>La valorisation de la baignade dans la rivi\u00e8re Aveyron, port\u00e9e par l&#8217;EPAGE Aveyron Amont, est accompagn\u00e9e par l\u2019union Europ\u00e9enne dans le cadre du FEDER<\/em><\/p>\n<h4><img loading=\"lazy\" decoding=\"async\" class=\"aligncenter size-large wp-image-2962\" src=\"http:\/\/aveyronamont.fr\/wp-content\/uploads\/2024\/04\/5-1-Bandeau-002-1024x256.jpg\" alt=\"\" width=\"750\" height=\"188\" srcset=\"https:\/\/aveyronamont.fr\/wp-content\/uploads\/2024\/04\/5-1-Bandeau-002-1024x256.jpg 1024w, https:\/\/aveyronamont.fr\/wp-content\/uploads\/2024\/04\/5-1-Bandeau-002-300x75.jpg 300w, https:\/\/aveyronamont.fr\/wp-content\/uploads\/2024\/04\/5-1-Bandeau-002-768x192.jpg 768w, https:\/\/aveyronamont.fr\/wp-content\/uploads\/2024\/04\/5-1-Bandeau-002-1536x384.jpg 1536w, https:\/\/aveyronamont.fr\/wp-content\/uploads\/2024\/04\/5-1-Bandeau-002-2048x511.jpg 2048w\" sizes=\"auto, (max-width: 750px) 100vw, 750px\" \/><\/h4>\n<p style=\"text-align: center;\"><em>La mise en \u0153uvre de cl\u00f4tures et points d&#8217;abreuvements au cours d&#8217;eau, port\u00e9e par l&#8217;EPAGE Aveyron Amont, est accompagn\u00e9e par l\u2019union Europ\u00e9enne dans le cadre du FEADER<\/em><\/p>\n<h4><img loading=\"lazy\" decoding=\"async\" class=\"aligncenter size-full wp-image-2964\" src=\"http:\/\/aveyronamont.fr\/wp-content\/uploads\/2024\/04\/logo-aeag.jpg\" alt=\"\" width=\"328\" height=\"153\" srcset=\"https:\/\/aveyronamont.fr\/wp-content\/uploads\/2024\/04\/logo-aeag.jpg 328w, https:\/\/aveyronamont.fr\/wp-content\/uploads\/2024\/04\/logo-aeag-300x140.jpg 300w\" sizes=\"auto, (max-width: 328px) 100vw, 328px\" \/><\/h4>\n<h4><img loading=\"lazy\" decoding=\"async\" class=\"aligncenter wp-image-2965 size-full\" src=\"http:\/\/aveyronamont.fr\/wp-content\/uploads\/2024\/04\/logocd12-e1714058915241.png\" alt=\"\" width=\"276\" height=\"61\" srcset=\"https:\/\/aveyronamont.fr\/wp-content\/uploads\/2024\/04\/logocd12-e1714058915241.png 276w, https:\/\/aveyronamont.fr\/wp-content\/uploads\/2024\/04\/logocd12-e1714058915241-273x61.png 273w\" sizes=\"auto, (max-width: 276px) 100vw, 276px\" \/><\/h4>\n<h4><img loading=\"lazy\" decoding=\"async\" class=\"aligncenter size-full wp-image-2966\" src=\"http:\/\/aveyronamont.fr\/wp-content\/uploads\/2024\/04\/logo-region.png\" alt=\"\" width=\"315\" height=\"160\" srcset=\"https:\/\/aveyronamont.fr\/wp-content\/uploads\/2024\/04\/logo-region.png 315w, https:\/\/aveyronamont.fr\/wp-content\/uploads\/2024\/04\/logo-region-300x152.png 300w\" sizes=\"auto, (max-width: 315px) 100vw, 315px\" \/><\/h4>\n<h4>&nbsp;<\/h4>\n<p style=\"text-align: justify;\">Cliquez sur les sous-onglets pour en savoir plus&#8230;<\/p>\n<p>&nbsp;<\/p>\n<p><em><span style=\"color: #333333;\">Site r\u00e9alis\u00e9 avec la participation de Justine LAZUECH et Emmanuel GILHODES<\/span><\/em><\/p>\n<p>&nbsp;<\/p>\n","protected":false},"excerpt":{"rendered":"<p>L&#8217;EPAGE Aveyron Amont (anciennement SMBV2A) est une structure gestionnaire des milieux aquatiques et de pr\u00e9vention des inondations sur le bassin versant Aveyron Amont. Avec le concours technique et financier de:&nbsp; L\u2019animation territoriale des site Natura 2000 des \u00e9tangs du S\u00e9gala et vall\u00e9e de l&#8217;Aveyron, port\u00e9e par l&#8217;EPAGE Aveyron Amont, est accompagn\u00e9e par l\u2019union Europ\u00e9enne dans [&hellip;]<\/p>\n","protected":false},"author":1,"featured_media":497,"parent":0,"menu_order":0,"comment_status":"closed","ping_status":"closed","template":"","meta":{"ngg_post_thumbnail":0,"footnotes":""},"class_list":["post-41","page","type-page","status-publish","has-post-thumbnail","hentry"],"yoast_head":"<!-- This site is optimized with the Yoast SEO plugin v27.4 - https:\/\/yoast.com\/product\/yoast-seo-wordpress\/ -->\n<title>Syndicat Mixte du Bassin Versant Aveyron Amont - Rivi\u00e8re Aveyron<\/title>\n<meta name=\"robots\" content=\"index, follow, max-snippet:-1, max-image-preview:large, max-video-preview:-1\" \/>\n<link rel=\"canonical\" href=\"https:\/\/aveyronamont.fr\/\" class=\"yoast-seo-meta-tag\" \/>\n<meta property=\"og:locale\" content=\"en_US\" class=\"yoast-seo-meta-tag\" \/>\n<meta property=\"og:type\" content=\"article\" class=\"yoast-seo-meta-tag\" \/>\n<meta property=\"og:title\" content=\"Syndicat Mixte du Bassin Versant Aveyron Amont - Rivi\u00e8re Aveyron\" class=\"yoast-seo-meta-tag\" \/>\n<meta property=\"og:description\" content=\"L&#8217;EPAGE Aveyron Amont (anciennement SMBV2A) est une structure gestionnaire des milieux aquatiques et de pr\u00e9vention des inondations sur le bassin versant Aveyron Amont. Avec le concours technique et financier de:&nbsp; L\u2019animation territoriale des site Natura 2000 des \u00e9tangs du S\u00e9gala et vall\u00e9e de l&#8217;Aveyron, port\u00e9e par l&#8217;EPAGE Aveyron Amont, est accompagn\u00e9e par l\u2019union Europ\u00e9enne dans [&hellip;]\" class=\"yoast-seo-meta-tag\" \/>\n<meta property=\"og:url\" content=\"https:\/\/aveyronamont.fr\/\" class=\"yoast-seo-meta-tag\" \/>\n<meta property=\"og:site_name\" content=\"SMBV2A\" class=\"yoast-seo-meta-tag\" \/>\n<meta property=\"article:modified_time\" content=\"2025-07-16T13:55:35+00:00\" class=\"yoast-seo-meta-tag\" \/>\n<meta property=\"og:image\" content=\"https:\/\/aveyronamont.fr\/wp-content\/uploads\/2016\/10\/VDR-C.-Fournel-3-1024x683.jpg\" class=\"yoast-seo-meta-tag\" \/>\n\t<meta property=\"og:image:width\" content=\"1024\" class=\"yoast-seo-meta-tag\" \/>\n\t<meta property=\"og:image:height\" content=\"683\" class=\"yoast-seo-meta-tag\" \/>\n\t<meta property=\"og:image:type\" content=\"image\/jpeg\" class=\"yoast-seo-meta-tag\" \/>\n<meta name=\"twitter:card\" content=\"summary_large_image\" class=\"yoast-seo-meta-tag\" \/>\n<meta name=\"twitter:label1\" content=\"Est. reading time\" class=\"yoast-seo-meta-tag\" \/>\n\t<meta name=\"twitter:data1\" content=\"2 minutes\" class=\"yoast-seo-meta-tag\" \/>\n<script type=\"application\/ld+json\" class=\"yoast-schema-graph\">{\"@context\":\"https:\\\/\\\/schema.org\",\"@graph\":[{\"@type\":\"WebPage\",\"@id\":\"https:\\\/\\\/aveyronamont.fr\\\/\",\"url\":\"https:\\\/\\\/aveyronamont.fr\\\/\",\"name\":\"Syndicat Mixte du Bassin Versant Aveyron Amont - Rivi\u00e8re Aveyron\",\"isPartOf\":{\"@id\":\"https:\\\/\\\/aveyronamont.fr\\\/#website\"},\"primaryImageOfPage\":{\"@id\":\"https:\\\/\\\/aveyronamont.fr\\\/#primaryimage\"},\"image\":{\"@id\":\"https:\\\/\\\/aveyronamont.fr\\\/#primaryimage\"},\"thumbnailUrl\":\"https:\\\/\\\/aveyronamont.fr\\\/wp-content\\\/uploads\\\/2016\\\/10\\\/VDR-C.-Fournel-3.jpg\",\"datePublished\":\"2016-10-05T10:07:41+00:00\",\"dateModified\":\"2025-07-16T13:55:35+00:00\",\"breadcrumb\":{\"@id\":\"https:\\\/\\\/aveyronamont.fr\\\/#breadcrumb\"},\"inLanguage\":\"en-US\",\"potentialAction\":[{\"@type\":\"ReadAction\",\"target\":[\"https:\\\/\\\/aveyronamont.fr\\\/\"]}]},{\"@type\":\"ImageObject\",\"inLanguage\":\"en-US\",\"@id\":\"https:\\\/\\\/aveyronamont.fr\\\/#primaryimage\",\"url\":\"https:\\\/\\\/aveyronamont.fr\\\/wp-content\\\/uploads\\\/2016\\\/10\\\/VDR-C.-Fournel-3.jpg\",\"contentUrl\":\"https:\\\/\\\/aveyronamont.fr\\\/wp-content\\\/uploads\\\/2016\\\/10\\\/VDR-C.-Fournel-3.jpg\",\"width\":6000,\"height\":4000},{\"@type\":\"BreadcrumbList\",\"@id\":\"https:\\\/\\\/aveyronamont.fr\\\/#breadcrumb\",\"itemListElement\":[{\"@type\":\"ListItem\",\"position\":1,\"name\":\"Accueil\",\"item\":\"https:\\\/\\\/aveyronamont.fr\\\/\"},{\"@type\":\"ListItem\",\"position\":2,\"name\":\"Le Syndicat\"}]},{\"@type\":\"WebSite\",\"@id\":\"https:\\\/\\\/aveyronamont.fr\\\/#website\",\"url\":\"https:\\\/\\\/aveyronamont.fr\\\/\",\"name\":\"SMBV2A\",\"description\":\"BASSIN VERSANT AVEYRON AMONT\",\"potentialAction\":[{\"@type\":\"SearchAction\",\"target\":{\"@type\":\"EntryPoint\",\"urlTemplate\":\"https:\\\/\\\/aveyronamont.fr\\\/?s={search_term_string}\"},\"query-input\":{\"@type\":\"PropertyValueSpecification\",\"valueRequired\":true,\"valueName\":\"search_term_string\"}}],\"inLanguage\":\"en-US\"}]}<\/script>\n<!-- \/ Yoast SEO plugin. -->","yoast_head_json":{"title":"Syndicat Mixte du Bassin Versant Aveyron Amont - Rivi\u00e8re Aveyron","robots":{"index":"index","follow":"follow","max-snippet":"max-snippet:-1","max-image-preview":"max-image-preview:large","max-video-preview":"max-video-preview:-1"},"canonical":"https:\/\/aveyronamont.fr\/","og_locale":"en_US","og_type":"article","og_title":"Syndicat Mixte du Bassin Versant Aveyron Amont - Rivi\u00e8re Aveyron","og_description":"L&#8217;EPAGE Aveyron Amont (anciennement SMBV2A) est une structure gestionnaire des milieux aquatiques et de pr\u00e9vention des inondations sur le bassin versant Aveyron Amont. Avec le concours technique et financier de:&nbsp; L\u2019animation territoriale des site Natura 2000 des \u00e9tangs du S\u00e9gala et vall\u00e9e de l&#8217;Aveyron, port\u00e9e par l&#8217;EPAGE Aveyron Amont, est accompagn\u00e9e par l\u2019union Europ\u00e9enne dans [&hellip;]","og_url":"https:\/\/aveyronamont.fr\/","og_site_name":"SMBV2A","article_modified_time":"2025-07-16T13:55:35+00:00","og_image":[{"width":1024,"height":683,"url":"https:\/\/aveyronamont.fr\/wp-content\/uploads\/2016\/10\/VDR-C.-Fournel-3-1024x683.jpg","type":"image\/jpeg"}],"twitter_card":"summary_large_image","twitter_misc":{"Est. reading time":"2 minutes"},"schema":{"@context":"https:\/\/schema.org","@graph":[{"@type":"WebPage","@id":"https:\/\/aveyronamont.fr\/","url":"https:\/\/aveyronamont.fr\/","name":"Syndicat Mixte du Bassin Versant Aveyron Amont - Rivi\u00e8re Aveyron","isPartOf":{"@id":"https:\/\/aveyronamont.fr\/#website"},"primaryImageOfPage":{"@id":"https:\/\/aveyronamont.fr\/#primaryimage"},"image":{"@id":"https:\/\/aveyronamont.fr\/#primaryimage"},"thumbnailUrl":"https:\/\/aveyronamont.fr\/wp-content\/uploads\/2016\/10\/VDR-C.-Fournel-3.jpg","datePublished":"2016-10-05T10:07:41+00:00","dateModified":"2025-07-16T13:55:35+00:00","breadcrumb":{"@id":"https:\/\/aveyronamont.fr\/#breadcrumb"},"inLanguage":"en-US","potentialAction":[{"@type":"ReadAction","target":["https:\/\/aveyronamont.fr\/"]}]},{"@type":"ImageObject","inLanguage":"en-US","@id":"https:\/\/aveyronamont.fr\/#primaryimage","url":"https:\/\/aveyronamont.fr\/wp-content\/uploads\/2016\/10\/VDR-C.-Fournel-3.jpg","contentUrl":"https:\/\/aveyronamont.fr\/wp-content\/uploads\/2016\/10\/VDR-C.-Fournel-3.jpg","width":6000,"height":4000},{"@type":"BreadcrumbList","@id":"https:\/\/aveyronamont.fr\/#breadcrumb","itemListElement":[{"@type":"ListItem","position":1,"name":"Accueil","item":"https:\/\/aveyronamont.fr\/"},{"@type":"ListItem","position":2,"name":"Le Syndicat"}]},{"@type":"WebSite","@id":"https:\/\/aveyronamont.fr\/#website","url":"https:\/\/aveyronamont.fr\/","name":"SMBV2A","description":"BASSIN VERSANT AVEYRON AMONT","potentialAction":[{"@type":"SearchAction","target":{"@type":"EntryPoint","urlTemplate":"https:\/\/aveyronamont.fr\/?s={search_term_string}"},"query-input":{"@type":"PropertyValueSpecification","valueRequired":true,"valueName":"search_term_string"}}],"inLanguage":"en-US"}]}},"_links":{"self":[{"href":"https:\/\/aveyronamont.fr\/index.php\/wp-json\/wp\/v2\/pages\/41","targetHints":{"allow":["GET"]}}],"collection":[{"href":"https:\/\/aveyronamont.fr\/index.php\/wp-json\/wp\/v2\/pages"}],"about":[{"href":"https:\/\/aveyronamont.fr\/index.php\/wp-json\/wp\/v2\/types\/page"}],"author":[{"embeddable":true,"href":"https:\/\/aveyronamont.fr\/index.php\/wp-json\/wp\/v2\/users\/1"}],"replies":[{"embeddable":true,"href":"https:\/\/aveyronamont.fr\/index.php\/wp-json\/wp\/v2\/comments?post=41"}],"version-history":[{"count":18,"href":"https:\/\/aveyronamont.fr\/index.php\/wp-json\/wp\/v2\/pages\/41\/revisions"}],"predecessor-version":[{"id":3087,"href":"https:\/\/aveyronamont.fr\/index.php\/wp-json\/wp\/v2\/pages\/41\/revisions\/3087"}],"wp:featuredmedia":[{"embeddable":true,"href":"https:\/\/aveyronamont.fr\/index.php\/wp-json\/wp\/v2\/media\/497"}],"wp:attachment":[{"href":"https:\/\/aveyronamont.fr\/index.php\/wp-json\/wp\/v2\/media?parent=41"}],"curies":[{"name":"wp","href":"https:\/\/api.w.org\/{rel}","templated":true}]}}