{"id":406,"date":"2016-10-26T13:31:22","date_gmt":"2016-10-26T11:31:22","guid":{"rendered":"http:\/\/aveyronamont.fr\/?page_id=406"},"modified":"2023-11-08T16:30:12","modified_gmt":"2023-11-08T15:30:12","slug":"travaux-ppg","status":"publish","type":"page","link":"https:\/\/aveyronamont.fr\/index.php\/travaux-ppg\/","title":{"rendered":"Travaux rivi\u00e8re"},"content":{"rendered":"<p>&nbsp;<\/p>\n<h4>Le Plan Pluriannuel de Gestion des cours d&#8217;eau (PPG) vise \u00e0 programmer les travaux de gestion des cours d&#8217;eau et milieux associ\u00e9s sur 5 ann\u00e9es, en vue de contribuer \u00e0 l&#8217;atteinte du bon \u00e9tat des masses d&#8217;eau tout en prenant en compte les attentes locales.<\/h4>\n<h4>Son mode de construction en collaboration avec les acteurs locaux et propri\u00e9taires ou exploitants garantit que les op\u00e9rations men\u00e9es r\u00e9pondent \u00e0 un besoin, tant \u00e0 l&#8217;\u00e9chelle nationale que locale, toutes pr\u00e9sentant un int\u00e9r\u00eat g\u00e9n\u00e9ral.<\/h4>\n<h4>Les PPG sont soumis \u00e0 une D\u00e9claration d\u2019Int\u00e9r\u00eat G\u00e9n\u00e9ral (DIG) cette proc\u00e9dure administrative a pour vocation, conform\u00e9ment aux dispositions de l\u2019article L211-7 du code de l\u2019environnement, de l\u00e9gitimer l\u2019intervention des collectivit\u00e9s territoriales ex\u00e9cutant des travaux en rivi\u00e8re d\u2019int\u00e9r\u00eat g\u00e9n\u00e9ral sur des propri\u00e9t\u00e9s priv\u00e9es.<\/h4>\n<h4>Selon leur nature, les travaux du PPG sont financ\u00e9s par les fonds Europ\u00e9ens, l&#8217;Agence de l&#8217;eau Adour-Garonne, la r\u00e9gion Occitanie, le conseil d\u00e9partemental de l&#8217;Aveyron, 20% par les collectivit\u00e9s adh\u00e9rentes au SMBV2A.<\/h4>\n<h1>Bilan du PPG 2015-2021<\/h1>\n<p>Si le Plan Pluriannuel de Gestion (PPG) 2022-2031 suit son cours, le bilan de l\u2019ancien PPG a \u00e9t\u00e9 r\u00e9alis\u00e9. Cette \u00e9tape est indispensable pour identifier les facteurs de r\u00e9ussite, les freins et limites du programme d\u2019actions ainsi que les pistes d\u2019am\u00e9lioration.<\/p>\n<p>Dans le cadre du PPG 2015-2021, plusieurs types de travaux rivi\u00e8res ont \u00e9t\u00e9 r\u00e9alis\u00e9s afin d\u2019am\u00e9liorer le fonctionnement des cours d&#8217;eau et des milieux humides associ\u00e9 tout en contribuant \u00e0 la pr\u00e9vention des inondations. On peut classer ces travaux comme suit :<\/p>\n<ul>\n<li><strong>Les chantiers \u00ab traitement&nbsp;\u00bb de la ripisylve <\/strong>: traitements s\u00e9lectifs de la v\u00e9g\u00e9tation et enl\u00e8vements parcimonieux d\u2019emb\u00e2cles dans les zones \u00e0 enjeux importants<\/li>\n<li><strong>La rev\u00e9g\u00e9talisation des berges<\/strong> : plantations d\u2019essences locales pour restaurer une ripisylve (v\u00e9g\u00e9tation du bord des cours d\u2019eau) \u00e9quilibr\u00e9e<\/li>\n<li><strong>Les travaux de restauration hydromorphologique&nbsp;: <\/strong>recharges alluvionnaires et micro-seuils de fond, diversification des faci\u00e8s d\u2019\u00e9coulements, rem\u00e9andrage, renaturation ponctuelle du cours d\u2019eau par retour \u00e0 son lit d\u2019origine<\/li>\n<li><strong>Les mises en d\u00e9fens des berges pour limiter l\u2019acc\u00e8s direct du b\u00e9tail au cours d\u2019eau et r\u00e9duire l\u2019impact du pi\u00e9tinement sur le milieu<\/strong>: mise en place de cl\u00f4tures le long des cours d\u2019eau, de syst\u00e8mes d&#8217;abreuvement, r\u00e9am\u00e9nagements de passages \u00e0 gu\u00e9<\/li>\n<li><strong>La lutte contre les esp\u00e8ces invasives<\/strong>: veille et suivi des esp\u00e8ces exotiques envahissantes, actions en vue de leurs \u00e9radications<\/li>\n<\/ul>\n<p>Aujourd\u2019hui, sur le bassin versant Aveyron amont, les r\u00e9sultats <strong>sont particuli\u00e8rement encourageants<\/strong>.&nbsp; Effectivement, entre 2015 et 2021&nbsp;:<\/p>\n<ul>\n<li><strong>56,7km de berges de cours d\u2019eau ont \u00e9t\u00e9 pr\u00e9serv\u00e9es<\/strong> du pi\u00e9tinement gr\u00e2ce \u00e0 l\u2019implantation de cl\u00f4tures<\/li>\n<li><strong>34,5 km de berges ont \u00e9t\u00e9 rev\u00e9g\u00e9talis\u00e9es <\/strong>par la plantation d&#8217;essences locales et diversifi\u00e9es<\/li>\n<li><strong>101km de berges ont \u00e9t\u00e9 \u00ab&nbsp;trait\u00e9es&nbsp;\u00bb<\/strong> (enl\u00e8vements d\u2019emb\u00e2cles, coupes s\u00e9lectives et ponctuelles d&#8217;arbres malades, p\u00e9rissants et d\u00e9stabilis\u00e9s)<\/li>\n<li><strong>5 km de cours d\u2019eau ont \u00e9t\u00e9 renatur\u00e9s<\/strong> (20 interventions de renaturation hydromorphologique r\u00e9alis\u00e9es sur 16 cours d&#8217;eau)<\/li>\n<li><strong>37 foyers d\u2019esp\u00e8ces invasives ont \u00e9t\u00e9 trait\u00e9s <\/strong><\/li>\n<\/ul>\n<p>Toutes ces actions s\u2019accompagnent d\u2019un travail <strong>de sensibilisation permanent, notamment aupr\u00e8s des scolaires<\/strong>. Entre 2015 et 2021, <strong>258 interventions \u00ab&nbsp;Mon \u00e9cole, Mon Cours d\u2019Eau&nbsp;\u00bb ont \u00e9t\u00e9 r\u00e9alis\u00e9es dans 55 communes, permettant d\u00e8s lors la sensibilisation de 5 502 \u00e9l\u00e8ves. <\/strong><\/p>\n<h3>Aujourd\u2019hui, le bilan de toutes ces actions est disponible. N\u2019h\u00e9sitez pas \u00e0 parcourir le document <a href=\"http:\/\/aveyronamont.fr\/wp-content\/uploads\/2023\/11\/Maquette-bilan-PPG-2015-2021-format-8-pages.pdf\">Bilan PPG 2015-2021 <\/a>&nbsp;!<\/h3>\n<p>&nbsp;<\/p>\n<h4><span style=\"color: #ffcc00;\"><span style=\"color: #000000;\">Cliquez sur le sous-onglet correspondant \u00e0 votre territoire pour d\u00e9couvrir les travaux r\u00e9alis\u00e9s, en cours ou programm\u00e9s<\/span><br \/>\n<\/span><\/h4>\n<p>La <a href=\"http:\/\/aveyronamont.fr\/index.php\/carte-des-travaux-2\/\">carte interactive<\/a> vous permettra de visualiser les principales actions men\u00e9es \u00e0 l&#8217;\u00e9chelle du territoire.<\/p>\n","protected":false},"excerpt":{"rendered":"<p>&nbsp; Le Plan Pluriannuel de Gestion des cours d&#8217;eau (PPG) vise \u00e0 programmer les travaux de gestion des cours d&#8217;eau et milieux associ\u00e9s sur 5 ann\u00e9es, en vue de contribuer \u00e0 l&#8217;atteinte du bon \u00e9tat des masses d&#8217;eau tout en prenant en compte les attentes locales. Son mode de construction en collaboration avec les acteurs [&hellip;]<\/p>\n","protected":false},"author":1,"featured_media":0,"parent":0,"menu_order":0,"comment_status":"closed","ping_status":"closed","template":"","meta":{"ngg_post_thumbnail":0,"footnotes":""},"class_list":["post-406","page","type-page","status-publish","hentry"],"yoast_head":"<!-- This site is optimized with the Yoast SEO plugin v27.4 - https:\/\/yoast.com\/product\/yoast-seo-wordpress\/ -->\n<title>Travaux rivi\u00e8re - SMBV2A<\/title>\n<meta name=\"robots\" content=\"index, follow, max-snippet:-1, max-image-preview:large, max-video-preview:-1\" \/>\n<link rel=\"canonical\" href=\"https:\/\/aveyronamont.fr\/index.php\/travaux-ppg\/\" class=\"yoast-seo-meta-tag\" \/>\n<meta property=\"og:locale\" content=\"en_US\" class=\"yoast-seo-meta-tag\" \/>\n<meta property=\"og:type\" content=\"article\" class=\"yoast-seo-meta-tag\" \/>\n<meta property=\"og:title\" content=\"Travaux rivi\u00e8re - SMBV2A\" class=\"yoast-seo-meta-tag\" \/>\n<meta property=\"og:description\" content=\"&nbsp; Le Plan Pluriannuel de Gestion des cours d&#8217;eau (PPG) vise \u00e0 programmer les travaux de gestion des cours d&#8217;eau et milieux associ\u00e9s sur 5 ann\u00e9es, en vue de contribuer \u00e0 l&#8217;atteinte du bon \u00e9tat des masses d&#8217;eau tout en prenant en compte les attentes locales. Son mode de construction en collaboration avec les acteurs [&hellip;]\" class=\"yoast-seo-meta-tag\" \/>\n<meta property=\"og:url\" content=\"https:\/\/aveyronamont.fr\/index.php\/travaux-ppg\/\" class=\"yoast-seo-meta-tag\" \/>\n<meta property=\"og:site_name\" content=\"SMBV2A\" class=\"yoast-seo-meta-tag\" \/>\n<meta property=\"article:modified_time\" content=\"2023-11-08T15:30:12+00:00\" class=\"yoast-seo-meta-tag\" \/>\n<meta name=\"twitter:card\" content=\"summary_large_image\" class=\"yoast-seo-meta-tag\" \/>\n<meta name=\"twitter:label1\" content=\"Est. reading time\" class=\"yoast-seo-meta-tag\" \/>\n\t<meta name=\"twitter:data1\" content=\"3 minutes\" class=\"yoast-seo-meta-tag\" \/>\n<script type=\"application\/ld+json\" class=\"yoast-schema-graph\">{\"@context\":\"https:\\\/\\\/schema.org\",\"@graph\":[{\"@type\":\"WebPage\",\"@id\":\"https:\\\/\\\/aveyronamont.fr\\\/index.php\\\/travaux-ppg\\\/\",\"url\":\"https:\\\/\\\/aveyronamont.fr\\\/index.php\\\/travaux-ppg\\\/\",\"name\":\"Travaux rivi\u00e8re - SMBV2A\",\"isPartOf\":{\"@id\":\"https:\\\/\\\/aveyronamont.fr\\\/#website\"},\"datePublished\":\"2016-10-26T11:31:22+00:00\",\"dateModified\":\"2023-11-08T15:30:12+00:00\",\"breadcrumb\":{\"@id\":\"https:\\\/\\\/aveyronamont.fr\\\/index.php\\\/travaux-ppg\\\/#breadcrumb\"},\"inLanguage\":\"en-US\",\"potentialAction\":[{\"@type\":\"ReadAction\",\"target\":[\"https:\\\/\\\/aveyronamont.fr\\\/index.php\\\/travaux-ppg\\\/\"]}]},{\"@type\":\"BreadcrumbList\",\"@id\":\"https:\\\/\\\/aveyronamont.fr\\\/index.php\\\/travaux-ppg\\\/#breadcrumb\",\"itemListElement\":[{\"@type\":\"ListItem\",\"position\":1,\"name\":\"Accueil\",\"item\":\"https:\\\/\\\/aveyronamont.fr\\\/\"},{\"@type\":\"ListItem\",\"position\":2,\"name\":\"Travaux rivi\u00e8re\"}]},{\"@type\":\"WebSite\",\"@id\":\"https:\\\/\\\/aveyronamont.fr\\\/#website\",\"url\":\"https:\\\/\\\/aveyronamont.fr\\\/\",\"name\":\"SMBV2A\",\"description\":\"BASSIN VERSANT AVEYRON AMONT\",\"potentialAction\":[{\"@type\":\"SearchAction\",\"target\":{\"@type\":\"EntryPoint\",\"urlTemplate\":\"https:\\\/\\\/aveyronamont.fr\\\/?s={search_term_string}\"},\"query-input\":{\"@type\":\"PropertyValueSpecification\",\"valueRequired\":true,\"valueName\":\"search_term_string\"}}],\"inLanguage\":\"en-US\"}]}<\/script>\n<!-- \/ Yoast SEO plugin. -->","yoast_head_json":{"title":"Travaux rivi\u00e8re - SMBV2A","robots":{"index":"index","follow":"follow","max-snippet":"max-snippet:-1","max-image-preview":"max-image-preview:large","max-video-preview":"max-video-preview:-1"},"canonical":"https:\/\/aveyronamont.fr\/index.php\/travaux-ppg\/","og_locale":"en_US","og_type":"article","og_title":"Travaux rivi\u00e8re - SMBV2A","og_description":"&nbsp; Le Plan Pluriannuel de Gestion des cours d&#8217;eau (PPG) vise \u00e0 programmer les travaux de gestion des cours d&#8217;eau et milieux associ\u00e9s sur 5 ann\u00e9es, en vue de contribuer \u00e0 l&#8217;atteinte du bon \u00e9tat des masses d&#8217;eau tout en prenant en compte les attentes locales. Son mode de construction en collaboration avec les acteurs [&hellip;]","og_url":"https:\/\/aveyronamont.fr\/index.php\/travaux-ppg\/","og_site_name":"SMBV2A","article_modified_time":"2023-11-08T15:30:12+00:00","twitter_card":"summary_large_image","twitter_misc":{"Est. reading time":"3 minutes"},"schema":{"@context":"https:\/\/schema.org","@graph":[{"@type":"WebPage","@id":"https:\/\/aveyronamont.fr\/index.php\/travaux-ppg\/","url":"https:\/\/aveyronamont.fr\/index.php\/travaux-ppg\/","name":"Travaux rivi\u00e8re - SMBV2A","isPartOf":{"@id":"https:\/\/aveyronamont.fr\/#website"},"datePublished":"2016-10-26T11:31:22+00:00","dateModified":"2023-11-08T15:30:12+00:00","breadcrumb":{"@id":"https:\/\/aveyronamont.fr\/index.php\/travaux-ppg\/#breadcrumb"},"inLanguage":"en-US","potentialAction":[{"@type":"ReadAction","target":["https:\/\/aveyronamont.fr\/index.php\/travaux-ppg\/"]}]},{"@type":"BreadcrumbList","@id":"https:\/\/aveyronamont.fr\/index.php\/travaux-ppg\/#breadcrumb","itemListElement":[{"@type":"ListItem","position":1,"name":"Accueil","item":"https:\/\/aveyronamont.fr\/"},{"@type":"ListItem","position":2,"name":"Travaux rivi\u00e8re"}]},{"@type":"WebSite","@id":"https:\/\/aveyronamont.fr\/#website","url":"https:\/\/aveyronamont.fr\/","name":"SMBV2A","description":"BASSIN VERSANT AVEYRON AMONT","potentialAction":[{"@type":"SearchAction","target":{"@type":"EntryPoint","urlTemplate":"https:\/\/aveyronamont.fr\/?s={search_term_string}"},"query-input":{"@type":"PropertyValueSpecification","valueRequired":true,"valueName":"search_term_string"}}],"inLanguage":"en-US"}]}},"_links":{"self":[{"href":"https:\/\/aveyronamont.fr\/index.php\/wp-json\/wp\/v2\/pages\/406","targetHints":{"allow":["GET"]}}],"collection":[{"href":"https:\/\/aveyronamont.fr\/index.php\/wp-json\/wp\/v2\/pages"}],"about":[{"href":"https:\/\/aveyronamont.fr\/index.php\/wp-json\/wp\/v2\/types\/page"}],"author":[{"embeddable":true,"href":"https:\/\/aveyronamont.fr\/index.php\/wp-json\/wp\/v2\/users\/1"}],"replies":[{"embeddable":true,"href":"https:\/\/aveyronamont.fr\/index.php\/wp-json\/wp\/v2\/comments?post=406"}],"version-history":[{"count":6,"href":"https:\/\/aveyronamont.fr\/index.php\/wp-json\/wp\/v2\/pages\/406\/revisions"}],"predecessor-version":[{"id":2892,"href":"https:\/\/aveyronamont.fr\/index.php\/wp-json\/wp\/v2\/pages\/406\/revisions\/2892"}],"wp:attachment":[{"href":"https:\/\/aveyronamont.fr\/index.php\/wp-json\/wp\/v2\/media?parent=406"}],"curies":[{"name":"wp","href":"https:\/\/api.w.org\/{rel}","templated":true}]}}