{"id":4,"date":"2016-10-05T09:39:43","date_gmt":"2016-10-05T07:39:43","guid":{"rendered":"http:\/\/aveyronamont.fr\/?page_id=4"},"modified":"2025-11-13T11:48:41","modified_gmt":"2025-11-13T10:48:41","slug":"le-territoire","status":"publish","type":"page","link":"https:\/\/aveyronamont.fr\/index.php\/le-territoire\/","title":{"rendered":"Le Territoire"},"content":{"rendered":"<p>&nbsp;<\/p>\n<p><em>Le Syndicat Mixte du Bassin Versant Aveyron Amont (SMBV2A) a pour objet la gestion et l\u2019am\u00e9nagement durables des cours d\u2019eau et milieux associ\u00e9s de son territoire du bassin versant de l\u2019Aveyron Amont, tout en contribuant \u00e0 la pr\u00e9vention des inondations. <\/em><\/p>\n<p>&nbsp;<\/p>\n<h4>13 communaut\u00e9s de communes, 1 d\u2019agglom\u00e9ration et 85 communes composent ce syndicat depuis les sources \u00e0 <a href=\"http:\/\/www.severaclechateau.fr\/\" target=\"_blank\" rel=\"noopener noreferrer\">S\u00e9verac le Ch\u00e2teau<\/a> jusqu\u2019\u00e0 son arriv\u00e9e dans le Tarn et Garonne \u00e0 Lagu\u00e9pie.<\/h4>\n<h4>Sur 1560 km\u00b2, la rivi\u00e8re Aveyron et ses affluents offrent une diversit\u00e9 remarquable de paysages, allant des contreforts du L\u00e9vezou en passant par les causses de Sauveterre et du Quercy jusqu&#8217;aux plateaux du S\u00e9gala.<\/h4>\n<h4>Ce bassin versant majoritairement rural, est ponctu\u00e9 par les p\u00f4les urbains de <a href=\"http:\/\/www.ville-rodez.fr\/\" target=\"_blank\" rel=\"noopener noreferrer\">Rodez<\/a> et <a href=\"http:\/\/www.villefranchederouergue.fr\/\" target=\"_blank\" rel=\"noopener noreferrer\">Villefranche de Rouergue<\/a>. Les activit\u00e9s pr\u00e9sentes sur ce territoire vont des grandes industries, fleurons du d\u00e9partement, \u00e0 l&#8217;agriculture et l&#8217;artisanat, garant de la dynamique locale.<\/h4>\n<p><img loading=\"lazy\" decoding=\"async\" class=\"wp-image-378 size-large aligncenter\" src=\"http:\/\/aveyronamont.fr\/wp-content\/uploads\/2016\/10\/TERRITOIRE-2-1024x724.jpeg\" alt=\"territoire\" width=\"750\" height=\"530\" srcset=\"https:\/\/aveyronamont.fr\/wp-content\/uploads\/2016\/10\/TERRITOIRE-2-1024x724.jpeg 1024w, https:\/\/aveyronamont.fr\/wp-content\/uploads\/2016\/10\/TERRITOIRE-2-300x212.jpeg 300w, https:\/\/aveyronamont.fr\/wp-content\/uploads\/2016\/10\/TERRITOIRE-2-768x543.jpeg 768w\" sizes=\"auto, (max-width: 750px) 100vw, 750px\" \/><\/p>\n<h4>Les \u00e9tablissements publics de coop\u00e9ration intercommunale (EPCI) :<\/h4>\n<ul>\n<li>Aubrac Lot Causse Tarn<\/li>\n<li>Aveyron Bas Segala Viaur<\/li>\n<li>Comtal Lot et Truy\u00e8re<\/li>\n<li><a href=\"http:\/\/www.cc-conques-marcillac.fr\/\">Conques-Marcillac<\/a><\/li>\n<li><a href=\"http:\/\/caussesaubrac.fr\/\">Des Causses \u00e0 l&#8217;Aubrac<\/a><\/li>\n<li><a href=\"http:\/\/www.grandvillefranchois.fr\/\">Ouest Aveyron Commaut\u00e9<\/a><\/li>\n<li>Levezou Pareloup<\/li>\n<li>Muse et Raspes<\/li>\n<li><a href=\"http:\/\/www.pays-rignacois.fr\/\">Pays Rignacois<\/a><\/li>\n<li>Pays de Salars<\/li>\n<li>Pays S\u00e9gali<\/li>\n<li><a href=\"http:\/\/www.cc-plateau-montbazens.fr\/\">Plateau de Montbazens<\/a><\/li>\n<li>Quercy Rouergue et Gorges de l&#8217;Aveyron<\/li>\n<li><a href=\"http:\/\/www.rodezagglo.fr\/\" target=\"_blank\" rel=\"noopener noreferrer\">Rodez Agglom\u00e9ration<\/a><\/li>\n<\/ul>\n<h4>Les communes :<\/h4>\n<ul>\n<li><a href=\"http:\/\/www.agen-d-aveyron.fr\/\" target=\"_blank\" rel=\"noopener noreferrer\">Agen d\u2019Aveyron<\/a><\/li>\n<li>Anglars Saint-F\u00e9lix<\/li>\n<li>Arques<\/li>\n<li><a href=\"http:\/\/www.baraqueville.fr\/\" target=\"_blank\" rel=\"noopener noreferrer\">Baraqueville<\/a><\/li>\n<li><a href=\"http:\/\/www.mairie-belcastel.fr\/\" target=\"_blank\" rel=\"noopener noreferrer\">Belcastel<\/a><\/li>\n<li>Berthol\u00e8ne<\/li>\n<li><a href=\"http:\/\/www.bor-et-bar.fr\/\" target=\"_blank\" rel=\"noopener noreferrer\">Bor-Et-Bar<\/a><\/li>\n<li><a href=\"http:\/\/www.bournazel-aveyron.fr\/\" target=\"_blank\" rel=\"noopener noreferrer\">Bournazel<\/a><\/li>\n<li>Boussac<\/li>\n<li>Brandonnet<\/li>\n<li>Calmont<\/li>\n<li>Campagnac<\/li>\n<li>Castanet (12)<\/li>\n<li>Castanet (82)<\/li>\n<li><a href=\"http:\/\/mairiedeclairvauxdaveyron.fr\/\" target=\"_blank\" rel=\"noopener noreferrer\">Clairvaux<\/a><\/li>\n<li><a href=\"http:\/\/www.colombies.fr\/\" target=\"_blank\" rel=\"noopener noreferrer\">Colombi\u00e8s<\/a><\/li>\n<li>Compolibat<\/li>\n<li><a href=\"http:\/\/www.druellebalsac.fr\/\">Druelle Balsac <\/a><\/li>\n<li><a href=\"http:\/\/www.escandolieres.fr\/\" target=\"_blank\" rel=\"noopener noreferrer\">Escandoli\u00e8res<\/a><\/li>\n<li><a href=\"http:\/\/flavin-aveyron.fr\/\">Flavin<\/a><\/li>\n<li>Gaillac d\u2019Aveyron<\/li>\n<li>Ginals<\/li>\n<li><a href=\"http:\/\/www.goutrens.fr\/\" target=\"_blank\" rel=\"noopener noreferrer\">Goutrens<\/a><\/li>\n<li><a href=\"http:\/\/www.lacapellebleys.fr\/\" target=\"_blank\" rel=\"noopener noreferrer\">La Capelle Bleys<\/a><\/li>\n<li><a href=\"http:\/\/www.lafouillade.fr\/\" target=\"_blank\" rel=\"noopener noreferrer\">La Fouillade<\/a><\/li>\n<li><a href=\"http:\/\/www.laloubiere.fr\/La-commune.aspx\" target=\"_blank\" rel=\"noopener noreferrer\">La Loubi\u00e8re<\/a><\/li>\n<li><a href=\"http:\/\/larouquette.org\/\" target=\"_blank\" rel=\"noopener noreferrer\">La Rouquette<\/a><\/li>\n<li>Lagu\u00e9pie<\/li>\n<li><a href=\"http:\/\/www.laissac-tourisme.com\/fr\/\" target=\"_blank\" rel=\"noopener noreferrer\">Laissac S\u00e9verac L\u2019\u00c9glise<\/a><\/li>\n<li><a href=\"http:\/\/www.lanuejouls.fr\/\" target=\"_blank\" rel=\"noopener noreferrer\">Lanu\u00e9jouls<\/a><\/li>\n<li>Le Bas S\u00e9gala<\/li>\n<li><a href=\"http:\/\/www.lemonastere.fr\/\">Le Monast\u00e8re<\/a><\/li>\n<li><a href=\"http:\/\/www.lescurejaoul.com\/\" target=\"_blank\" rel=\"noopener noreferrer\">Lescure-Jaoul<\/a><\/li>\n<li><a href=\"http:\/\/www.mairie-le-vibal.fr\/page-d-accueil\/\">Le Vibal<\/a><\/li>\n<li>Luc-la-Primaube<\/li>\n<li><a href=\"http:\/\/www.lunac-aveyron-rouergue.fr\/topic\/index.html\" target=\"_blank\" rel=\"noopener noreferrer\">Lunac<\/a><\/li>\n<li><a href=\"http:\/\/www.mairie-olemps.fr\/\">Olemps<\/a><\/li>\n<li><a href=\"http:\/\/www.onet-le-chateau.fr\/\">Onet-le-Ch\u00e2teau<\/a><\/li>\n<li>Maleville<\/li>\n<li>Manhac<\/li>\n<li><a href=\"http:\/\/www.martiel.fr\/\">Martiel<\/a><\/li>\n<li><a href=\"http:\/\/www.mayran.fr\/\" target=\"_blank\" rel=\"noopener noreferrer\">Mayran<\/a><\/li>\n<li><a href=\"http:\/\/www.mairie-monteils.fr\/\" target=\"_blank\" rel=\"noopener noreferrer\">Monteils<\/a><\/li>\n<li><a href=\"http:\/\/www.gages-montrozier.fr\/\" target=\"_blank\" rel=\"noopener noreferrer\">Montrozier<\/a><\/li>\n<li>Morlhon<\/li>\n<li><a href=\"http:\/\/www.moyrazes.fr\/\" target=\"_blank\" rel=\"noopener noreferrer\">Moyraz\u00e8s<\/a><\/li>\n<li><a href=\"http:\/\/www.najac.com\/\" target=\"_blank\" rel=\"noopener noreferrer\">Najac<\/a><\/li>\n<li>Palmas d&#8217;Aveyron<\/li>\n<li>Parisot<\/li>\n<li>Pierrefiche d&#8217;Olt<\/li>\n<li><a href=\"http:\/\/www.pontdesalars.fr\/\">Pont-de-Salars<\/a><\/li>\n<li><a href=\"http:\/\/www.previnquieres.fr\/\" target=\"_blank\" rel=\"noopener noreferrer\">Previnqui\u00e8res<\/a><\/li>\n<li><a href=\"http:\/\/www.privezac.fr\/\" target=\"_blank\" rel=\"noopener noreferrer\">Privezac<\/a><\/li>\n<li><a href=\"http:\/\/www.rieupeyroux.fr\/accueil\/index.php?accueil=1&amp;lang=fr\" target=\"_blank\" rel=\"noopener noreferrer\">Rieupeyroux<\/a><\/li>\n<li><a href=\"http:\/\/www.rignac.fr\/\" target=\"_blank\" rel=\"noopener noreferrer\">Rignac<\/a><\/li>\n<li><a href=\"http:\/\/www.ville-rodez.fr\/\">Rodez<\/a><\/li>\n<li><a href=\"http:\/\/www.roussennac.fr\/\" target=\"_blank\" rel=\"noopener noreferrer\">Roussennac<\/a><\/li>\n<li>Saint Andr\u00e9 de Najac<\/li>\n<li><a href=\"http:\/\/www.saintlaurentdolt.fr\/\">Saint-Laurent-d&#8217;Olt<\/a><\/li>\n<li><a href=\"http:\/\/saintmartindelenne.fr\/\" target=\"_blank\" rel=\"noopener noreferrer\">Saint Martin de Lenne<\/a><\/li>\n<li>Sainte-Radegonde<\/li>\n<li><a href=\"http:\/\/www.saintsaturnindelenne.fr\/\" target=\"_blank\" rel=\"noopener noreferrer\">Saint Saturnin de Lenne<\/a><\/li>\n<li><a href=\"http:\/\/salleslasource.fr\/\">Salles-la-Source<\/a><\/li>\n<li><a href=\"http:\/\/www.sanvensa.fr\/\" target=\"_blank\" rel=\"noopener noreferrer\">Sanvensa<\/a><\/li>\n<li><a href=\"https:\/\/www.savignac-aveyron.com\/\">Savignac<\/a><\/li>\n<li><a href=\"http:\/\/sebazac-concoures.fr\/\">S\u00e9bazac-Concour\u00e8s<\/a><\/li>\n<li><a href=\"http:\/\/www.severacdaveyron.fr\/commune-nouvelle\/\" target=\"_blank\" rel=\"noopener noreferrer\">S\u00e9verac d&#8217;Aveyron<\/a><\/li>\n<li>Toulonjac<\/li>\n<li>Valady<\/li>\n<li><a href=\"https:\/\/fr-fr.facebook.com\/mairie.vailhourles.12200\/\">Vailhourles<\/a><\/li>\n<li><a href=\"http:\/\/www.villefranchederouergue.fr\/\" target=\"_blank\" rel=\"noopener noreferrer\"> Villefranche de Rouergue<\/a><\/li>\n<li><a href=\"http:\/\/www.vimenet.com\/\" target=\"_blank\" rel=\"noopener noreferrer\">Vimenet<\/a><\/li>\n<li>&#8230;<\/li>\n<\/ul>\n<p>&nbsp;<\/p>\n<p>&nbsp;<\/p>\n","protected":false},"excerpt":{"rendered":"<p>&nbsp; Le Syndicat Mixte du Bassin Versant Aveyron Amont (SMBV2A) a pour objet la gestion et l\u2019am\u00e9nagement durables des cours d\u2019eau et milieux associ\u00e9s de son territoire du bassin versant de l\u2019Aveyron Amont, tout en contribuant \u00e0 la pr\u00e9vention des inondations. &nbsp; 13 communaut\u00e9s de communes, 1 d\u2019agglom\u00e9ration et 85 communes composent ce syndicat depuis [&hellip;]<\/p>\n","protected":false},"author":1,"featured_media":0,"parent":0,"menu_order":0,"comment_status":"closed","ping_status":"closed","template":"","meta":{"ngg_post_thumbnail":0,"footnotes":""},"class_list":["post-4","page","type-page","status-publish","hentry"],"yoast_head":"<!-- This site is optimized with the Yoast SEO plugin v27.4 - https:\/\/yoast.com\/product\/yoast-seo-wordpress\/ -->\n<title>Le Territoire - SMBV2A<\/title>\n<meta name=\"robots\" content=\"index, follow, max-snippet:-1, max-image-preview:large, max-video-preview:-1\" \/>\n<link rel=\"canonical\" href=\"https:\/\/aveyronamont.fr\/index.php\/le-territoire\/\" class=\"yoast-seo-meta-tag\" \/>\n<meta property=\"og:locale\" content=\"en_US\" class=\"yoast-seo-meta-tag\" \/>\n<meta property=\"og:type\" content=\"article\" class=\"yoast-seo-meta-tag\" \/>\n<meta property=\"og:title\" content=\"Le Territoire - SMBV2A\" class=\"yoast-seo-meta-tag\" \/>\n<meta property=\"og:description\" content=\"&nbsp; Le Syndicat Mixte du Bassin Versant Aveyron Amont (SMBV2A) a pour objet la gestion et l\u2019am\u00e9nagement durables des cours d\u2019eau et milieux associ\u00e9s de son territoire du bassin versant de l\u2019Aveyron Amont, tout en contribuant \u00e0 la pr\u00e9vention des inondations. &nbsp; 13 communaut\u00e9s de communes, 1 d\u2019agglom\u00e9ration et 85 communes composent ce syndicat depuis [&hellip;]\" class=\"yoast-seo-meta-tag\" \/>\n<meta property=\"og:url\" content=\"https:\/\/aveyronamont.fr\/index.php\/le-territoire\/\" class=\"yoast-seo-meta-tag\" \/>\n<meta property=\"og:site_name\" content=\"SMBV2A\" class=\"yoast-seo-meta-tag\" \/>\n<meta property=\"article:modified_time\" content=\"2025-11-13T10:48:41+00:00\" class=\"yoast-seo-meta-tag\" \/>\n<meta property=\"og:image\" content=\"https:\/\/aveyronamont.fr\/wp-content\/uploads\/2016\/10\/TERRITOIRE-2.jpeg\" class=\"yoast-seo-meta-tag\" \/>\n\t<meta property=\"og:image:width\" content=\"4960\" class=\"yoast-seo-meta-tag\" \/>\n\t<meta property=\"og:image:height\" content=\"3507\" class=\"yoast-seo-meta-tag\" \/>\n\t<meta property=\"og:image:type\" content=\"image\/jpeg\" class=\"yoast-seo-meta-tag\" \/>\n<meta name=\"twitter:card\" content=\"summary_large_image\" class=\"yoast-seo-meta-tag\" \/>\n<meta name=\"twitter:label1\" content=\"Est. reading time\" class=\"yoast-seo-meta-tag\" \/>\n\t<meta name=\"twitter:data1\" content=\"2 minutes\" class=\"yoast-seo-meta-tag\" \/>\n<script type=\"application\/ld+json\" class=\"yoast-schema-graph\">{\"@context\":\"https:\\\/\\\/schema.org\",\"@graph\":[{\"@type\":\"WebPage\",\"@id\":\"https:\\\/\\\/aveyronamont.fr\\\/index.php\\\/le-territoire\\\/\",\"url\":\"https:\\\/\\\/aveyronamont.fr\\\/index.php\\\/le-territoire\\\/\",\"name\":\"Le Territoire - SMBV2A\",\"isPartOf\":{\"@id\":\"https:\\\/\\\/aveyronamont.fr\\\/#website\"},\"primaryImageOfPage\":{\"@id\":\"https:\\\/\\\/aveyronamont.fr\\\/index.php\\\/le-territoire\\\/#primaryimage\"},\"image\":{\"@id\":\"https:\\\/\\\/aveyronamont.fr\\\/index.php\\\/le-territoire\\\/#primaryimage\"},\"thumbnailUrl\":\"http:\\\/\\\/aveyronamont.fr\\\/wp-content\\\/uploads\\\/2016\\\/10\\\/TERRITOIRE-2-1024x724.jpeg\",\"datePublished\":\"2016-10-05T07:39:43+00:00\",\"dateModified\":\"2025-11-13T10:48:41+00:00\",\"breadcrumb\":{\"@id\":\"https:\\\/\\\/aveyronamont.fr\\\/index.php\\\/le-territoire\\\/#breadcrumb\"},\"inLanguage\":\"en-US\",\"potentialAction\":[{\"@type\":\"ReadAction\",\"target\":[\"https:\\\/\\\/aveyronamont.fr\\\/index.php\\\/le-territoire\\\/\"]}]},{\"@type\":\"ImageObject\",\"inLanguage\":\"en-US\",\"@id\":\"https:\\\/\\\/aveyronamont.fr\\\/index.php\\\/le-territoire\\\/#primaryimage\",\"url\":\"https:\\\/\\\/aveyronamont.fr\\\/wp-content\\\/uploads\\\/2016\\\/10\\\/TERRITOIRE-2.jpeg\",\"contentUrl\":\"https:\\\/\\\/aveyronamont.fr\\\/wp-content\\\/uploads\\\/2016\\\/10\\\/TERRITOIRE-2.jpeg\",\"width\":4960,\"height\":3507},{\"@type\":\"BreadcrumbList\",\"@id\":\"https:\\\/\\\/aveyronamont.fr\\\/index.php\\\/le-territoire\\\/#breadcrumb\",\"itemListElement\":[{\"@type\":\"ListItem\",\"position\":1,\"name\":\"Accueil\",\"item\":\"https:\\\/\\\/aveyronamont.fr\\\/\"},{\"@type\":\"ListItem\",\"position\":2,\"name\":\"Le Territoire\"}]},{\"@type\":\"WebSite\",\"@id\":\"https:\\\/\\\/aveyronamont.fr\\\/#website\",\"url\":\"https:\\\/\\\/aveyronamont.fr\\\/\",\"name\":\"SMBV2A\",\"description\":\"BASSIN VERSANT AVEYRON AMONT\",\"potentialAction\":[{\"@type\":\"SearchAction\",\"target\":{\"@type\":\"EntryPoint\",\"urlTemplate\":\"https:\\\/\\\/aveyronamont.fr\\\/?s={search_term_string}\"},\"query-input\":{\"@type\":\"PropertyValueSpecification\",\"valueRequired\":true,\"valueName\":\"search_term_string\"}}],\"inLanguage\":\"en-US\"}]}<\/script>\n<!-- \/ Yoast SEO plugin. -->","yoast_head_json":{"title":"Le Territoire - SMBV2A","robots":{"index":"index","follow":"follow","max-snippet":"max-snippet:-1","max-image-preview":"max-image-preview:large","max-video-preview":"max-video-preview:-1"},"canonical":"https:\/\/aveyronamont.fr\/index.php\/le-territoire\/","og_locale":"en_US","og_type":"article","og_title":"Le Territoire - SMBV2A","og_description":"&nbsp; Le Syndicat Mixte du Bassin Versant Aveyron Amont (SMBV2A) a pour objet la gestion et l\u2019am\u00e9nagement durables des cours d\u2019eau et milieux associ\u00e9s de son territoire du bassin versant de l\u2019Aveyron Amont, tout en contribuant \u00e0 la pr\u00e9vention des inondations. &nbsp; 13 communaut\u00e9s de communes, 1 d\u2019agglom\u00e9ration et 85 communes composent ce syndicat depuis [&hellip;]","og_url":"https:\/\/aveyronamont.fr\/index.php\/le-territoire\/","og_site_name":"SMBV2A","article_modified_time":"2025-11-13T10:48:41+00:00","og_image":[{"width":4960,"height":3507,"url":"https:\/\/aveyronamont.fr\/wp-content\/uploads\/2016\/10\/TERRITOIRE-2.jpeg","type":"image\/jpeg"}],"twitter_card":"summary_large_image","twitter_misc":{"Est. reading time":"2 minutes"},"schema":{"@context":"https:\/\/schema.org","@graph":[{"@type":"WebPage","@id":"https:\/\/aveyronamont.fr\/index.php\/le-territoire\/","url":"https:\/\/aveyronamont.fr\/index.php\/le-territoire\/","name":"Le Territoire - SMBV2A","isPartOf":{"@id":"https:\/\/aveyronamont.fr\/#website"},"primaryImageOfPage":{"@id":"https:\/\/aveyronamont.fr\/index.php\/le-territoire\/#primaryimage"},"image":{"@id":"https:\/\/aveyronamont.fr\/index.php\/le-territoire\/#primaryimage"},"thumbnailUrl":"http:\/\/aveyronamont.fr\/wp-content\/uploads\/2016\/10\/TERRITOIRE-2-1024x724.jpeg","datePublished":"2016-10-05T07:39:43+00:00","dateModified":"2025-11-13T10:48:41+00:00","breadcrumb":{"@id":"https:\/\/aveyronamont.fr\/index.php\/le-territoire\/#breadcrumb"},"inLanguage":"en-US","potentialAction":[{"@type":"ReadAction","target":["https:\/\/aveyronamont.fr\/index.php\/le-territoire\/"]}]},{"@type":"ImageObject","inLanguage":"en-US","@id":"https:\/\/aveyronamont.fr\/index.php\/le-territoire\/#primaryimage","url":"https:\/\/aveyronamont.fr\/wp-content\/uploads\/2016\/10\/TERRITOIRE-2.jpeg","contentUrl":"https:\/\/aveyronamont.fr\/wp-content\/uploads\/2016\/10\/TERRITOIRE-2.jpeg","width":4960,"height":3507},{"@type":"BreadcrumbList","@id":"https:\/\/aveyronamont.fr\/index.php\/le-territoire\/#breadcrumb","itemListElement":[{"@type":"ListItem","position":1,"name":"Accueil","item":"https:\/\/aveyronamont.fr\/"},{"@type":"ListItem","position":2,"name":"Le Territoire"}]},{"@type":"WebSite","@id":"https:\/\/aveyronamont.fr\/#website","url":"https:\/\/aveyronamont.fr\/","name":"SMBV2A","description":"BASSIN VERSANT AVEYRON AMONT","potentialAction":[{"@type":"SearchAction","target":{"@type":"EntryPoint","urlTemplate":"https:\/\/aveyronamont.fr\/?s={search_term_string}"},"query-input":{"@type":"PropertyValueSpecification","valueRequired":true,"valueName":"search_term_string"}}],"inLanguage":"en-US"}]}},"_links":{"self":[{"href":"https:\/\/aveyronamont.fr\/index.php\/wp-json\/wp\/v2\/pages\/4","targetHints":{"allow":["GET"]}}],"collection":[{"href":"https:\/\/aveyronamont.fr\/index.php\/wp-json\/wp\/v2\/pages"}],"about":[{"href":"https:\/\/aveyronamont.fr\/index.php\/wp-json\/wp\/v2\/types\/page"}],"author":[{"embeddable":true,"href":"https:\/\/aveyronamont.fr\/index.php\/wp-json\/wp\/v2\/users\/1"}],"replies":[{"embeddable":true,"href":"https:\/\/aveyronamont.fr\/index.php\/wp-json\/wp\/v2\/comments?post=4"}],"version-history":[{"count":45,"href":"https:\/\/aveyronamont.fr\/index.php\/wp-json\/wp\/v2\/pages\/4\/revisions"}],"predecessor-version":[{"id":3101,"href":"https:\/\/aveyronamont.fr\/index.php\/wp-json\/wp\/v2\/pages\/4\/revisions\/3101"}],"wp:attachment":[{"href":"https:\/\/aveyronamont.fr\/index.php\/wp-json\/wp\/v2\/media?parent=4"}],"curies":[{"name":"wp","href":"https:\/\/api.w.org\/{rel}","templated":true}]}}