{"id":3242,"date":"2026-04-22T10:33:46","date_gmt":"2026-04-22T08:33:46","guid":{"rendered":"https:\/\/aveyronamont.fr\/?page_id=3242"},"modified":"2026-04-22T11:10:11","modified_gmt":"2026-04-22T09:10:11","slug":"guide-continuite","status":"publish","type":"page","link":"https:\/\/aveyronamont.fr\/index.php\/guide-continuite\/","title":{"rendered":"Guide Continuit\u00e9"},"content":{"rendered":"\n<p>T\u00e9l\u00e9chargez ici le guide <\/p>\n\n\n\n<div data-wp-interactive=\"core\/file\" class=\"wp-block-file\"><object data-wp-bind--hidden=\"!state.hasPdfPreview\" hidden class=\"wp-block-file__embed\" data=\"https:\/\/aveyronamont.fr\/wp-content\/uploads\/2026\/04\/GUIDE-CONTINUITE-Vcompressee.pdf\" type=\"application\/pdf\" style=\"width:100%;height:356px\" aria-label=\"Embed of GUIDE CONTINUITE.\"><\/object><a id=\"wp-block-file--media-b62a61d7-412c-4f29-8c07-235022b29857\" href=\"https:\/\/aveyronamont.fr\/wp-content\/uploads\/2026\/04\/GUIDE-CONTINUITE-Vcompressee.pdf\">GUIDE CONTINUITE<\/a><a href=\"https:\/\/aveyronamont.fr\/wp-content\/uploads\/2026\/04\/GUIDE-CONTINUITE-Vcompressee.pdf\" class=\"wp-block-file__button wp-element-button\" download aria-describedby=\"wp-block-file--media-b62a61d7-412c-4f29-8c07-235022b29857\">T\u00e9l\u00e9charger<\/a><\/div>\n\n\n\n<p>Ce guide a pour objectif d\u2019accompagner les propri\u00e9taires d\u2019ouvrages du bassin Aveyron Amont dans une gestion adapt\u00e9e aux milieux aquatiques. <\/p>\n\n\n\n<p>Il propose des conseils pratiques, des retours d\u2019exp\u00e9rience et des exemples concrets de r\u00e9alisations, afin de concilier usages et continuit\u00e9 \u00e9cologique. <\/p>\n\n\n\n<p>R\u00e9alis\u00e9 en partenariat avec l\u2019OFB, la DDT et l\u2019ARAM, il se veut \u00e0 la fois p\u00e9dagogique et op\u00e9rationnel. <\/p>\n\n\n\n<p><strong>Une version imprim\u00e9e est disponible sur simple demande.<\/strong><\/p>\n","protected":false},"excerpt":{"rendered":"<p>T\u00e9l\u00e9chargez ici le guide Ce guide a pour objectif d\u2019accompagner les propri\u00e9taires d\u2019ouvrages du bassin Aveyron Amont dans une gestion adapt\u00e9e aux milieux aquatiques. Il propose des conseils pratiques, des retours d\u2019exp\u00e9rience et des exemples concrets de r\u00e9alisations, afin de concilier usages et continuit\u00e9 \u00e9cologique. R\u00e9alis\u00e9 en partenariat avec l\u2019OFB, la DDT et l\u2019ARAM, il [&hellip;]<\/p>\n","protected":false},"author":1,"featured_media":0,"parent":0,"menu_order":0,"comment_status":"closed","ping_status":"closed","template":"","meta":{"ngg_post_thumbnail":0,"footnotes":""},"class_list":["post-3242","page","type-page","status-publish","hentry"],"yoast_head":"<!-- This site is optimized with the Yoast SEO plugin v27.4 - https:\/\/yoast.com\/product\/yoast-seo-wordpress\/ -->\n<title>Guide Continuit\u00e9 - SMBV2A<\/title>\n<meta name=\"robots\" content=\"index, follow, max-snippet:-1, max-image-preview:large, max-video-preview:-1\" \/>\n<link rel=\"canonical\" href=\"https:\/\/aveyronamont.fr\/index.php\/guide-continuite\/\" class=\"yoast-seo-meta-tag\" \/>\n<meta property=\"og:locale\" content=\"en_US\" class=\"yoast-seo-meta-tag\" \/>\n<meta property=\"og:type\" content=\"article\" class=\"yoast-seo-meta-tag\" \/>\n<meta property=\"og:title\" content=\"Guide Continuit\u00e9 - SMBV2A\" class=\"yoast-seo-meta-tag\" \/>\n<meta property=\"og:description\" content=\"T\u00e9l\u00e9chargez ici le guide Ce guide a pour objectif d\u2019accompagner les propri\u00e9taires d\u2019ouvrages du bassin Aveyron Amont dans une gestion adapt\u00e9e aux milieux aquatiques. Il propose des conseils pratiques, des retours d\u2019exp\u00e9rience et des exemples concrets de r\u00e9alisations, afin de concilier usages et continuit\u00e9 \u00e9cologique. R\u00e9alis\u00e9 en partenariat avec l\u2019OFB, la DDT et l\u2019ARAM, il [&hellip;]\" class=\"yoast-seo-meta-tag\" \/>\n<meta property=\"og:url\" content=\"https:\/\/aveyronamont.fr\/index.php\/guide-continuite\/\" class=\"yoast-seo-meta-tag\" \/>\n<meta property=\"og:site_name\" content=\"SMBV2A\" class=\"yoast-seo-meta-tag\" \/>\n<meta property=\"article:modified_time\" content=\"2026-04-22T09:10:11+00:00\" class=\"yoast-seo-meta-tag\" \/>\n<meta name=\"twitter:card\" content=\"summary_large_image\" class=\"yoast-seo-meta-tag\" \/>\n<meta name=\"twitter:label1\" content=\"Est. reading time\" class=\"yoast-seo-meta-tag\" \/>\n\t<meta name=\"twitter:data1\" content=\"1 minute\" class=\"yoast-seo-meta-tag\" \/>\n<script type=\"application\/ld+json\" class=\"yoast-schema-graph\">{\"@context\":\"https:\\\/\\\/schema.org\",\"@graph\":[{\"@type\":\"WebPage\",\"@id\":\"https:\\\/\\\/aveyronamont.fr\\\/index.php\\\/guide-continuite\\\/\",\"url\":\"https:\\\/\\\/aveyronamont.fr\\\/index.php\\\/guide-continuite\\\/\",\"name\":\"Guide Continuit\u00e9 - SMBV2A\",\"isPartOf\":{\"@id\":\"https:\\\/\\\/aveyronamont.fr\\\/#website\"},\"datePublished\":\"2026-04-22T08:33:46+00:00\",\"dateModified\":\"2026-04-22T09:10:11+00:00\",\"breadcrumb\":{\"@id\":\"https:\\\/\\\/aveyronamont.fr\\\/index.php\\\/guide-continuite\\\/#breadcrumb\"},\"inLanguage\":\"en-US\",\"potentialAction\":[{\"@type\":\"ReadAction\",\"target\":[\"https:\\\/\\\/aveyronamont.fr\\\/index.php\\\/guide-continuite\\\/\"]}]},{\"@type\":\"BreadcrumbList\",\"@id\":\"https:\\\/\\\/aveyronamont.fr\\\/index.php\\\/guide-continuite\\\/#breadcrumb\",\"itemListElement\":[{\"@type\":\"ListItem\",\"position\":1,\"name\":\"Accueil\",\"item\":\"https:\\\/\\\/aveyronamont.fr\\\/\"},{\"@type\":\"ListItem\",\"position\":2,\"name\":\"Guide Continuit\u00e9\"}]},{\"@type\":\"WebSite\",\"@id\":\"https:\\\/\\\/aveyronamont.fr\\\/#website\",\"url\":\"https:\\\/\\\/aveyronamont.fr\\\/\",\"name\":\"SMBV2A\",\"description\":\"BASSIN VERSANT AVEYRON AMONT\",\"potentialAction\":[{\"@type\":\"SearchAction\",\"target\":{\"@type\":\"EntryPoint\",\"urlTemplate\":\"https:\\\/\\\/aveyronamont.fr\\\/?s={search_term_string}\"},\"query-input\":{\"@type\":\"PropertyValueSpecification\",\"valueRequired\":true,\"valueName\":\"search_term_string\"}}],\"inLanguage\":\"en-US\"}]}<\/script>\n<!-- \/ Yoast SEO plugin. -->","yoast_head_json":{"title":"Guide Continuit\u00e9 - SMBV2A","robots":{"index":"index","follow":"follow","max-snippet":"max-snippet:-1","max-image-preview":"max-image-preview:large","max-video-preview":"max-video-preview:-1"},"canonical":"https:\/\/aveyronamont.fr\/index.php\/guide-continuite\/","og_locale":"en_US","og_type":"article","og_title":"Guide Continuit\u00e9 - SMBV2A","og_description":"T\u00e9l\u00e9chargez ici le guide Ce guide a pour objectif d\u2019accompagner les propri\u00e9taires d\u2019ouvrages du bassin Aveyron Amont dans une gestion adapt\u00e9e aux milieux aquatiques. Il propose des conseils pratiques, des retours d\u2019exp\u00e9rience et des exemples concrets de r\u00e9alisations, afin de concilier usages et continuit\u00e9 \u00e9cologique. R\u00e9alis\u00e9 en partenariat avec l\u2019OFB, la DDT et l\u2019ARAM, il [&hellip;]","og_url":"https:\/\/aveyronamont.fr\/index.php\/guide-continuite\/","og_site_name":"SMBV2A","article_modified_time":"2026-04-22T09:10:11+00:00","twitter_card":"summary_large_image","twitter_misc":{"Est. reading time":"1 minute"},"schema":{"@context":"https:\/\/schema.org","@graph":[{"@type":"WebPage","@id":"https:\/\/aveyronamont.fr\/index.php\/guide-continuite\/","url":"https:\/\/aveyronamont.fr\/index.php\/guide-continuite\/","name":"Guide Continuit\u00e9 - SMBV2A","isPartOf":{"@id":"https:\/\/aveyronamont.fr\/#website"},"datePublished":"2026-04-22T08:33:46+00:00","dateModified":"2026-04-22T09:10:11+00:00","breadcrumb":{"@id":"https:\/\/aveyronamont.fr\/index.php\/guide-continuite\/#breadcrumb"},"inLanguage":"en-US","potentialAction":[{"@type":"ReadAction","target":["https:\/\/aveyronamont.fr\/index.php\/guide-continuite\/"]}]},{"@type":"BreadcrumbList","@id":"https:\/\/aveyronamont.fr\/index.php\/guide-continuite\/#breadcrumb","itemListElement":[{"@type":"ListItem","position":1,"name":"Accueil","item":"https:\/\/aveyronamont.fr\/"},{"@type":"ListItem","position":2,"name":"Guide Continuit\u00e9"}]},{"@type":"WebSite","@id":"https:\/\/aveyronamont.fr\/#website","url":"https:\/\/aveyronamont.fr\/","name":"SMBV2A","description":"BASSIN VERSANT AVEYRON AMONT","potentialAction":[{"@type":"SearchAction","target":{"@type":"EntryPoint","urlTemplate":"https:\/\/aveyronamont.fr\/?s={search_term_string}"},"query-input":{"@type":"PropertyValueSpecification","valueRequired":true,"valueName":"search_term_string"}}],"inLanguage":"en-US"}]}},"_links":{"self":[{"href":"https:\/\/aveyronamont.fr\/index.php\/wp-json\/wp\/v2\/pages\/3242","targetHints":{"allow":["GET"]}}],"collection":[{"href":"https:\/\/aveyronamont.fr\/index.php\/wp-json\/wp\/v2\/pages"}],"about":[{"href":"https:\/\/aveyronamont.fr\/index.php\/wp-json\/wp\/v2\/types\/page"}],"author":[{"embeddable":true,"href":"https:\/\/aveyronamont.fr\/index.php\/wp-json\/wp\/v2\/users\/1"}],"replies":[{"embeddable":true,"href":"https:\/\/aveyronamont.fr\/index.php\/wp-json\/wp\/v2\/comments?post=3242"}],"version-history":[{"count":3,"href":"https:\/\/aveyronamont.fr\/index.php\/wp-json\/wp\/v2\/pages\/3242\/revisions"}],"predecessor-version":[{"id":3263,"href":"https:\/\/aveyronamont.fr\/index.php\/wp-json\/wp\/v2\/pages\/3242\/revisions\/3263"}],"wp:attachment":[{"href":"https:\/\/aveyronamont.fr\/index.php\/wp-json\/wp\/v2\/media?parent=3242"}],"curies":[{"name":"wp","href":"https:\/\/api.w.org\/{rel}","templated":true}]}}