{"id":3216,"date":"2026-04-21T17:39:51","date_gmt":"2026-04-21T15:39:51","guid":{"rendered":"https:\/\/aveyronamont.fr\/?page_id=3216"},"modified":"2026-04-22T11:08:28","modified_gmt":"2026-04-22T09:08:28","slug":"nouveau-elu","status":"publish","type":"page","link":"https:\/\/aveyronamont.fr\/index.php\/nouveau-elu\/","title":{"rendered":"Nouveaux Elus"},"content":{"rendered":"\n<h3 class=\"wp-block-heading\">Mieux comprendre la politique de l\u2019eau sur notre territoire Aveyron Amont<\/h3>\n\n\n\n<p>La gestion de l\u2019eau est aujourd\u2019hui un enjeu majeur pour les territoires : qualit\u00e9 de la ressource, pr\u00e9vention des inondations, adaptation au changement climatique, pr\u00e9servation de la biodiversit\u00e9\u2026<\/p>\n\n\n\n<p>En France, cette politique repose sur une organisation \u00e0 l\u2019\u00e9chelle des <strong>bassins versants<\/strong>, permettant d\u2019agir de mani\u00e8re coh\u00e9rente de l\u2019amont vers l\u2019aval. Elle mobilise de nombreux acteurs (collectivit\u00e9s, \u00c9tat, agences de l\u2019eau) autour d\u2019un objectif commun : atteindre le bon \u00e9tat des eaux et prot\u00e9ger les populations.<\/p>\n\n\n\n<p>Depuis 2018, les intercommunalit\u00e9s exercent la comp\u00e9tence <strong>GEMAPI (Gestion des Milieux Aquatiques et Pr\u00e9vention des Inondations)<\/strong>. Elle vise \u00e0 concilier am\u00e9nagement du territoire, fonctionnement naturel des cours d\u2019eau et gestion du risque inondation \u00e0 une \u00e9chelle pertinente.<\/p>\n\n\n\n<p>Pour vous accompagner dans la compr\u00e9hension de ces enjeux et du r\u00f4le de l\u2019EPAGE Aveyron Amont, nous mettons \u00e0 votre disposition plusieurs ressources p\u00e9dagogiques :<\/p>\n\n\n\n<ul class=\"wp-block-list\">\n<li>une plaquette de pr\u00e9sentation de l\u2019EPAGE <\/li>\n<\/ul>\n\n\n\n<div data-wp-interactive=\"core\/file\" class=\"wp-block-file\"><object data-wp-bind--hidden=\"!state.hasPdfPreview\" hidden class=\"wp-block-file__embed\" data=\"https:\/\/aveyronamont.fr\/wp-content\/uploads\/2026\/04\/EPAGEAveyronAmont_plaquettesimplifiee.pdf\" type=\"application\/pdf\" style=\"width:100%;height:600px\" aria-label=\"Embed of EPAGEAveyronAmont_plaquettesimplifi\u00e9e.\"><\/object><a id=\"wp-block-file--media-777fcebd-3751-45fe-affd-6f8b96649d62\" href=\"https:\/\/aveyronamont.fr\/wp-content\/uploads\/2026\/04\/EPAGEAveyronAmont_plaquettesimplifiee.pdf\">EPAGEAveyronAmont_plaquettesimplifi\u00e9e<\/a><a href=\"https:\/\/aveyronamont.fr\/wp-content\/uploads\/2026\/04\/EPAGEAveyronAmont_plaquettesimplifiee.pdf\" class=\"wp-block-file__button wp-element-button\" download aria-describedby=\"wp-block-file--media-777fcebd-3751-45fe-affd-6f8b96649d62\">T\u00e9l\u00e9charger<\/a><\/div>\n\n\n\n<ul class=\"wp-block-list\">\n<li>une vid\u00e9o courte pour comprendre la GEMAPI<\/li>\n<\/ul>\n\n\n\n<figure class=\"wp-block-embed is-type-video is-provider-youtube wp-block-embed-youtube wp-embed-aspect-16-9 wp-has-aspect-ratio\"><div class=\"wp-block-embed__wrapper\">\n<iframe loading=\"lazy\" title=\"Une nouvelle gestion des rivie\u0300res arrive a\u0300 l&#039;heure de la GEMAPI - Agence de l&#039;eau RMC\" width=\"750\" height=\"422\" src=\"https:\/\/www.youtube.com\/embed\/HEkodt8qKZE?feature=oembed\" frameborder=\"0\" allow=\"accelerometer; autoplay; clipboard-write; encrypted-media; gyroscope; picture-in-picture; web-share\" referrerpolicy=\"strict-origin-when-cross-origin\" allowfullscreen><\/iframe>\n<\/div><\/figure>\n\n\n\n<ul class=\"wp-block-list\">\n<li>un guide complet sur la politique de l\u2019eau r\u00e9alis\u00e9 par l&#8217;Agence de l&#8217;Eau Adour Garonne<\/li>\n<\/ul>\n\n\n\n<div class=\"wp-block-file\"><a id=\"wp-block-file--media-becfdc08-1f15-4692-ac81-406466283497\" href=\"https:\/\/aveyronamont.fr\/wp-content\/uploads\/2026\/04\/ADOURLEAUDICI0303BDweb4.pdf\">L Eau d&#8217;ICI<\/a><a href=\"https:\/\/aveyronamont.fr\/wp-content\/uploads\/2026\/04\/ADOURLEAUDICI0303BDweb4.pdf\" class=\"wp-block-file__button wp-element-button\" download aria-describedby=\"wp-block-file--media-becfdc08-1f15-4692-ac81-406466283497\">T\u00e9l\u00e9charger<\/a><\/div>\n\n\n\n<ul class=\"wp-block-list\">\n<li>le bilan des actions men\u00e9es sur le territoire entre 2020 et 2024<\/li>\n<\/ul>\n\n\n\n<div class=\"wp-block-file\"><a id=\"wp-block-file--media-14387f5d-ba1d-4296-af7b-a01745649243\" href=\"http:\/\/aveyronamont.fr\/wp-content\/uploads\/2026\/04\/BILAN-PAR-OPERATION-CONTEXTE.pdf\">CONTEXTE<\/a><a href=\"http:\/\/aveyronamont.fr\/wp-content\/uploads\/2026\/04\/BILAN-PAR-OPERATION-CONTEXTE.pdf\" class=\"wp-block-file__button wp-element-button\" download aria-describedby=\"wp-block-file--media-14387f5d-ba1d-4296-af7b-a01745649243\">T\u00e9l\u00e9charger<\/a><\/div>\n\n\n\n<div class=\"wp-block-file\"><a id=\"wp-block-file--media-0f0d62e7-5287-4c7b-9613-e33980307df7\" href=\"http:\/\/aveyronamont.fr\/wp-content\/uploads\/2026\/04\/BILAN-PAR-OPERATION-SOMMAIRE.pdf\">SOMMAIRE<\/a><a href=\"http:\/\/aveyronamont.fr\/wp-content\/uploads\/2026\/04\/BILAN-PAR-OPERATION-SOMMAIRE.pdf\" class=\"wp-block-file__button wp-element-button\" download aria-describedby=\"wp-block-file--media-0f0d62e7-5287-4c7b-9613-e33980307df7\">T\u00e9l\u00e9charger<\/a><\/div>\n\n\n\n<div class=\"wp-block-file\"><a id=\"wp-block-file--media-ad83a8da-2bc5-41ec-bf4e-4459bcf696e2\" href=\"http:\/\/aveyronamont.fr\/wp-content\/uploads\/2026\/04\/BILAN-VOLET-A-LUTTE-CONTRE-LES-POLLUTIONS.pdf\">LUTTE CONTRE LES POLLUTIONS<\/a><a href=\"http:\/\/aveyronamont.fr\/wp-content\/uploads\/2026\/04\/BILAN-VOLET-A-LUTTE-CONTRE-LES-POLLUTIONS.pdf\" class=\"wp-block-file__button wp-element-button\" download aria-describedby=\"wp-block-file--media-ad83a8da-2bc5-41ec-bf4e-4459bcf696e2\">T\u00e9l\u00e9charger<\/a><\/div>\n\n\n\n<div class=\"wp-block-file\"><a id=\"wp-block-file--media-4826d177-421e-4d55-939e-8dc795030d52\" href=\"http:\/\/aveyronamont.fr\/wp-content\/uploads\/2026\/04\/BILAN-VOLET-B1-GESTION-DES-MILIEUX-AQUATIQUES.pdf\">GESTION DES MILIEUX AQUATIQUES<\/a><a href=\"http:\/\/aveyronamont.fr\/wp-content\/uploads\/2026\/04\/BILAN-VOLET-B1-GESTION-DES-MILIEUX-AQUATIQUES.pdf\" class=\"wp-block-file__button wp-element-button\" download aria-describedby=\"wp-block-file--media-4826d177-421e-4d55-939e-8dc795030d52\">T\u00e9l\u00e9charger<\/a><\/div>\n\n\n\n<div class=\"wp-block-file\"><a id=\"wp-block-file--media-1ba202dd-5d49-4cbc-8c1e-8b2f136b4ea1\" href=\"http:\/\/aveyronamont.fr\/wp-content\/uploads\/2026\/04\/BILAN-VOLET-B2-PREVENTION-DES-INONDATIONS.pdf\">PREVENTION DES INONDATIONS<\/a><a href=\"http:\/\/aveyronamont.fr\/wp-content\/uploads\/2026\/04\/BILAN-VOLET-B2-PREVENTION-DES-INONDATIONS.pdf\" class=\"wp-block-file__button wp-element-button\" download aria-describedby=\"wp-block-file--media-1ba202dd-5d49-4cbc-8c1e-8b2f136b4ea1\">T\u00e9l\u00e9charger<\/a><\/div>\n\n\n\n<div class=\"wp-block-file\"><a id=\"wp-block-file--media-1c5d0fb1-3636-4fa6-a385-ccd7726e1816\" href=\"http:\/\/aveyronamont.fr\/wp-content\/uploads\/2026\/04\/BILAN-VOLET-B3-GESTION-DURABLE-DE-LA-RESSOURCE.pdf\">GESTION DURABLE DE LA RESSOURCE<\/a><a href=\"http:\/\/aveyronamont.fr\/wp-content\/uploads\/2026\/04\/BILAN-VOLET-B3-GESTION-DURABLE-DE-LA-RESSOURCE.pdf\" class=\"wp-block-file__button wp-element-button\" download aria-describedby=\"wp-block-file--media-1c5d0fb1-3636-4fa6-a385-ccd7726e1816\">T\u00e9l\u00e9charger<\/a><\/div>\n\n\n\n<div class=\"wp-block-file\"><a id=\"wp-block-file--media-86fb5f52-b68b-4a52-8893-58a716e4b15a\" href=\"http:\/\/aveyronamont.fr\/wp-content\/uploads\/2026\/04\/BILAN-VOLET-C-ASSURER-UNE-GESTION-CONCERTEE.pdf\">ASSURER UNE GESTION CONCERTEE<\/a><a href=\"http:\/\/aveyronamont.fr\/wp-content\/uploads\/2026\/04\/BILAN-VOLET-C-ASSURER-UNE-GESTION-CONCERTEE.pdf\" class=\"wp-block-file__button wp-element-button\" download aria-describedby=\"wp-block-file--media-86fb5f52-b68b-4a52-8893-58a716e4b15a\">T\u00e9l\u00e9charger<\/a><\/div>\n\n\n\n<p>Ces supports vous permettront d\u2019avoir une vision globale des enjeux, des comp\u00e9tences et des actions engag\u00e9es sur le bassin Aveyron Amont.<\/p>\n\n\n\n<p><\/p>\n","protected":false},"excerpt":{"rendered":"<p>Mieux comprendre la politique de l\u2019eau sur notre territoire Aveyron Amont La gestion de l\u2019eau est aujourd\u2019hui un enjeu majeur pour les territoires : qualit\u00e9 de la ressource, pr\u00e9vention des inondations, adaptation au changement climatique, pr\u00e9servation de la biodiversit\u00e9\u2026 En France, cette politique repose sur une organisation \u00e0 l\u2019\u00e9chelle des bassins versants, permettant d\u2019agir de [&hellip;]<\/p>\n","protected":false},"author":1,"featured_media":0,"parent":0,"menu_order":0,"comment_status":"closed","ping_status":"closed","template":"","meta":{"ngg_post_thumbnail":0,"footnotes":""},"class_list":["post-3216","page","type-page","status-publish","hentry"],"yoast_head":"<!-- This site is optimized with the Yoast SEO plugin v27.4 - https:\/\/yoast.com\/product\/yoast-seo-wordpress\/ -->\n<title>Nouveaux Elus - SMBV2A<\/title>\n<meta name=\"robots\" content=\"index, follow, max-snippet:-1, max-image-preview:large, max-video-preview:-1\" \/>\n<link rel=\"canonical\" href=\"https:\/\/aveyronamont.fr\/index.php\/nouveau-elu\/\" class=\"yoast-seo-meta-tag\" \/>\n<meta property=\"og:locale\" content=\"en_US\" class=\"yoast-seo-meta-tag\" \/>\n<meta property=\"og:type\" content=\"article\" class=\"yoast-seo-meta-tag\" \/>\n<meta property=\"og:title\" content=\"Nouveaux Elus - SMBV2A\" class=\"yoast-seo-meta-tag\" \/>\n<meta property=\"og:description\" content=\"Mieux comprendre la politique de l\u2019eau sur notre territoire Aveyron Amont La gestion de l\u2019eau est aujourd\u2019hui un enjeu majeur pour les territoires : qualit\u00e9 de la ressource, pr\u00e9vention des inondations, adaptation au changement climatique, pr\u00e9servation de la biodiversit\u00e9\u2026 En France, cette politique repose sur une organisation \u00e0 l\u2019\u00e9chelle des bassins versants, permettant d\u2019agir de [&hellip;]\" class=\"yoast-seo-meta-tag\" \/>\n<meta property=\"og:url\" content=\"https:\/\/aveyronamont.fr\/index.php\/nouveau-elu\/\" class=\"yoast-seo-meta-tag\" \/>\n<meta property=\"og:site_name\" content=\"SMBV2A\" class=\"yoast-seo-meta-tag\" \/>\n<meta property=\"article:modified_time\" content=\"2026-04-22T09:08:28+00:00\" class=\"yoast-seo-meta-tag\" \/>\n<meta name=\"twitter:card\" content=\"summary_large_image\" class=\"yoast-seo-meta-tag\" \/>\n<meta name=\"twitter:label1\" content=\"Est. reading time\" class=\"yoast-seo-meta-tag\" \/>\n\t<meta name=\"twitter:data1\" content=\"2 minutes\" class=\"yoast-seo-meta-tag\" \/>\n<script type=\"application\/ld+json\" class=\"yoast-schema-graph\">{\"@context\":\"https:\\\/\\\/schema.org\",\"@graph\":[{\"@type\":\"WebPage\",\"@id\":\"https:\\\/\\\/aveyronamont.fr\\\/index.php\\\/nouveau-elu\\\/\",\"url\":\"https:\\\/\\\/aveyronamont.fr\\\/index.php\\\/nouveau-elu\\\/\",\"name\":\"Nouveaux Elus - SMBV2A\",\"isPartOf\":{\"@id\":\"https:\\\/\\\/aveyronamont.fr\\\/#website\"},\"datePublished\":\"2026-04-21T15:39:51+00:00\",\"dateModified\":\"2026-04-22T09:08:28+00:00\",\"breadcrumb\":{\"@id\":\"https:\\\/\\\/aveyronamont.fr\\\/index.php\\\/nouveau-elu\\\/#breadcrumb\"},\"inLanguage\":\"en-US\",\"potentialAction\":[{\"@type\":\"ReadAction\",\"target\":[\"https:\\\/\\\/aveyronamont.fr\\\/index.php\\\/nouveau-elu\\\/\"]}]},{\"@type\":\"BreadcrumbList\",\"@id\":\"https:\\\/\\\/aveyronamont.fr\\\/index.php\\\/nouveau-elu\\\/#breadcrumb\",\"itemListElement\":[{\"@type\":\"ListItem\",\"position\":1,\"name\":\"Accueil\",\"item\":\"https:\\\/\\\/aveyronamont.fr\\\/\"},{\"@type\":\"ListItem\",\"position\":2,\"name\":\"Nouveaux Elus\"}]},{\"@type\":\"WebSite\",\"@id\":\"https:\\\/\\\/aveyronamont.fr\\\/#website\",\"url\":\"https:\\\/\\\/aveyronamont.fr\\\/\",\"name\":\"SMBV2A\",\"description\":\"BASSIN VERSANT AVEYRON AMONT\",\"potentialAction\":[{\"@type\":\"SearchAction\",\"target\":{\"@type\":\"EntryPoint\",\"urlTemplate\":\"https:\\\/\\\/aveyronamont.fr\\\/?s={search_term_string}\"},\"query-input\":{\"@type\":\"PropertyValueSpecification\",\"valueRequired\":true,\"valueName\":\"search_term_string\"}}],\"inLanguage\":\"en-US\"}]}<\/script>\n<!-- \/ Yoast SEO plugin. -->","yoast_head_json":{"title":"Nouveaux Elus - SMBV2A","robots":{"index":"index","follow":"follow","max-snippet":"max-snippet:-1","max-image-preview":"max-image-preview:large","max-video-preview":"max-video-preview:-1"},"canonical":"https:\/\/aveyronamont.fr\/index.php\/nouveau-elu\/","og_locale":"en_US","og_type":"article","og_title":"Nouveaux Elus - SMBV2A","og_description":"Mieux comprendre la politique de l\u2019eau sur notre territoire Aveyron Amont La gestion de l\u2019eau est aujourd\u2019hui un enjeu majeur pour les territoires : qualit\u00e9 de la ressource, pr\u00e9vention des inondations, adaptation au changement climatique, pr\u00e9servation de la biodiversit\u00e9\u2026 En France, cette politique repose sur une organisation \u00e0 l\u2019\u00e9chelle des bassins versants, permettant d\u2019agir de [&hellip;]","og_url":"https:\/\/aveyronamont.fr\/index.php\/nouveau-elu\/","og_site_name":"SMBV2A","article_modified_time":"2026-04-22T09:08:28+00:00","twitter_card":"summary_large_image","twitter_misc":{"Est. reading time":"2 minutes"},"schema":{"@context":"https:\/\/schema.org","@graph":[{"@type":"WebPage","@id":"https:\/\/aveyronamont.fr\/index.php\/nouveau-elu\/","url":"https:\/\/aveyronamont.fr\/index.php\/nouveau-elu\/","name":"Nouveaux Elus - SMBV2A","isPartOf":{"@id":"https:\/\/aveyronamont.fr\/#website"},"datePublished":"2026-04-21T15:39:51+00:00","dateModified":"2026-04-22T09:08:28+00:00","breadcrumb":{"@id":"https:\/\/aveyronamont.fr\/index.php\/nouveau-elu\/#breadcrumb"},"inLanguage":"en-US","potentialAction":[{"@type":"ReadAction","target":["https:\/\/aveyronamont.fr\/index.php\/nouveau-elu\/"]}]},{"@type":"BreadcrumbList","@id":"https:\/\/aveyronamont.fr\/index.php\/nouveau-elu\/#breadcrumb","itemListElement":[{"@type":"ListItem","position":1,"name":"Accueil","item":"https:\/\/aveyronamont.fr\/"},{"@type":"ListItem","position":2,"name":"Nouveaux Elus"}]},{"@type":"WebSite","@id":"https:\/\/aveyronamont.fr\/#website","url":"https:\/\/aveyronamont.fr\/","name":"SMBV2A","description":"BASSIN VERSANT AVEYRON AMONT","potentialAction":[{"@type":"SearchAction","target":{"@type":"EntryPoint","urlTemplate":"https:\/\/aveyronamont.fr\/?s={search_term_string}"},"query-input":{"@type":"PropertyValueSpecification","valueRequired":true,"valueName":"search_term_string"}}],"inLanguage":"en-US"}]}},"_links":{"self":[{"href":"https:\/\/aveyronamont.fr\/index.php\/wp-json\/wp\/v2\/pages\/3216","targetHints":{"allow":["GET"]}}],"collection":[{"href":"https:\/\/aveyronamont.fr\/index.php\/wp-json\/wp\/v2\/pages"}],"about":[{"href":"https:\/\/aveyronamont.fr\/index.php\/wp-json\/wp\/v2\/types\/page"}],"author":[{"embeddable":true,"href":"https:\/\/aveyronamont.fr\/index.php\/wp-json\/wp\/v2\/users\/1"}],"replies":[{"embeddable":true,"href":"https:\/\/aveyronamont.fr\/index.php\/wp-json\/wp\/v2\/comments?post=3216"}],"version-history":[{"count":8,"href":"https:\/\/aveyronamont.fr\/index.php\/wp-json\/wp\/v2\/pages\/3216\/revisions"}],"predecessor-version":[{"id":3260,"href":"https:\/\/aveyronamont.fr\/index.php\/wp-json\/wp\/v2\/pages\/3216\/revisions\/3260"}],"wp:attachment":[{"href":"https:\/\/aveyronamont.fr\/index.php\/wp-json\/wp\/v2\/media?parent=3216"}],"curies":[{"name":"wp","href":"https:\/\/api.w.org\/{rel}","templated":true}]}}