{"id":3194,"date":"2026-04-21T16:56:51","date_gmt":"2026-04-21T14:56:51","guid":{"rendered":"https:\/\/aveyronamont.fr\/?page_id=3194"},"modified":"2026-04-21T16:58:34","modified_gmt":"2026-04-21T14:58:34","slug":"sensibilisation","status":"publish","type":"page","link":"https:\/\/aveyronamont.fr\/index.php\/sensibilisation\/","title":{"rendered":"Sensibilisation"},"content":{"rendered":"\n<p>Pour vous pr\u00e9parer \u00e0 l&#8217;aventure, pour patienter, ou pour approfondir,&#8230; n&#8217;h\u00e9sitez pas \u00e0 consulter les ressources p\u00e9dagogiques sur l&#8217;eau de l&#8217;Agence de l&#8217;Eau Adour Garonne:<\/p>\n\n\n\n<ul class=\"wp-block-list\">\n<li><a href=\"http:\/\/www.eau-adour-garonne.fr\/fr\/informations-et-donnees\/mediatheque-d-adour-garonne\/les-deditions-de-l-agence\/les-documents-pedagogiques.html\" target=\"_blank\" rel=\"noreferrer noopener\">Pour les enseignants<\/a><\/li>\n\n\n\n<li><a href=\"http:\/\/www.coursdeau.com\/\" target=\"_blank\" rel=\"noreferrer noopener\">Pour les enfants<\/a><\/li>\n<\/ul>\n\n\n\n<h3 class=\"wp-block-heading\">Mon \u00e9cole mon cours d\u2019eau<\/h3>\n\n\n\n<p>Dans le cadre de sa mission de communication et sensibilisation, l&#8217;EPAGE Aveyron Amont propose chaque ann\u00e9e aux \u00e9coles primaires, de venir \u00e0 leur rencontre afin de leur faire d\u00e9couvrir l\u2019\u00e9cosyst\u00e8me rivi\u00e8re, sa dynamique, la diversit\u00e9 de ses habitats et leurs occupants (faune et flore).<\/p>\n\n\n\n<p>Concr\u00e8tement, les \u00e9l\u00e8ves b\u00e9n\u00e9ficient d\u2019une intervention en classe, suivie d\u2019une visite sur le terrain, sur le ruisseau le plus proche de leur \u00e9cole. Des ateliers ludiques en bord de rivi\u00e8re permettent d\u2019aborder diff\u00e9rents th\u00e8mes, en concertation avec l\u2019enseignant et en fonction des possibilit\u00e9s offertes par le site.<br>Cette op\u00e9ration vise chaque ann\u00e9e \u00e0 faire d\u00e9couvrir aux \u00e9l\u00e8ves de primaire du bassin versant, la richesse des milieux aquatiques et l&#8217;importance de les pr\u00e9server.<\/p>\n\n\n\n<p>Ainsi, 80 demi-journ\u00e9es , gratuites pour les \u00e9coles, sont r\u00e9serv\u00e9es chaque ann\u00e9e sur le territoire, avec le concours financier de l&#8217;Agence de l&#8217;Eau Adour Garonne, du Conseil D\u00e9partemental de l&#8217;Aveyron, de la R\u00e9gion Occitanie et de l&#8217;EPAGE Aveyron Amont.<\/p>\n\n\n\n<p>Pour vous inscrire, merci de nous contacter par mail ou par t\u00e9l\u00e9phone.<\/p>\n","protected":false},"excerpt":{"rendered":"<p>Pour vous pr\u00e9parer \u00e0 l&#8217;aventure, pour patienter, ou pour approfondir,&#8230; n&#8217;h\u00e9sitez pas \u00e0 consulter les ressources p\u00e9dagogiques sur l&#8217;eau de l&#8217;Agence de l&#8217;Eau Adour Garonne: Mon \u00e9cole mon cours d\u2019eau Dans le cadre de sa mission de communication et sensibilisation, l&#8217;EPAGE Aveyron Amont propose chaque ann\u00e9e aux \u00e9coles primaires, de venir \u00e0 leur rencontre afin [&hellip;]<\/p>\n","protected":false},"author":1,"featured_media":0,"parent":0,"menu_order":0,"comment_status":"closed","ping_status":"closed","template":"","meta":{"ngg_post_thumbnail":0,"footnotes":""},"class_list":["post-3194","page","type-page","status-publish","hentry"],"yoast_head":"<!-- This site is optimized with the Yoast SEO plugin v27.4 - https:\/\/yoast.com\/product\/yoast-seo-wordpress\/ -->\n<title>Sensibilisation - SMBV2A<\/title>\n<meta name=\"robots\" content=\"index, follow, max-snippet:-1, max-image-preview:large, max-video-preview:-1\" \/>\n<link rel=\"canonical\" href=\"https:\/\/aveyronamont.fr\/index.php\/sensibilisation\/\" class=\"yoast-seo-meta-tag\" \/>\n<meta property=\"og:locale\" content=\"en_US\" class=\"yoast-seo-meta-tag\" \/>\n<meta property=\"og:type\" content=\"article\" class=\"yoast-seo-meta-tag\" \/>\n<meta property=\"og:title\" content=\"Sensibilisation - SMBV2A\" class=\"yoast-seo-meta-tag\" \/>\n<meta property=\"og:description\" content=\"Pour vous pr\u00e9parer \u00e0 l&#8217;aventure, pour patienter, ou pour approfondir,&#8230; n&#8217;h\u00e9sitez pas \u00e0 consulter les ressources p\u00e9dagogiques sur l&#8217;eau de l&#8217;Agence de l&#8217;Eau Adour Garonne: Mon \u00e9cole mon cours d\u2019eau Dans le cadre de sa mission de communication et sensibilisation, l&#8217;EPAGE Aveyron Amont propose chaque ann\u00e9e aux \u00e9coles primaires, de venir \u00e0 leur rencontre afin [&hellip;]\" class=\"yoast-seo-meta-tag\" \/>\n<meta property=\"og:url\" content=\"https:\/\/aveyronamont.fr\/index.php\/sensibilisation\/\" class=\"yoast-seo-meta-tag\" \/>\n<meta property=\"og:site_name\" content=\"SMBV2A\" class=\"yoast-seo-meta-tag\" \/>\n<meta property=\"article:modified_time\" content=\"2026-04-21T14:58:34+00:00\" class=\"yoast-seo-meta-tag\" \/>\n<meta name=\"twitter:card\" content=\"summary_large_image\" class=\"yoast-seo-meta-tag\" \/>\n<meta name=\"twitter:label1\" content=\"Est. reading time\" class=\"yoast-seo-meta-tag\" \/>\n\t<meta name=\"twitter:data1\" content=\"1 minute\" class=\"yoast-seo-meta-tag\" \/>\n<script type=\"application\/ld+json\" class=\"yoast-schema-graph\">{\"@context\":\"https:\\\/\\\/schema.org\",\"@graph\":[{\"@type\":\"WebPage\",\"@id\":\"https:\\\/\\\/aveyronamont.fr\\\/index.php\\\/sensibilisation\\\/\",\"url\":\"https:\\\/\\\/aveyronamont.fr\\\/index.php\\\/sensibilisation\\\/\",\"name\":\"Sensibilisation - SMBV2A\",\"isPartOf\":{\"@id\":\"https:\\\/\\\/aveyronamont.fr\\\/#website\"},\"datePublished\":\"2026-04-21T14:56:51+00:00\",\"dateModified\":\"2026-04-21T14:58:34+00:00\",\"breadcrumb\":{\"@id\":\"https:\\\/\\\/aveyronamont.fr\\\/index.php\\\/sensibilisation\\\/#breadcrumb\"},\"inLanguage\":\"en-US\",\"potentialAction\":[{\"@type\":\"ReadAction\",\"target\":[\"https:\\\/\\\/aveyronamont.fr\\\/index.php\\\/sensibilisation\\\/\"]}]},{\"@type\":\"BreadcrumbList\",\"@id\":\"https:\\\/\\\/aveyronamont.fr\\\/index.php\\\/sensibilisation\\\/#breadcrumb\",\"itemListElement\":[{\"@type\":\"ListItem\",\"position\":1,\"name\":\"Accueil\",\"item\":\"https:\\\/\\\/aveyronamont.fr\\\/\"},{\"@type\":\"ListItem\",\"position\":2,\"name\":\"Sensibilisation\"}]},{\"@type\":\"WebSite\",\"@id\":\"https:\\\/\\\/aveyronamont.fr\\\/#website\",\"url\":\"https:\\\/\\\/aveyronamont.fr\\\/\",\"name\":\"SMBV2A\",\"description\":\"BASSIN VERSANT AVEYRON AMONT\",\"potentialAction\":[{\"@type\":\"SearchAction\",\"target\":{\"@type\":\"EntryPoint\",\"urlTemplate\":\"https:\\\/\\\/aveyronamont.fr\\\/?s={search_term_string}\"},\"query-input\":{\"@type\":\"PropertyValueSpecification\",\"valueRequired\":true,\"valueName\":\"search_term_string\"}}],\"inLanguage\":\"en-US\"}]}<\/script>\n<!-- \/ Yoast SEO plugin. -->","yoast_head_json":{"title":"Sensibilisation - SMBV2A","robots":{"index":"index","follow":"follow","max-snippet":"max-snippet:-1","max-image-preview":"max-image-preview:large","max-video-preview":"max-video-preview:-1"},"canonical":"https:\/\/aveyronamont.fr\/index.php\/sensibilisation\/","og_locale":"en_US","og_type":"article","og_title":"Sensibilisation - SMBV2A","og_description":"Pour vous pr\u00e9parer \u00e0 l&#8217;aventure, pour patienter, ou pour approfondir,&#8230; n&#8217;h\u00e9sitez pas \u00e0 consulter les ressources p\u00e9dagogiques sur l&#8217;eau de l&#8217;Agence de l&#8217;Eau Adour Garonne: Mon \u00e9cole mon cours d\u2019eau Dans le cadre de sa mission de communication et sensibilisation, l&#8217;EPAGE Aveyron Amont propose chaque ann\u00e9e aux \u00e9coles primaires, de venir \u00e0 leur rencontre afin [&hellip;]","og_url":"https:\/\/aveyronamont.fr\/index.php\/sensibilisation\/","og_site_name":"SMBV2A","article_modified_time":"2026-04-21T14:58:34+00:00","twitter_card":"summary_large_image","twitter_misc":{"Est. reading time":"1 minute"},"schema":{"@context":"https:\/\/schema.org","@graph":[{"@type":"WebPage","@id":"https:\/\/aveyronamont.fr\/index.php\/sensibilisation\/","url":"https:\/\/aveyronamont.fr\/index.php\/sensibilisation\/","name":"Sensibilisation - SMBV2A","isPartOf":{"@id":"https:\/\/aveyronamont.fr\/#website"},"datePublished":"2026-04-21T14:56:51+00:00","dateModified":"2026-04-21T14:58:34+00:00","breadcrumb":{"@id":"https:\/\/aveyronamont.fr\/index.php\/sensibilisation\/#breadcrumb"},"inLanguage":"en-US","potentialAction":[{"@type":"ReadAction","target":["https:\/\/aveyronamont.fr\/index.php\/sensibilisation\/"]}]},{"@type":"BreadcrumbList","@id":"https:\/\/aveyronamont.fr\/index.php\/sensibilisation\/#breadcrumb","itemListElement":[{"@type":"ListItem","position":1,"name":"Accueil","item":"https:\/\/aveyronamont.fr\/"},{"@type":"ListItem","position":2,"name":"Sensibilisation"}]},{"@type":"WebSite","@id":"https:\/\/aveyronamont.fr\/#website","url":"https:\/\/aveyronamont.fr\/","name":"SMBV2A","description":"BASSIN VERSANT AVEYRON AMONT","potentialAction":[{"@type":"SearchAction","target":{"@type":"EntryPoint","urlTemplate":"https:\/\/aveyronamont.fr\/?s={search_term_string}"},"query-input":{"@type":"PropertyValueSpecification","valueRequired":true,"valueName":"search_term_string"}}],"inLanguage":"en-US"}]}},"_links":{"self":[{"href":"https:\/\/aveyronamont.fr\/index.php\/wp-json\/wp\/v2\/pages\/3194","targetHints":{"allow":["GET"]}}],"collection":[{"href":"https:\/\/aveyronamont.fr\/index.php\/wp-json\/wp\/v2\/pages"}],"about":[{"href":"https:\/\/aveyronamont.fr\/index.php\/wp-json\/wp\/v2\/types\/page"}],"author":[{"embeddable":true,"href":"https:\/\/aveyronamont.fr\/index.php\/wp-json\/wp\/v2\/users\/1"}],"replies":[{"embeddable":true,"href":"https:\/\/aveyronamont.fr\/index.php\/wp-json\/wp\/v2\/comments?post=3194"}],"version-history":[{"count":2,"href":"https:\/\/aveyronamont.fr\/index.php\/wp-json\/wp\/v2\/pages\/3194\/revisions"}],"predecessor-version":[{"id":3198,"href":"https:\/\/aveyronamont.fr\/index.php\/wp-json\/wp\/v2\/pages\/3194\/revisions\/3198"}],"wp:attachment":[{"href":"https:\/\/aveyronamont.fr\/index.php\/wp-json\/wp\/v2\/media?parent=3194"}],"curies":[{"name":"wp","href":"https:\/\/api.w.org\/{rel}","templated":true}]}}