{"id":2920,"date":"2024-02-23T16:28:29","date_gmt":"2024-02-23T15:28:29","guid":{"rendered":"https:\/\/aveyronamont.fr\/?page_id=2920"},"modified":"2024-10-14T09:54:10","modified_gmt":"2024-10-14T07:54:10","slug":"prevention-des-inondations-pep-papi","status":"publish","type":"page","link":"https:\/\/aveyronamont.fr\/index.php\/prevention-des-inondations-pep-papi\/","title":{"rendered":"Pr\u00e9vention des inondations (PEP PAPI)"},"content":{"rendered":"\n<p><\/p>\n\n\n\n<p>Le risque d\u2019inondation est pr\u00e9sent sur le bassin Aveyron Amont : plus de 4000 b\u00e2timents et environ 3700 habitants sont expos\u00e9s aux crues. Alors que des parties de villes et villages historiques sont \u00e9pargn\u00e9es du fait du relief (Rodez, S\u00e9v\u00e9rac d\u2019Aveyron, Laissac, Berthol\u00e8ne\u2026), l\u2019\u00e9talement urbain contemporain, r\u00e9alis\u00e9 en bordure des cours d\u2019eau, rend certaines habitations et activit\u00e9s particuli\u00e8rement expos\u00e9es.<\/p>\n\n\n\n<p>A mi-parcours du contrat de rivi\u00e8re, et en prenant en compte les volont\u00e9s exprim\u00e9es localement par ses 14 EPCI adh\u00e9rents, le syndicat mixte du bassin versant Aveyron Amont (SMBV2A), a d\u00e9clar\u00e9 son intention d\u2019engager une d\u00e9marche PEP-PAPI Aveyron Amont \u00e0 Monsieur le Pr\u00e9fet coordonnateur du bassin Adour Garonne.<\/p>\n\n\n\n<p>L&#8217;outil PAPI (programme d&#8217;actions de pr\u00e9vention des inondations) est un engagement \u00ab moral \u00bb, technique et financier entre les ma\u00eetres d\u2019ouvrages locaux et les partenaires financiers (Europe, \u00c9tat, Agence de l\u2019Eau Adour Garonne, R\u00e9gion Occitanie, Conseil D\u00e9partemental de l\u2019Aveyron, \u2026).<\/p>\n\n\n\n<p class=\"has-text-align-left\">Le PEP (programme pr\u00e9alable d\u2019\u00e9tudes) est une premi\u00e8re phase pour \u00e9laborer et faire m\u00fbrir le projet de programme d\u2019actions de pr\u00e9vention des inondations (PAPI). L\u2019objectif principal de ce programme d\u2019\u00e9tudes est de : compl\u00e9ter la connaissance du territoire, associer les diverses parties prenantes, d\u00e9finir la strat\u00e9gie et le programme d\u2019actions du PAPI et \u00e9tudier les diff\u00e9rentes solutions alternatives.<\/p>\n\n\n\n<p>Vous pouvez t\u00e9l\u00e9charger la version finale du PEP ici :  <a href=\"https:\/\/aveyronamont.fr\/wp-content\/uploads\/2024\/10\/PEP_Aveyron_Amont_modifDREAL_VF-1.pdf\" target=\"_blank\" rel=\"noreferrer noopener\">https:\/\/aveyronamont.fr\/wp-content\/uploads\/2024\/10\/PEP_Aveyron_Amont_modifDREAL_VF-1.pdf<\/a><\/p>\n\n\n\n<div data-wp-interactive=\"core\/file\" class=\"wp-block-file\"><object data-wp-bind--hidden=\"!state.hasPdfPreview\" hidden class=\"wp-block-file__embed\" data=\"https:\/\/aveyronamont.fr\/wp-content\/uploads\/2024\/10\/PEP_Aveyron_Amont_modifDREAL_VF-1.pdf\" type=\"application\/pdf\" style=\"width:100%;height:600px\" aria-label=\"Embed of PEP_Aveyron_Amont_modifDREAL_VF-1.\"><\/object><a id=\"wp-block-file--media-0450d138-d50b-41ef-9ccd-23917b3fe3fb\" href=\"https:\/\/aveyronamont.fr\/wp-content\/uploads\/2024\/10\/PEP_Aveyron_Amont_modifDREAL_VF-1.pdf\">PEP_Aveyron_Amont_modifDREAL_VF-1<\/a><a href=\"https:\/\/aveyronamont.fr\/wp-content\/uploads\/2024\/10\/PEP_Aveyron_Amont_modifDREAL_VF-1.pdf\" class=\"wp-block-file__button wp-element-button\" download aria-describedby=\"wp-block-file--media-0450d138-d50b-41ef-9ccd-23917b3fe3fb\">T\u00e9l\u00e9charger<\/a><\/div>\n\n\n\n<div data-wp-interactive=\"core\/file\" class=\"wp-block-file\"><object data-wp-bind--hidden=\"!state.hasPdfPreview\" hidden class=\"wp-block-file__embed\" data=\"http:\/\/aveyronamont.fr\/wp-content\/uploads\/2024\/10\/PEP_Aveyron_Amont_modifDREAL_VF.pdf\" type=\"application\/pdf\" style=\"width:100%;height:600px\" aria-label=\"Embed of PEP EPAGE Aveyron Amont version finale 2024.\"><\/object><a id=\"wp-block-file--media-868f1cb6-5c97-4325-a691-85a6fc46c1ff\" href=\"http:\/\/aveyronamont.fr\/wp-content\/uploads\/2024\/10\/PEP_Aveyron_Amont_modifDREAL_VF.pdf\">PEP EPAGE Aveyron Amont version finale 2024<\/a><a href=\"http:\/\/aveyronamont.fr\/wp-content\/uploads\/2024\/10\/PEP_Aveyron_Amont_modifDREAL_VF.pdf\" class=\"wp-block-file__button wp-element-button\" download aria-describedby=\"wp-block-file--media-868f1cb6-5c97-4325-a691-85a6fc46c1ff\">T\u00e9l\u00e9charger<\/a><\/div>\n","protected":false},"excerpt":{"rendered":"<p>Le risque d\u2019inondation est pr\u00e9sent sur le bassin Aveyron Amont : plus de 4000 b\u00e2timents et environ 3700 habitants sont expos\u00e9s aux crues. Alors que des parties de villes et villages historiques sont \u00e9pargn\u00e9es du fait du relief (Rodez, S\u00e9v\u00e9rac d\u2019Aveyron, Laissac, Berthol\u00e8ne\u2026), l\u2019\u00e9talement urbain contemporain, r\u00e9alis\u00e9 en bordure des cours d\u2019eau, rend certaines habitations [&hellip;]<\/p>\n","protected":false},"author":1,"featured_media":0,"parent":0,"menu_order":0,"comment_status":"closed","ping_status":"closed","template":"","meta":{"ngg_post_thumbnail":0,"footnotes":""},"class_list":["post-2920","page","type-page","status-publish","hentry"],"yoast_head":"<!-- This site is optimized with the Yoast SEO plugin v24.7 - https:\/\/yoast.com\/wordpress\/plugins\/seo\/ -->\n<title>Pr\u00e9vention des inondations (PEP PAPI) - SMBV2A<\/title>\n<meta name=\"robots\" content=\"index, follow, max-snippet:-1, max-image-preview:large, max-video-preview:-1\" \/>\n<link rel=\"canonical\" href=\"https:\/\/aveyronamont.fr\/index.php\/prevention-des-inondations-pep-papi\/\" class=\"yoast-seo-meta-tag\" \/>\n<meta property=\"og:locale\" content=\"en_US\" class=\"yoast-seo-meta-tag\" \/>\n<meta property=\"og:type\" content=\"article\" class=\"yoast-seo-meta-tag\" \/>\n<meta property=\"og:title\" content=\"Pr\u00e9vention des inondations (PEP PAPI) - SMBV2A\" class=\"yoast-seo-meta-tag\" \/>\n<meta property=\"og:description\" content=\"Le risque d\u2019inondation est pr\u00e9sent sur le bassin Aveyron Amont : plus de 4000 b\u00e2timents et environ 3700 habitants sont expos\u00e9s aux crues. Alors que des parties de villes et villages historiques sont \u00e9pargn\u00e9es du fait du relief (Rodez, S\u00e9v\u00e9rac d\u2019Aveyron, Laissac, Berthol\u00e8ne\u2026), l\u2019\u00e9talement urbain contemporain, r\u00e9alis\u00e9 en bordure des cours d\u2019eau, rend certaines habitations [&hellip;]\" class=\"yoast-seo-meta-tag\" \/>\n<meta property=\"og:url\" content=\"https:\/\/aveyronamont.fr\/index.php\/prevention-des-inondations-pep-papi\/\" class=\"yoast-seo-meta-tag\" \/>\n<meta property=\"og:site_name\" content=\"SMBV2A\" class=\"yoast-seo-meta-tag\" \/>\n<meta property=\"article:modified_time\" content=\"2024-10-14T07:54:10+00:00\" class=\"yoast-seo-meta-tag\" \/>\n<meta name=\"twitter:card\" content=\"summary_large_image\" class=\"yoast-seo-meta-tag\" \/>\n<meta name=\"twitter:label1\" content=\"Est. reading time\" class=\"yoast-seo-meta-tag\" \/>\n\t<meta name=\"twitter:data1\" content=\"1 minute\" class=\"yoast-seo-meta-tag\" \/>\n<script type=\"application\/ld+json\" class=\"yoast-schema-graph\">{\"@context\":\"https:\/\/schema.org\",\"@graph\":[{\"@type\":\"WebPage\",\"@id\":\"https:\/\/aveyronamont.fr\/index.php\/prevention-des-inondations-pep-papi\/\",\"url\":\"https:\/\/aveyronamont.fr\/index.php\/prevention-des-inondations-pep-papi\/\",\"name\":\"Pr\u00e9vention des inondations (PEP PAPI) - SMBV2A\",\"isPartOf\":{\"@id\":\"https:\/\/aveyronamont.fr\/#website\"},\"datePublished\":\"2024-02-23T15:28:29+00:00\",\"dateModified\":\"2024-10-14T07:54:10+00:00\",\"breadcrumb\":{\"@id\":\"https:\/\/aveyronamont.fr\/index.php\/prevention-des-inondations-pep-papi\/#breadcrumb\"},\"inLanguage\":\"en-US\",\"potentialAction\":[{\"@type\":\"ReadAction\",\"target\":[\"https:\/\/aveyronamont.fr\/index.php\/prevention-des-inondations-pep-papi\/\"]}]},{\"@type\":\"BreadcrumbList\",\"@id\":\"https:\/\/aveyronamont.fr\/index.php\/prevention-des-inondations-pep-papi\/#breadcrumb\",\"itemListElement\":[{\"@type\":\"ListItem\",\"position\":1,\"name\":\"Accueil\",\"item\":\"https:\/\/aveyronamont.fr\/\"},{\"@type\":\"ListItem\",\"position\":2,\"name\":\"Pr\u00e9vention des inondations (PEP PAPI)\"}]},{\"@type\":\"WebSite\",\"@id\":\"https:\/\/aveyronamont.fr\/#website\",\"url\":\"https:\/\/aveyronamont.fr\/\",\"name\":\"SMBV2A\",\"description\":\"BASSIN VERSANT AVEYRON AMONT\",\"potentialAction\":[{\"@type\":\"SearchAction\",\"target\":{\"@type\":\"EntryPoint\",\"urlTemplate\":\"https:\/\/aveyronamont.fr\/?s={search_term_string}\"},\"query-input\":{\"@type\":\"PropertyValueSpecification\",\"valueRequired\":true,\"valueName\":\"search_term_string\"}}],\"inLanguage\":\"en-US\"}]}<\/script>\n<!-- \/ Yoast SEO plugin. -->","yoast_head_json":{"title":"Pr\u00e9vention des inondations (PEP PAPI) - SMBV2A","robots":{"index":"index","follow":"follow","max-snippet":"max-snippet:-1","max-image-preview":"max-image-preview:large","max-video-preview":"max-video-preview:-1"},"canonical":"https:\/\/aveyronamont.fr\/index.php\/prevention-des-inondations-pep-papi\/","og_locale":"en_US","og_type":"article","og_title":"Pr\u00e9vention des inondations (PEP PAPI) - SMBV2A","og_description":"Le risque d\u2019inondation est pr\u00e9sent sur le bassin Aveyron Amont : plus de 4000 b\u00e2timents et environ 3700 habitants sont expos\u00e9s aux crues. Alors que des parties de villes et villages historiques sont \u00e9pargn\u00e9es du fait du relief (Rodez, S\u00e9v\u00e9rac d\u2019Aveyron, Laissac, Berthol\u00e8ne\u2026), l\u2019\u00e9talement urbain contemporain, r\u00e9alis\u00e9 en bordure des cours d\u2019eau, rend certaines habitations [&hellip;]","og_url":"https:\/\/aveyronamont.fr\/index.php\/prevention-des-inondations-pep-papi\/","og_site_name":"SMBV2A","article_modified_time":"2024-10-14T07:54:10+00:00","twitter_card":"summary_large_image","twitter_misc":{"Est. reading time":"1 minute"},"schema":{"@context":"https:\/\/schema.org","@graph":[{"@type":"WebPage","@id":"https:\/\/aveyronamont.fr\/index.php\/prevention-des-inondations-pep-papi\/","url":"https:\/\/aveyronamont.fr\/index.php\/prevention-des-inondations-pep-papi\/","name":"Pr\u00e9vention des inondations (PEP PAPI) - SMBV2A","isPartOf":{"@id":"https:\/\/aveyronamont.fr\/#website"},"datePublished":"2024-02-23T15:28:29+00:00","dateModified":"2024-10-14T07:54:10+00:00","breadcrumb":{"@id":"https:\/\/aveyronamont.fr\/index.php\/prevention-des-inondations-pep-papi\/#breadcrumb"},"inLanguage":"en-US","potentialAction":[{"@type":"ReadAction","target":["https:\/\/aveyronamont.fr\/index.php\/prevention-des-inondations-pep-papi\/"]}]},{"@type":"BreadcrumbList","@id":"https:\/\/aveyronamont.fr\/index.php\/prevention-des-inondations-pep-papi\/#breadcrumb","itemListElement":[{"@type":"ListItem","position":1,"name":"Accueil","item":"https:\/\/aveyronamont.fr\/"},{"@type":"ListItem","position":2,"name":"Pr\u00e9vention des inondations (PEP PAPI)"}]},{"@type":"WebSite","@id":"https:\/\/aveyronamont.fr\/#website","url":"https:\/\/aveyronamont.fr\/","name":"SMBV2A","description":"BASSIN VERSANT AVEYRON AMONT","potentialAction":[{"@type":"SearchAction","target":{"@type":"EntryPoint","urlTemplate":"https:\/\/aveyronamont.fr\/?s={search_term_string}"},"query-input":{"@type":"PropertyValueSpecification","valueRequired":true,"valueName":"search_term_string"}}],"inLanguage":"en-US"}]}},"_links":{"self":[{"href":"https:\/\/aveyronamont.fr\/index.php\/wp-json\/wp\/v2\/pages\/2920","targetHints":{"allow":["GET"]}}],"collection":[{"href":"https:\/\/aveyronamont.fr\/index.php\/wp-json\/wp\/v2\/pages"}],"about":[{"href":"https:\/\/aveyronamont.fr\/index.php\/wp-json\/wp\/v2\/types\/page"}],"author":[{"embeddable":true,"href":"https:\/\/aveyronamont.fr\/index.php\/wp-json\/wp\/v2\/users\/1"}],"replies":[{"embeddable":true,"href":"https:\/\/aveyronamont.fr\/index.php\/wp-json\/wp\/v2\/comments?post=2920"}],"version-history":[{"count":7,"href":"https:\/\/aveyronamont.fr\/index.php\/wp-json\/wp\/v2\/pages\/2920\/revisions"}],"predecessor-version":[{"id":3003,"href":"https:\/\/aveyronamont.fr\/index.php\/wp-json\/wp\/v2\/pages\/2920\/revisions\/3003"}],"wp:attachment":[{"href":"https:\/\/aveyronamont.fr\/index.php\/wp-json\/wp\/v2\/media?parent=2920"}],"curies":[{"name":"wp","href":"https:\/\/api.w.org\/{rel}","templated":true}]}}