{"id":2904,"date":"2023-11-30T10:20:09","date_gmt":"2023-11-30T09:20:09","guid":{"rendered":"http:\/\/aveyronamont.fr\/?page_id=2904"},"modified":"2023-11-30T10:20:10","modified_gmt":"2023-11-30T09:20:10","slug":"guide-foret","status":"publish","type":"page","link":"https:\/\/aveyronamont.fr\/index.php\/guide-foret\/","title":{"rendered":"Guide For\u00eat"},"content":{"rendered":"\n<p>T\u00e9l\u00e9chargez ici le guide &#8220;<a href=\"http:\/\/aveyronamont.fr\/wp-content\/uploads\/2023\/11\/guide-24p-HD.pdf\" target=\"_blank\" rel=\"noreferrer noopener\">For\u00eats du bassin versant de l&#8217;Aveyron &#8211; Mieux prendre en compte les milieux aquatiques et le risque inondation&#8221; <\/a><\/p>\n","protected":false},"excerpt":{"rendered":"<p>T\u00e9l\u00e9chargez ici le guide &#8220;For\u00eats du bassin versant de l&#8217;Aveyron &#8211; Mieux prendre en compte les milieux aquatiques et le risque inondation&#8221;<\/p>\n","protected":false},"author":1,"featured_media":0,"parent":0,"menu_order":0,"comment_status":"closed","ping_status":"closed","template":"","meta":{"ngg_post_thumbnail":0,"footnotes":""},"class_list":["post-2904","page","type-page","status-publish","hentry"],"yoast_head":"<!-- This site is optimized with the Yoast SEO plugin v24.7 - https:\/\/yoast.com\/wordpress\/plugins\/seo\/ -->\n<title>Guide For\u00eat - SMBV2A<\/title>\n<meta name=\"robots\" content=\"index, follow, max-snippet:-1, max-image-preview:large, max-video-preview:-1\" \/>\n<link rel=\"canonical\" href=\"https:\/\/aveyronamont.fr\/index.php\/guide-foret\/\" class=\"yoast-seo-meta-tag\" \/>\n<meta property=\"og:locale\" content=\"en_US\" class=\"yoast-seo-meta-tag\" \/>\n<meta property=\"og:type\" content=\"article\" class=\"yoast-seo-meta-tag\" \/>\n<meta property=\"og:title\" content=\"Guide For\u00eat - SMBV2A\" class=\"yoast-seo-meta-tag\" \/>\n<meta property=\"og:description\" content=\"T\u00e9l\u00e9chargez ici le guide &#8220;For\u00eats du bassin versant de l&#8217;Aveyron &#8211; Mieux prendre en compte les milieux aquatiques et le risque inondation&#8221;\" class=\"yoast-seo-meta-tag\" \/>\n<meta property=\"og:url\" content=\"https:\/\/aveyronamont.fr\/index.php\/guide-foret\/\" class=\"yoast-seo-meta-tag\" \/>\n<meta property=\"og:site_name\" content=\"SMBV2A\" class=\"yoast-seo-meta-tag\" \/>\n<meta property=\"article:modified_time\" content=\"2023-11-30T09:20:10+00:00\" class=\"yoast-seo-meta-tag\" \/>\n<meta name=\"twitter:card\" content=\"summary_large_image\" class=\"yoast-seo-meta-tag\" \/>\n<meta name=\"twitter:label1\" content=\"Est. reading time\" class=\"yoast-seo-meta-tag\" \/>\n\t<meta name=\"twitter:data1\" content=\"1 minute\" class=\"yoast-seo-meta-tag\" \/>\n<script type=\"application\/ld+json\" class=\"yoast-schema-graph\">{\"@context\":\"https:\/\/schema.org\",\"@graph\":[{\"@type\":\"WebPage\",\"@id\":\"https:\/\/aveyronamont.fr\/index.php\/guide-foret\/\",\"url\":\"https:\/\/aveyronamont.fr\/index.php\/guide-foret\/\",\"name\":\"Guide For\u00eat - SMBV2A\",\"isPartOf\":{\"@id\":\"https:\/\/aveyronamont.fr\/#website\"},\"datePublished\":\"2023-11-30T09:20:09+00:00\",\"dateModified\":\"2023-11-30T09:20:10+00:00\",\"breadcrumb\":{\"@id\":\"https:\/\/aveyronamont.fr\/index.php\/guide-foret\/#breadcrumb\"},\"inLanguage\":\"en-US\",\"potentialAction\":[{\"@type\":\"ReadAction\",\"target\":[\"https:\/\/aveyronamont.fr\/index.php\/guide-foret\/\"]}]},{\"@type\":\"BreadcrumbList\",\"@id\":\"https:\/\/aveyronamont.fr\/index.php\/guide-foret\/#breadcrumb\",\"itemListElement\":[{\"@type\":\"ListItem\",\"position\":1,\"name\":\"Accueil\",\"item\":\"https:\/\/aveyronamont.fr\/\"},{\"@type\":\"ListItem\",\"position\":2,\"name\":\"Guide For\u00eat\"}]},{\"@type\":\"WebSite\",\"@id\":\"https:\/\/aveyronamont.fr\/#website\",\"url\":\"https:\/\/aveyronamont.fr\/\",\"name\":\"SMBV2A\",\"description\":\"BASSIN VERSANT AVEYRON AMONT\",\"potentialAction\":[{\"@type\":\"SearchAction\",\"target\":{\"@type\":\"EntryPoint\",\"urlTemplate\":\"https:\/\/aveyronamont.fr\/?s={search_term_string}\"},\"query-input\":{\"@type\":\"PropertyValueSpecification\",\"valueRequired\":true,\"valueName\":\"search_term_string\"}}],\"inLanguage\":\"en-US\"}]}<\/script>\n<!-- \/ Yoast SEO plugin. -->","yoast_head_json":{"title":"Guide For\u00eat - SMBV2A","robots":{"index":"index","follow":"follow","max-snippet":"max-snippet:-1","max-image-preview":"max-image-preview:large","max-video-preview":"max-video-preview:-1"},"canonical":"https:\/\/aveyronamont.fr\/index.php\/guide-foret\/","og_locale":"en_US","og_type":"article","og_title":"Guide For\u00eat - SMBV2A","og_description":"T\u00e9l\u00e9chargez ici le guide &#8220;For\u00eats du bassin versant de l&#8217;Aveyron &#8211; Mieux prendre en compte les milieux aquatiques et le risque inondation&#8221;","og_url":"https:\/\/aveyronamont.fr\/index.php\/guide-foret\/","og_site_name":"SMBV2A","article_modified_time":"2023-11-30T09:20:10+00:00","twitter_card":"summary_large_image","twitter_misc":{"Est. reading time":"1 minute"},"schema":{"@context":"https:\/\/schema.org","@graph":[{"@type":"WebPage","@id":"https:\/\/aveyronamont.fr\/index.php\/guide-foret\/","url":"https:\/\/aveyronamont.fr\/index.php\/guide-foret\/","name":"Guide For\u00eat - SMBV2A","isPartOf":{"@id":"https:\/\/aveyronamont.fr\/#website"},"datePublished":"2023-11-30T09:20:09+00:00","dateModified":"2023-11-30T09:20:10+00:00","breadcrumb":{"@id":"https:\/\/aveyronamont.fr\/index.php\/guide-foret\/#breadcrumb"},"inLanguage":"en-US","potentialAction":[{"@type":"ReadAction","target":["https:\/\/aveyronamont.fr\/index.php\/guide-foret\/"]}]},{"@type":"BreadcrumbList","@id":"https:\/\/aveyronamont.fr\/index.php\/guide-foret\/#breadcrumb","itemListElement":[{"@type":"ListItem","position":1,"name":"Accueil","item":"https:\/\/aveyronamont.fr\/"},{"@type":"ListItem","position":2,"name":"Guide For\u00eat"}]},{"@type":"WebSite","@id":"https:\/\/aveyronamont.fr\/#website","url":"https:\/\/aveyronamont.fr\/","name":"SMBV2A","description":"BASSIN VERSANT AVEYRON AMONT","potentialAction":[{"@type":"SearchAction","target":{"@type":"EntryPoint","urlTemplate":"https:\/\/aveyronamont.fr\/?s={search_term_string}"},"query-input":{"@type":"PropertyValueSpecification","valueRequired":true,"valueName":"search_term_string"}}],"inLanguage":"en-US"}]}},"_links":{"self":[{"href":"https:\/\/aveyronamont.fr\/index.php\/wp-json\/wp\/v2\/pages\/2904","targetHints":{"allow":["GET"]}}],"collection":[{"href":"https:\/\/aveyronamont.fr\/index.php\/wp-json\/wp\/v2\/pages"}],"about":[{"href":"https:\/\/aveyronamont.fr\/index.php\/wp-json\/wp\/v2\/types\/page"}],"author":[{"embeddable":true,"href":"https:\/\/aveyronamont.fr\/index.php\/wp-json\/wp\/v2\/users\/1"}],"replies":[{"embeddable":true,"href":"https:\/\/aveyronamont.fr\/index.php\/wp-json\/wp\/v2\/comments?post=2904"}],"version-history":[{"count":2,"href":"https:\/\/aveyronamont.fr\/index.php\/wp-json\/wp\/v2\/pages\/2904\/revisions"}],"predecessor-version":[{"id":2908,"href":"https:\/\/aveyronamont.fr\/index.php\/wp-json\/wp\/v2\/pages\/2904\/revisions\/2908"}],"wp:attachment":[{"href":"https:\/\/aveyronamont.fr\/index.php\/wp-json\/wp\/v2\/media?parent=2904"}],"curies":[{"name":"wp","href":"https:\/\/api.w.org\/{rel}","templated":true}]}}