{"id":1591,"date":"2018-08-10T09:23:31","date_gmt":"2018-08-10T07:23:31","guid":{"rendered":"http:\/\/aveyronamont.fr\/?page_id=1591"},"modified":"2026-03-30T10:52:08","modified_gmt":"2026-03-30T08:52:08","slug":"marches-publics","status":"publish","type":"page","link":"https:\/\/aveyronamont.fr\/index.php\/marches-publics\/","title":{"rendered":"Consultation en cours"},"content":{"rendered":"\n<p><\/p>\n\n\n\n<p class=\"has-text-align-center\"><strong>FOURNITURE DE PIQUETS DE CLOTURES CHATAIGNIER &#8211; SAISON 2026<\/strong><\/p>\n\n\n\n<p class=\"has-text-align-left\">Dans le cadre de ses travaux de mise en d\u00e9fens des berges, l&#8217;EPAGE Aveyron amont souhaite se fournir en piquets pour la r\u00e9alisation de cl\u00f4tures. Le fichier ci-joint pr\u00e9cise les dimensions attendues, ainsi que le quantitatif pr\u00e9visionnel. Il est demand\u00e9 aux candidats de fournir une r\u00e9ponse avant le vendredi 3 avril 2026 \u00e0 midi, par mail \u00e0 chloe.fournel@aveyronamont.fr<\/p>\n\n\n\n<div class=\"wp-block-file\"><a id=\"wp-block-file--media-ef527350-66c2-40c3-8465-8c32e1a92ae5\" href=\"https:\/\/aveyronamont.fr\/wp-content\/uploads\/2026\/03\/demande-de-devis-piquets-clotures.xlsx\">demande de devis piquets clotures<\/a><a href=\"https:\/\/aveyronamont.fr\/wp-content\/uploads\/2026\/03\/demande-de-devis-piquets-clotures.xlsx\" class=\"wp-block-file__button wp-element-button\" download aria-describedby=\"wp-block-file--media-ef527350-66c2-40c3-8465-8c32e1a92ae5\">T\u00e9l\u00e9charger<\/a><\/div>\n\n\n\n<p class=\"has-text-align-center\"><strong>SUIVI 2026 DE LA QUALITE DE L\u2019EAU ET DES MILIEUX AQUATIQUES SUR LE BASSIN VERSANT AVEYRON AMONT<\/strong><\/p>\n\n\n\n<p class=\"has-text-align-left\">Depuis de nombreuses ann\u00e9es, la rivi\u00e8re Aveyron et ses principaux affluents font l&#8217;objet d&#8217;un suivi qualitatif des eaux avec le soutien de l\u2019agence de l\u2019eau Adour Garonne. Depuis le d\u00e9but de l&#8217;ann\u00e9e 2017, et en lien avec ses missions, le nouveau syndicat mixte du bassin versant Aveyron Amont (SMBV2A), assure la ma\u00eetrise d&#8217;ouvrage d\u2019un r\u00e9seau de suivi compl\u00e9mentaire \u00e0 celui de l\u2019Agence de l\u2019eau Adour Garonne.<\/p>\n\n\n\n<p>En 2026, il est pr\u00e9vu de poursuivre ce r\u00e9seau de suivi qualit\u00e9 sur le bassin versant Aveyron amont.&nbsp;<\/p>\n\n\n\n<div data-wp-interactive=\"core\/file\" class=\"wp-block-file\"><object data-wp-bind--hidden=\"!state.hasPdfPreview\" hidden class=\"wp-block-file__embed\" data=\"https:\/\/aveyronamont.fr\/wp-content\/uploads\/2025\/12\/DEVIS_suivi2026.pdf\" type=\"application\/pdf\" style=\"width:100%;height:600px\" aria-label=\"Embed of CCTP DEVIS_suivi 2026.\"><\/object><a id=\"wp-block-file--media-ce3b92d0-8146-4f7c-ba3c-b57ac29fbe47\" href=\"https:\/\/aveyronamont.fr\/wp-content\/uploads\/2025\/12\/DEVIS_suivi2026.pdf\">CCTP DEVIS_suivi 2026<\/a><a href=\"https:\/\/aveyronamont.fr\/wp-content\/uploads\/2025\/12\/DEVIS_suivi2026.pdf\" class=\"wp-block-file__button wp-element-button\" download aria-describedby=\"wp-block-file--media-ce3b92d0-8146-4f7c-ba3c-b57ac29fbe47\">T\u00e9l\u00e9charger<\/a><\/div>\n\n\n\n<p class=\"has-text-align-center\"><strong>\u00c9TUDE BACT\u00c9RIOLOGIQUE DE CERTAINS COURS D\u2019EAU DU BASSIN VERSANT AVEYRON AMONT &#8211; ANN\u00c9E 2025<\/strong><\/p>\n\n\n\n<p>De 2020 \u00e0 2022 une \u00e9tude port\u00e9e par le SMBV2A a \u00e9t\u00e9 r\u00e9alis\u00e9e afin connaitre la qualit\u00e9 bact\u00e9riologique des cours d\u2019eau du bassin versant Aveyron amont vis \u00e0 vis d\u2019enjeux baignade. Plusieurs communes souhaitent r\u00e9aliser des investigations compl\u00e9mentaires en 2025, objet de la pr\u00e9sente consultation.<\/p>\n\n\n\n<div class=\"wp-block-file\"><a id=\"wp-block-file--media-e73e2885-3f85-4f5b-a620-87074c293b07\" href=\"https:\/\/aveyronamont.fr\/wp-content\/uploads\/2025\/06\/CCTP_Etude-bacteriologiqueAVEYRON_2025_18062025.pdf\">CCTP_Etude bact\u00e9riologiqueAVEYRON_2025_18062025<\/a><a href=\"https:\/\/aveyronamont.fr\/wp-content\/uploads\/2025\/06\/CCTP_Etude-bacteriologiqueAVEYRON_2025_18062025.pdf\" class=\"wp-block-file__button wp-element-button\" download aria-describedby=\"wp-block-file--media-e73e2885-3f85-4f5b-a620-87074c293b07\">T\u00e9l\u00e9charger<\/a><\/div>\n\n\n\n<p><\/p>\n\n\n\n<p><\/p>\n\n\n\n<p class=\"has-text-align-center\"><strong>APPEL A MANIFESTATION D&#8217;INTERET POUR LES ANIMATIONS <\/strong><strong>&#8220;MON ECOLE MON COURS D&#8217;EAU&#8221; 2025-2026<\/strong><\/p>\n\n\n\n<p>le SMBV2A souhaite reconduire son programme d&#8217;animation dans les \u00e9coles \u00e9l\u00e9mentaires, intitul\u00e9 &#8220;Mon \u00c9cole Mon Cours d&#8217;Eau&#8221; pour l&#8217;ann\u00e9e scolaire 2025-2026.&nbsp;<br>Pour cela nous avons besoin d&#8217;\u00e9tablissements et de professionnels proposant des animations p\u00e9dagogiques autour de l&#8217;eau, \u00e0 destination des \u00e9l\u00e8ves de primaire.<br>Toutes les informations sont disponibles sur l&#8217;Appel \u00e0 Manifestation d&#8217;Int\u00e9r\u00eat (AMI), \u00e0 t\u00e9l\u00e9charger ci-dessous. Vous pouvez remplir et nous renvoyer sign\u00e9:<\/p>\n\n\n\n<ul class=\"wp-block-list\">\n<li>la fiche r\u00e9ponse<\/li>\n\n\n\n<li>la ou les fiches animations<\/li>\n<\/ul>\n\n\n\n<p>Par mail \u00e0 l&#8217;adresse : <strong><a href=\"mailto:contact@aveyronamont.fr\">contact@aveyronamont.fr<\/a><\/strong> ou par courrier<\/p>\n\n\n\n<div class=\"wp-block-file\"><a id=\"wp-block-file--media-6e3ea956-f746-49a4-a752-d1ba1c6f15ba\" href=\"https:\/\/aveyronamont.fr\/wp-content\/uploads\/2025\/06\/AMI-MEMCE-2025-2026-vf.pdf\">AMI MEMCE 2025-2026 vf<\/a><a href=\"https:\/\/aveyronamont.fr\/wp-content\/uploads\/2025\/06\/AMI-MEMCE-2025-2026-vf.pdf\" class=\"wp-block-file__button wp-element-button\" download aria-describedby=\"wp-block-file--media-6e3ea956-f746-49a4-a752-d1ba1c6f15ba\">T\u00e9l\u00e9charger<\/a><\/div>\n\n\n\n<div class=\"wp-block-file\"><a id=\"wp-block-file--media-90f65774-7900-4e7a-b3ba-47c3daa7e123\" href=\"https:\/\/aveyronamont.fr\/wp-content\/uploads\/2025\/06\/FICHE-ANIMATION-A-REMPLIR.pdf\">FICHE ANIMATION A REMPLIR<\/a><a href=\"https:\/\/aveyronamont.fr\/wp-content\/uploads\/2025\/06\/FICHE-ANIMATION-A-REMPLIR.pdf\" class=\"wp-block-file__button wp-element-button\" download aria-describedby=\"wp-block-file--media-90f65774-7900-4e7a-b3ba-47c3daa7e123\">T\u00e9l\u00e9charger<\/a><\/div>\n\n\n\n<div class=\"wp-block-file\"><a id=\"wp-block-file--media-494b6c15-f51d-44b0-a429-011998c1fdd6\" href=\"https:\/\/aveyronamont.fr\/wp-content\/uploads\/2025\/06\/FICHE-REPONSE-A-REMPLIR-2025-2026.pdf\">FICHE REPONSE A REMPLIR 2025-2026<\/a><a href=\"https:\/\/aveyronamont.fr\/wp-content\/uploads\/2025\/06\/FICHE-REPONSE-A-REMPLIR-2025-2026.pdf\" class=\"wp-block-file__button wp-element-button\" download aria-describedby=\"wp-block-file--media-494b6c15-f51d-44b0-a429-011998c1fdd6\">T\u00e9l\u00e9charger<\/a><\/div>\n","protected":false},"excerpt":{"rendered":"<p>FOURNITURE DE PIQUETS DE CLOTURES CHATAIGNIER &#8211; SAISON 2026 Dans le cadre de ses travaux de mise en d\u00e9fens des berges, l&#8217;EPAGE Aveyron amont souhaite se fournir en piquets pour la r\u00e9alisation de cl\u00f4tures. Le fichier ci-joint pr\u00e9cise les dimensions attendues, ainsi que le quantitatif pr\u00e9visionnel. Il est demand\u00e9 aux candidats de fournir une r\u00e9ponse [&hellip;]<\/p>\n","protected":false},"author":1,"featured_media":0,"parent":0,"menu_order":0,"comment_status":"closed","ping_status":"closed","template":"","meta":{"ngg_post_thumbnail":0,"footnotes":""},"class_list":["post-1591","page","type-page","status-publish","hentry"],"yoast_head":"<!-- This site is optimized with the Yoast SEO plugin v24.7 - https:\/\/yoast.com\/wordpress\/plugins\/seo\/ -->\n<title>Consultation en cours - SMBV2A<\/title>\n<meta name=\"robots\" content=\"index, follow, max-snippet:-1, max-image-preview:large, max-video-preview:-1\" \/>\n<link rel=\"canonical\" href=\"https:\/\/aveyronamont.fr\/index.php\/marches-publics\/\" class=\"yoast-seo-meta-tag\" \/>\n<meta property=\"og:locale\" content=\"en_US\" class=\"yoast-seo-meta-tag\" \/>\n<meta property=\"og:type\" content=\"article\" class=\"yoast-seo-meta-tag\" \/>\n<meta property=\"og:title\" content=\"Consultation en cours - SMBV2A\" class=\"yoast-seo-meta-tag\" \/>\n<meta property=\"og:description\" content=\"FOURNITURE DE PIQUETS DE CLOTURES CHATAIGNIER &#8211; SAISON 2026 Dans le cadre de ses travaux de mise en d\u00e9fens des berges, l&#8217;EPAGE Aveyron amont souhaite se fournir en piquets pour la r\u00e9alisation de cl\u00f4tures. Le fichier ci-joint pr\u00e9cise les dimensions attendues, ainsi que le quantitatif pr\u00e9visionnel. Il est demand\u00e9 aux candidats de fournir une r\u00e9ponse [&hellip;]\" class=\"yoast-seo-meta-tag\" \/>\n<meta property=\"og:url\" content=\"https:\/\/aveyronamont.fr\/index.php\/marches-publics\/\" class=\"yoast-seo-meta-tag\" \/>\n<meta property=\"og:site_name\" content=\"SMBV2A\" class=\"yoast-seo-meta-tag\" \/>\n<meta property=\"article:modified_time\" content=\"2026-03-30T08:52:08+00:00\" class=\"yoast-seo-meta-tag\" \/>\n<meta name=\"twitter:card\" content=\"summary_large_image\" class=\"yoast-seo-meta-tag\" \/>\n<meta name=\"twitter:label1\" content=\"Est. reading time\" class=\"yoast-seo-meta-tag\" \/>\n\t<meta name=\"twitter:data1\" content=\"2 minutes\" class=\"yoast-seo-meta-tag\" \/>\n<script type=\"application\/ld+json\" class=\"yoast-schema-graph\">{\"@context\":\"https:\/\/schema.org\",\"@graph\":[{\"@type\":\"WebPage\",\"@id\":\"https:\/\/aveyronamont.fr\/index.php\/marches-publics\/\",\"url\":\"https:\/\/aveyronamont.fr\/index.php\/marches-publics\/\",\"name\":\"Consultation en cours - SMBV2A\",\"isPartOf\":{\"@id\":\"https:\/\/aveyronamont.fr\/#website\"},\"datePublished\":\"2018-08-10T07:23:31+00:00\",\"dateModified\":\"2026-03-30T08:52:08+00:00\",\"breadcrumb\":{\"@id\":\"https:\/\/aveyronamont.fr\/index.php\/marches-publics\/#breadcrumb\"},\"inLanguage\":\"en-US\",\"potentialAction\":[{\"@type\":\"ReadAction\",\"target\":[\"https:\/\/aveyronamont.fr\/index.php\/marches-publics\/\"]}]},{\"@type\":\"BreadcrumbList\",\"@id\":\"https:\/\/aveyronamont.fr\/index.php\/marches-publics\/#breadcrumb\",\"itemListElement\":[{\"@type\":\"ListItem\",\"position\":1,\"name\":\"Accueil\",\"item\":\"https:\/\/aveyronamont.fr\/\"},{\"@type\":\"ListItem\",\"position\":2,\"name\":\"Consultation en cours\"}]},{\"@type\":\"WebSite\",\"@id\":\"https:\/\/aveyronamont.fr\/#website\",\"url\":\"https:\/\/aveyronamont.fr\/\",\"name\":\"SMBV2A\",\"description\":\"BASSIN VERSANT AVEYRON AMONT\",\"potentialAction\":[{\"@type\":\"SearchAction\",\"target\":{\"@type\":\"EntryPoint\",\"urlTemplate\":\"https:\/\/aveyronamont.fr\/?s={search_term_string}\"},\"query-input\":{\"@type\":\"PropertyValueSpecification\",\"valueRequired\":true,\"valueName\":\"search_term_string\"}}],\"inLanguage\":\"en-US\"}]}<\/script>\n<!-- \/ Yoast SEO plugin. -->","yoast_head_json":{"title":"Consultation en cours - SMBV2A","robots":{"index":"index","follow":"follow","max-snippet":"max-snippet:-1","max-image-preview":"max-image-preview:large","max-video-preview":"max-video-preview:-1"},"canonical":"https:\/\/aveyronamont.fr\/index.php\/marches-publics\/","og_locale":"en_US","og_type":"article","og_title":"Consultation en cours - SMBV2A","og_description":"FOURNITURE DE PIQUETS DE CLOTURES CHATAIGNIER &#8211; SAISON 2026 Dans le cadre de ses travaux de mise en d\u00e9fens des berges, l&#8217;EPAGE Aveyron amont souhaite se fournir en piquets pour la r\u00e9alisation de cl\u00f4tures. Le fichier ci-joint pr\u00e9cise les dimensions attendues, ainsi que le quantitatif pr\u00e9visionnel. Il est demand\u00e9 aux candidats de fournir une r\u00e9ponse [&hellip;]","og_url":"https:\/\/aveyronamont.fr\/index.php\/marches-publics\/","og_site_name":"SMBV2A","article_modified_time":"2026-03-30T08:52:08+00:00","twitter_card":"summary_large_image","twitter_misc":{"Est. reading time":"2 minutes"},"schema":{"@context":"https:\/\/schema.org","@graph":[{"@type":"WebPage","@id":"https:\/\/aveyronamont.fr\/index.php\/marches-publics\/","url":"https:\/\/aveyronamont.fr\/index.php\/marches-publics\/","name":"Consultation en cours - SMBV2A","isPartOf":{"@id":"https:\/\/aveyronamont.fr\/#website"},"datePublished":"2018-08-10T07:23:31+00:00","dateModified":"2026-03-30T08:52:08+00:00","breadcrumb":{"@id":"https:\/\/aveyronamont.fr\/index.php\/marches-publics\/#breadcrumb"},"inLanguage":"en-US","potentialAction":[{"@type":"ReadAction","target":["https:\/\/aveyronamont.fr\/index.php\/marches-publics\/"]}]},{"@type":"BreadcrumbList","@id":"https:\/\/aveyronamont.fr\/index.php\/marches-publics\/#breadcrumb","itemListElement":[{"@type":"ListItem","position":1,"name":"Accueil","item":"https:\/\/aveyronamont.fr\/"},{"@type":"ListItem","position":2,"name":"Consultation en cours"}]},{"@type":"WebSite","@id":"https:\/\/aveyronamont.fr\/#website","url":"https:\/\/aveyronamont.fr\/","name":"SMBV2A","description":"BASSIN VERSANT AVEYRON AMONT","potentialAction":[{"@type":"SearchAction","target":{"@type":"EntryPoint","urlTemplate":"https:\/\/aveyronamont.fr\/?s={search_term_string}"},"query-input":{"@type":"PropertyValueSpecification","valueRequired":true,"valueName":"search_term_string"}}],"inLanguage":"en-US"}]}},"_links":{"self":[{"href":"https:\/\/aveyronamont.fr\/index.php\/wp-json\/wp\/v2\/pages\/1591","targetHints":{"allow":["GET"]}}],"collection":[{"href":"https:\/\/aveyronamont.fr\/index.php\/wp-json\/wp\/v2\/pages"}],"about":[{"href":"https:\/\/aveyronamont.fr\/index.php\/wp-json\/wp\/v2\/types\/page"}],"author":[{"embeddable":true,"href":"https:\/\/aveyronamont.fr\/index.php\/wp-json\/wp\/v2\/users\/1"}],"replies":[{"embeddable":true,"href":"https:\/\/aveyronamont.fr\/index.php\/wp-json\/wp\/v2\/comments?post=1591"}],"version-history":[{"count":45,"href":"https:\/\/aveyronamont.fr\/index.php\/wp-json\/wp\/v2\/pages\/1591\/revisions"}],"predecessor-version":[{"id":3142,"href":"https:\/\/aveyronamont.fr\/index.php\/wp-json\/wp\/v2\/pages\/1591\/revisions\/3142"}],"wp:attachment":[{"href":"https:\/\/aveyronamont.fr\/index.php\/wp-json\/wp\/v2\/media?parent=1591"}],"curies":[{"name":"wp","href":"https:\/\/api.w.org\/{rel}","templated":true}]}}