{"id":11,"date":"2016-10-05T09:48:41","date_gmt":"2016-10-05T07:48:41","guid":{"rendered":"http:\/\/aveyronamont.fr\/?page_id=11"},"modified":"2026-04-21T13:47:03","modified_gmt":"2026-04-21T11:47:03","slug":"lhistoire","status":"publish","type":"page","link":"https:\/\/aveyronamont.fr\/index.php\/lhistoire\/","title":{"rendered":"L&#8217;Histoire"},"content":{"rendered":"<p>Le syndicat est issu de la volont\u00e9 des 3 anciennes structures gestionnaires des milieux aquatiques (le SIAH HVA, Rodez Agglom\u00e9ration, et le SIAV2A) de travailler ensemble \u00e0 l\u2019\u00e9chelle du bassin versant. Cette organisation traduit la n\u00e9cessit\u00e9 d\u2019assurer une <strong>gestion<\/strong> <strong>solidaire, tant amont\/aval qu\u2019urbain\/rural, <\/strong>des milieux aquatiques et de la pr\u00e9vention des inondations.<\/p>\n<p>Apr\u00e8s 4 ann\u00e9es de pr\u00e9figuration au sein de l\u2019association APCRAA le Syndicat Mixte du bassin Versant SMBV2A a \u00e9t\u00e9 cr\u00e9\u00e9 au 1<sup>er<\/sup> janvier 2017.<\/p>\n<p>En 2018, apr\u00e8s discussions avec les EPCI-FP, le syndicat prend en charge la <strong>comp\u00e9tence GEMAPI<\/strong>. En 2020 toutes les EPCI-FP du bassin versant adh\u00e9rent au SMBV2A.<\/p>\n<p>En 2024 le Syndicat Mixe du Bassin Versant Aveyron Amont obtient<strong> la lab\u00e9lisation EPAGE<\/strong>. Nous sommes reconnus comme l\u2019acteur de plein exercice pour la gestion et l\u2019am\u00e9nagement durable des cours d\u2019eau et milieux associ\u00e9s tout en contribuant \u00e0 la pr\u00e9vention des inondations. <strong>Le SMBV2A devient l\u2019EPAGE Aveyron Amont.<br><\/strong><\/p>\n<p>Depuis cette date, le SIAV2A et le SIAH HVA n&#8217;existent plus.<\/p>\n<p><img loading=\"lazy\" decoding=\"async\" class=\"aligncenter  wp-image-3150\" src=\"http:\/\/aveyronamont.fr\/wp-content\/uploads\/2026\/04\/histoireEPAGEAveyronAmont.gif\" alt=\"\" width=\"310\" height=\"653\"><\/p>\n<p>&nbsp;<\/p>\n\n\n<p><\/p>\n","protected":false},"excerpt":{"rendered":"<p>Le syndicat est issu de la volont\u00e9 des 3 anciennes structures gestionnaires des milieux aquatiques (le SIAH HVA, Rodez Agglom\u00e9ration, et le SIAV2A) de travailler ensemble \u00e0 l\u2019\u00e9chelle du bassin versant. Cette organisation traduit la n\u00e9cessit\u00e9 d\u2019assurer une gestion solidaire, tant amont\/aval qu\u2019urbain\/rural, des milieux aquatiques et de la pr\u00e9vention des inondations. Apr\u00e8s 4 ann\u00e9es [&hellip;]<\/p>\n","protected":false},"author":1,"featured_media":0,"parent":0,"menu_order":0,"comment_status":"closed","ping_status":"closed","template":"","meta":{"ngg_post_thumbnail":0,"footnotes":""},"class_list":["post-11","page","type-page","status-publish","hentry"],"yoast_head":"<!-- This site is optimized with the Yoast SEO plugin v27.4 - https:\/\/yoast.com\/product\/yoast-seo-wordpress\/ -->\n<title>L&#039;Histoire - SMBV2A<\/title>\n<meta name=\"robots\" content=\"index, follow, max-snippet:-1, max-image-preview:large, max-video-preview:-1\" \/>\n<link rel=\"canonical\" href=\"https:\/\/aveyronamont.fr\/index.php\/lhistoire\/\" class=\"yoast-seo-meta-tag\" \/>\n<meta property=\"og:locale\" content=\"en_US\" class=\"yoast-seo-meta-tag\" \/>\n<meta property=\"og:type\" content=\"article\" class=\"yoast-seo-meta-tag\" \/>\n<meta property=\"og:title\" content=\"L&#039;Histoire - SMBV2A\" class=\"yoast-seo-meta-tag\" \/>\n<meta property=\"og:description\" content=\"Le syndicat est issu de la volont\u00e9 des 3 anciennes structures gestionnaires des milieux aquatiques (le SIAH HVA, Rodez Agglom\u00e9ration, et le SIAV2A) de travailler ensemble \u00e0 l\u2019\u00e9chelle du bassin versant. Cette organisation traduit la n\u00e9cessit\u00e9 d\u2019assurer une gestion solidaire, tant amont\/aval qu\u2019urbain\/rural, des milieux aquatiques et de la pr\u00e9vention des inondations. Apr\u00e8s 4 ann\u00e9es [&hellip;]\" class=\"yoast-seo-meta-tag\" \/>\n<meta property=\"og:url\" content=\"https:\/\/aveyronamont.fr\/index.php\/lhistoire\/\" class=\"yoast-seo-meta-tag\" \/>\n<meta property=\"og:site_name\" content=\"SMBV2A\" class=\"yoast-seo-meta-tag\" \/>\n<meta property=\"article:modified_time\" content=\"2026-04-21T11:47:03+00:00\" class=\"yoast-seo-meta-tag\" \/>\n<meta property=\"og:image\" content=\"https:\/\/aveyronamont.fr\/wp-content\/uploads\/2026\/04\/histoireEPAGEAveyronAmont.gif\" class=\"yoast-seo-meta-tag\" \/>\n\t<meta property=\"og:image:width\" content=\"225\" class=\"yoast-seo-meta-tag\" \/>\n\t<meta property=\"og:image:height\" content=\"474\" class=\"yoast-seo-meta-tag\" \/>\n\t<meta property=\"og:image:type\" content=\"image\/gif\" class=\"yoast-seo-meta-tag\" \/>\n<meta name=\"twitter:card\" content=\"summary_large_image\" class=\"yoast-seo-meta-tag\" \/>\n<meta name=\"twitter:label1\" content=\"Est. reading time\" class=\"yoast-seo-meta-tag\" \/>\n\t<meta name=\"twitter:data1\" content=\"1 minute\" class=\"yoast-seo-meta-tag\" \/>\n<script type=\"application\/ld+json\" class=\"yoast-schema-graph\">{\"@context\":\"https:\\\/\\\/schema.org\",\"@graph\":[{\"@type\":\"WebPage\",\"@id\":\"https:\\\/\\\/aveyronamont.fr\\\/index.php\\\/lhistoire\\\/\",\"url\":\"https:\\\/\\\/aveyronamont.fr\\\/index.php\\\/lhistoire\\\/\",\"name\":\"L'Histoire - SMBV2A\",\"isPartOf\":{\"@id\":\"https:\\\/\\\/aveyronamont.fr\\\/#website\"},\"primaryImageOfPage\":{\"@id\":\"https:\\\/\\\/aveyronamont.fr\\\/index.php\\\/lhistoire\\\/#primaryimage\"},\"image\":{\"@id\":\"https:\\\/\\\/aveyronamont.fr\\\/index.php\\\/lhistoire\\\/#primaryimage\"},\"thumbnailUrl\":\"http:\\\/\\\/aveyronamont.fr\\\/wp-content\\\/uploads\\\/2026\\\/04\\\/histoireEPAGEAveyronAmont.gif\",\"datePublished\":\"2016-10-05T07:48:41+00:00\",\"dateModified\":\"2026-04-21T11:47:03+00:00\",\"breadcrumb\":{\"@id\":\"https:\\\/\\\/aveyronamont.fr\\\/index.php\\\/lhistoire\\\/#breadcrumb\"},\"inLanguage\":\"en-US\",\"potentialAction\":[{\"@type\":\"ReadAction\",\"target\":[\"https:\\\/\\\/aveyronamont.fr\\\/index.php\\\/lhistoire\\\/\"]}]},{\"@type\":\"ImageObject\",\"inLanguage\":\"en-US\",\"@id\":\"https:\\\/\\\/aveyronamont.fr\\\/index.php\\\/lhistoire\\\/#primaryimage\",\"url\":\"https:\\\/\\\/aveyronamont.fr\\\/wp-content\\\/uploads\\\/2026\\\/04\\\/histoireEPAGEAveyronAmont.gif\",\"contentUrl\":\"https:\\\/\\\/aveyronamont.fr\\\/wp-content\\\/uploads\\\/2026\\\/04\\\/histoireEPAGEAveyronAmont.gif\",\"width\":225,\"height\":474},{\"@type\":\"BreadcrumbList\",\"@id\":\"https:\\\/\\\/aveyronamont.fr\\\/index.php\\\/lhistoire\\\/#breadcrumb\",\"itemListElement\":[{\"@type\":\"ListItem\",\"position\":1,\"name\":\"Accueil\",\"item\":\"https:\\\/\\\/aveyronamont.fr\\\/\"},{\"@type\":\"ListItem\",\"position\":2,\"name\":\"L&rsquo;Histoire\"}]},{\"@type\":\"WebSite\",\"@id\":\"https:\\\/\\\/aveyronamont.fr\\\/#website\",\"url\":\"https:\\\/\\\/aveyronamont.fr\\\/\",\"name\":\"SMBV2A\",\"description\":\"BASSIN VERSANT AVEYRON AMONT\",\"potentialAction\":[{\"@type\":\"SearchAction\",\"target\":{\"@type\":\"EntryPoint\",\"urlTemplate\":\"https:\\\/\\\/aveyronamont.fr\\\/?s={search_term_string}\"},\"query-input\":{\"@type\":\"PropertyValueSpecification\",\"valueRequired\":true,\"valueName\":\"search_term_string\"}}],\"inLanguage\":\"en-US\"}]}<\/script>\n<!-- \/ Yoast SEO plugin. -->","yoast_head_json":{"title":"L'Histoire - SMBV2A","robots":{"index":"index","follow":"follow","max-snippet":"max-snippet:-1","max-image-preview":"max-image-preview:large","max-video-preview":"max-video-preview:-1"},"canonical":"https:\/\/aveyronamont.fr\/index.php\/lhistoire\/","og_locale":"en_US","og_type":"article","og_title":"L'Histoire - SMBV2A","og_description":"Le syndicat est issu de la volont\u00e9 des 3 anciennes structures gestionnaires des milieux aquatiques (le SIAH HVA, Rodez Agglom\u00e9ration, et le SIAV2A) de travailler ensemble \u00e0 l\u2019\u00e9chelle du bassin versant. Cette organisation traduit la n\u00e9cessit\u00e9 d\u2019assurer une gestion solidaire, tant amont\/aval qu\u2019urbain\/rural, des milieux aquatiques et de la pr\u00e9vention des inondations. Apr\u00e8s 4 ann\u00e9es [&hellip;]","og_url":"https:\/\/aveyronamont.fr\/index.php\/lhistoire\/","og_site_name":"SMBV2A","article_modified_time":"2026-04-21T11:47:03+00:00","og_image":[{"width":225,"height":474,"url":"https:\/\/aveyronamont.fr\/wp-content\/uploads\/2026\/04\/histoireEPAGEAveyronAmont.gif","type":"image\/gif"}],"twitter_card":"summary_large_image","twitter_misc":{"Est. reading time":"1 minute"},"schema":{"@context":"https:\/\/schema.org","@graph":[{"@type":"WebPage","@id":"https:\/\/aveyronamont.fr\/index.php\/lhistoire\/","url":"https:\/\/aveyronamont.fr\/index.php\/lhistoire\/","name":"L'Histoire - SMBV2A","isPartOf":{"@id":"https:\/\/aveyronamont.fr\/#website"},"primaryImageOfPage":{"@id":"https:\/\/aveyronamont.fr\/index.php\/lhistoire\/#primaryimage"},"image":{"@id":"https:\/\/aveyronamont.fr\/index.php\/lhistoire\/#primaryimage"},"thumbnailUrl":"http:\/\/aveyronamont.fr\/wp-content\/uploads\/2026\/04\/histoireEPAGEAveyronAmont.gif","datePublished":"2016-10-05T07:48:41+00:00","dateModified":"2026-04-21T11:47:03+00:00","breadcrumb":{"@id":"https:\/\/aveyronamont.fr\/index.php\/lhistoire\/#breadcrumb"},"inLanguage":"en-US","potentialAction":[{"@type":"ReadAction","target":["https:\/\/aveyronamont.fr\/index.php\/lhistoire\/"]}]},{"@type":"ImageObject","inLanguage":"en-US","@id":"https:\/\/aveyronamont.fr\/index.php\/lhistoire\/#primaryimage","url":"https:\/\/aveyronamont.fr\/wp-content\/uploads\/2026\/04\/histoireEPAGEAveyronAmont.gif","contentUrl":"https:\/\/aveyronamont.fr\/wp-content\/uploads\/2026\/04\/histoireEPAGEAveyronAmont.gif","width":225,"height":474},{"@type":"BreadcrumbList","@id":"https:\/\/aveyronamont.fr\/index.php\/lhistoire\/#breadcrumb","itemListElement":[{"@type":"ListItem","position":1,"name":"Accueil","item":"https:\/\/aveyronamont.fr\/"},{"@type":"ListItem","position":2,"name":"L&rsquo;Histoire"}]},{"@type":"WebSite","@id":"https:\/\/aveyronamont.fr\/#website","url":"https:\/\/aveyronamont.fr\/","name":"SMBV2A","description":"BASSIN VERSANT AVEYRON AMONT","potentialAction":[{"@type":"SearchAction","target":{"@type":"EntryPoint","urlTemplate":"https:\/\/aveyronamont.fr\/?s={search_term_string}"},"query-input":{"@type":"PropertyValueSpecification","valueRequired":true,"valueName":"search_term_string"}}],"inLanguage":"en-US"}]}},"_links":{"self":[{"href":"https:\/\/aveyronamont.fr\/index.php\/wp-json\/wp\/v2\/pages\/11","targetHints":{"allow":["GET"]}}],"collection":[{"href":"https:\/\/aveyronamont.fr\/index.php\/wp-json\/wp\/v2\/pages"}],"about":[{"href":"https:\/\/aveyronamont.fr\/index.php\/wp-json\/wp\/v2\/types\/page"}],"author":[{"embeddable":true,"href":"https:\/\/aveyronamont.fr\/index.php\/wp-json\/wp\/v2\/users\/1"}],"replies":[{"embeddable":true,"href":"https:\/\/aveyronamont.fr\/index.php\/wp-json\/wp\/v2\/comments?post=11"}],"version-history":[{"count":21,"href":"https:\/\/aveyronamont.fr\/index.php\/wp-json\/wp\/v2\/pages\/11\/revisions"}],"predecessor-version":[{"id":3151,"href":"https:\/\/aveyronamont.fr\/index.php\/wp-json\/wp\/v2\/pages\/11\/revisions\/3151"}],"wp:attachment":[{"href":"https:\/\/aveyronamont.fr\/index.php\/wp-json\/wp\/v2\/media?parent=11"}],"curies":[{"name":"wp","href":"https:\/\/api.w.org\/{rel}","templated":true}]}}